{"id":878,"date":"2025-01-21T13:59:11","date_gmt":"2025-01-21T13:59:11","guid":{"rendered":"https:\/\/chillisalon.cz\/?page_id=878"},"modified":"2026-01-21T21:50:02","modified_gmt":"2026-01-21T20:50:02","slug":"kontakt","status":"publish","type":"page","link":"https:\/\/chillisalon.cz\/en\/kontakt\/","title":{"rendered":"Contact"},"content":{"rendered":"<div id=\"page-header-1087821450\" class=\"page-header-wrapper\">\n  <div class=\"page-title light featured-title\">\n\n    \n    <div class=\"page-title-inner container align-center text-center flex-row-col medium-flex-wrap\" >\n              <div class=\"title-wrapper flex-col\">\n          <h1 class=\"entry-title mb-0\">\n            Contact          <\/h1>\n        <\/div>\n                    <div class=\"title-content flex-col\">\n        <div class=\"title-breadcrumbs pb-half pt-half\"><nav class=\"woocommerce-breadcrumb breadcrumbs uppercase\" aria-label=\"Breadcrumb\" data-no-translation=\"\" data-trp-gettext=\"\">Home<\/nav><\/div>      <\/div>\n    <\/div>\n\n       <\/div>\n    <\/div>\n  \n\n<div class=\"row row-full-width\"  id=\"row-1534192028\">\n\n\n\t<div id=\"col-327837866\" class=\"col small-12 large-12\"  >\n\t\t\t\t<div class=\"col-inner\"  >\n\t\t\t\n\t\t\t\n\n\t<div id=\"gap-334771613\" class=\"gap-element clearfix\" style=\"display:block; height:auto;\">\n\t\t\n<style>\n#gap-334771613 {\n  padding-top: 60px;\n}\n<\/style>\n\t<\/div>\n\t\n\n\n\n<iframe loading=\"lazy\" src=\"https:\/\/www.google.com\/maps\/embed?pb=!1m18!1m12!1m3!1d2559.7708504684483!2d14.450919651785917!3d50.090577021009175!2m3!1f0!2f0!3f0!3m2!1i1024!2i768!4f13.1!3m3!1m2!1s0x470b950042e870fd%3A0xa6bfe69ba49b19f!2sChilli+Salon+-+Erotick%C3%A9+mas%C3%A1%C5%BEe+Praha!5e0!3m2!1scs!2scz!4v1539552522621\" width=\"100%\" height=\"450\" frameborder=\"0\" style=\"border:0\" allowfullscreen><\/iframe>\n\n\t<div id=\"gap-1093126306\" class=\"gap-element clearfix\" style=\"display:block; height:auto;\">\n\t\t\n<style>\n#gap-1093126306 {\n  padding-top: 60px;\n}\n<\/style>\n\t<\/div>\n\t\n\n<div class=\"row row-full-width\"  id=\"row-1616482496\">\n\n\n\t<div id=\"col-1866533803\" class=\"col medium-4 small-12 large-4\"  >\n\t\t\t\t<div class=\"col-inner\"  >\n\t\t\t\n\t\t\t\n\n<h2 data-start=\"1111\" data-end=\"1132\"><strong data-start=\"1114\" data-end=\"1132\">Opening hours<\/strong><\/h2>\n<p data-start=\"1134\" data-end=\"1325\"><strong data-start=\"1137\" data-end=\"1157\">Monday - Friday:<\/strong> 10:00 - 22:00<br data-start=\"1171\" data-end=\"1174\" \/><strong data-start=\"1177\" data-end=\"1197\">Saturday - Sunday:<\/strong> 12:00 - 22:00<br \/><br data-start=\"1211\" data-end=\"1214\" \/>(<em data-start=\"1215\" data-end=\"1286\">In case of prior telephone agreement, it is possible to arrange another time.<\/em>)<br \/><br \/><br \/><br \/><br \/><br \/><\/p>\n<h2 data-start=\"1614\" data-end=\"1651\"><strong data-start=\"1617\" data-end=\"1651\">Contact for reservations and inquiries<\/strong><\/h2>\n<p data-start=\"1653\" data-end=\"1725\">If you are not sure which service to choose, or if you have a specific request:<\/p>\n<ul data-start=\"1726\" data-end=\"1909\">\n<li data-start=\"1726\" data-end=\"1827\">\n<p data-start=\"1728\" data-end=\"1827\">Write or call - our receptionists will help you <strong data-start=\"1771\" data-end=\"1800\">Willing to advise and recommend<\/strong>what suits you best.<\/p>\n<\/li>\n<li data-start=\"1828\" data-end=\"1909\">\n<p data-start=\"1830\" data-end=\"1909\">You can also make a reservation <strong data-start=\"1857\" data-end=\"1890\">via the online booking system<\/strong> right here on the web.<\/p>\n<\/li>\n<\/ul>\n\n\t\t<\/div>\n\t\t\t\t\t<\/div>\n\n\t\n\n\t<div id=\"col-168539645\" class=\"col medium-4 small-12 large-4\"  >\n\t\t\t\t<div class=\"col-inner\"  >\n\t\t\t\n\t\t\t\n\n<h1 data-start=\"696\" data-end=\"731\">Contact - Chilli Salon Prague<\/h1>\n<h2 data-start=\"733\" data-end=\"784\"><strong data-start=\"736\" data-end=\"784\">How can you contact us and where can you find us?<br \/><br \/><\/strong><\/h2>\n<p data-start=\"786\" data-end=\"945\"><strong data-start=\"786\" data-end=\"797\">Address:<\/strong><br data-start=\"797\" data-end=\"800\" \/><span style=\"font-size: 14.4px;\">\ud83d\udccd<\/span><a style=\"font-size: 14.4px;\" href=\"https:\/\/www.google.com\/maps?q=Th\u00e1mova+396\/1,+Praha+8+-+Karl\u00edn\" target=\"_blank\" rel=\"noopener noreferrer\">Th\u00e1mova 396\/1, Prague 8<\/a> Karl\u00edn<strong data-start=\"803\" data-end=\"846\">, 186 00<\/strong> - the last building on the right before the entrance to the \u017di\u017ekov Tunnel.<\/p>\n<p data-start=\"786\" data-end=\"945\"><strong data-start=\"947\" data-end=\"959\"><br \/>Phone:<\/strong> <a href=\"Tel: 420722068519\"><strong>+420 722 068 519<\/strong><\/a>\u00a0 \u00a0(sms, Whatsapp)<br data-start=\"1037\" data-end=\"1040\" \/><br data-start=\"1037\" data-end=\"1040\" \/><strong data-start=\"1040\" data-end=\"1051\">E-mail:\u00a0<\/strong><a href=\"mailto:info@chillisalon.cz\">info@chillisalon.cz<\/a><\/p>\n\n\t\t<\/div>\n\t\t\t\t\t<\/div>\n\n\t\n\n\t<div id=\"col-759781042\" class=\"col medium-4 small-12 large-4\"  >\n\t\t\t\t<div class=\"col-inner\"  >\n\t\t\t\n\t\t\t\n\n<h2 data-start=\"1332\" data-end=\"1352\"><strong data-start=\"1335\" data-end=\"1352\">How to find us<\/strong><\/h2>\n<p data-start=\"1354\" data-end=\"1607\">The salon is located just <strong data-start=\"1375\" data-end=\"1424\">3 minutes walk from metro station B - K\u0159i\u017e\u00edkova<\/strong>. <br data-start=\"1463\" data-end=\"1466\" \/>When you get to the front door, <strong data-start=\"1500\" data-end=\"1541\">ring the bell marked \"Chilli\"<\/strong> - The receptionist will open the door and gladly welcome you in the entrance area of the salon.<\/p>\n\t<div class=\"img has-hover x md-x lg-x y md-y lg-y\" id=\"image_650578022\">\n\t\t\t\t\t\t\t\t<div class=\"img-inner dark\" >\n\t\t\t<img loading=\"lazy\" decoding=\"async\" width=\"1020\" height=\"582\" src=\"https:\/\/chillisalon.cz\/wp-content\/uploads\/2025\/06\/dvere-2048x1167-1-1024x584.png\" class=\"attachment-large size-large\" alt=\"\" srcset=\"https:\/\/chillisalon.cz\/wp-content\/uploads\/2025\/06\/dvere-2048x1167-1-1024x584.png 1024w, https:\/\/chillisalon.cz\/wp-content\/uploads\/2025\/06\/dvere-2048x1167-1-510x291.png 510w, https:\/\/chillisalon.cz\/wp-content\/uploads\/2025\/06\/dvere-2048x1167-1-300x171.png 300w, https:\/\/chillisalon.cz\/wp-content\/uploads\/2025\/06\/dvere-2048x1167-1-768x438.png 768w, https:\/\/chillisalon.cz\/wp-content\/uploads\/2025\/06\/dvere-2048x1167-1-1536x875.png 1536w, https:\/\/chillisalon.cz\/wp-content\/uploads\/2025\/06\/dvere-2048x1167-1-18x10.png 18w, https:\/\/chillisalon.cz\/wp-content\/uploads\/2025\/06\/dvere-2048x1167-1.png 2048w\" sizes=\"auto, (max-width: 1020px) 100vw, 1020px\" title=\"\">\t\t\t\t\t\t\n\t\t\t\t\t<\/div>\n\t\t\t\t\t\t\t\t\n<style>\n#image_650578022 {\n  width: 100%;\n}\n<\/style>\n\t<\/div>\n\t\n\n\n\t\t<\/div>\n\t\t\t\t\t<\/div>\n\n\t\n\n<\/div>\n\n\t\t<\/div>\n\t\t\t\t\t<\/div>\n\n\t\n\n\n<style>\n#row-1534192028 > .col > .col-inner {\n  padding: 0px 5% 0px 5%;\n}\n<\/style>\n<\/div>","protected":false},"excerpt":{"rendered":"","protected":false},"author":5,"featured_media":0,"parent":0,"menu_order":0,"comment_status":"closed","ping_status":"closed","template":"","meta":{"footnotes":""},"class_list":["post-878","page","type-page","status-publish","hentry"],"_links":{"self":[{"href":"https:\/\/chillisalon.cz\/en\/wp-json\/wp\/v2\/pages\/878","targetHints":{"allow":["GET"]}}],"collection":[{"href":"https:\/\/chillisalon.cz\/en\/wp-json\/wp\/v2\/pages"}],"about":[{"href":"https:\/\/chillisalon.cz\/en\/wp-json\/wp\/v2\/types\/page"}],"author":[{"embeddable":true,"href":"https:\/\/chillisalon.cz\/en\/wp-json\/wp\/v2\/users\/5"}],"replies":[{"embeddable":true,"href":"https:\/\/chillisalon.cz\/en\/wp-json\/wp\/v2\/comments?post=878"}],"version-history":[{"count":10,"href":"https:\/\/chillisalon.cz\/en\/wp-json\/wp\/v2\/pages\/878\/revisions"}],"predecessor-version":[{"id":32346,"href":"https:\/\/chillisalon.cz\/en\/wp-json\/wp\/v2\/pages\/878\/revisions\/32346"}],"wp:attachment":[{"href":"https:\/\/chillisalon.cz\/en\/wp-json\/wp\/v2\/media?parent=878"}],"curies":[{"name":"wp","href":"https:\/\/api.w.org\/{rel}","templated":true}]}}