{"id":810,"date":"2025-01-15T10:08:14","date_gmt":"2025-01-15T10:08:14","guid":{"rendered":"https:\/\/chillisalon.cz\/?page_id=810"},"modified":"2026-01-26T12:07:17","modified_gmt":"2026-01-26T11:07:17","slug":"cenik","status":"publish","type":"page","link":"https:\/\/chillisalon.cz\/en\/cenik\/","title":{"rendered":"Price list"},"content":{"rendered":"<div id=\"page-header-1555098995\" class=\"page-header-wrapper\">\n  <div class=\"page-title light featured-title\">\n\n    \n    <div class=\"page-title-inner container align-center text-center flex-row-col medium-flex-wrap\" >\n              <div class=\"title-wrapper flex-col\">\n          <h1 class=\"entry-title mb-0\">\n            Price list of services          <\/h1>\n        <\/div>\n                    <div class=\"title-content flex-col\">\n        <div class=\"title-breadcrumbs pb-half pt-half\"><nav class=\"woocommerce-breadcrumb breadcrumbs uppercase\" aria-label=\"Breadcrumb\" data-no-translation=\"\" data-trp-gettext=\"\">Home<\/nav><\/div>      <\/div>\n    <\/div>\n\n       <\/div>\n    <\/div>\n  \n\n<div class=\"row row-full-width\"  id=\"row-215549661\">\n\n\n\t<div id=\"col-1486569620\" class=\"col small-12 large-12\"  >\n\t\t\t\t<div class=\"col-inner\"  >\n\t\t\t\n\t\t\t\n\n<h2 style=\"text-align: center;\"><span style=\"color: #e14d43;\"><strong>1 hour Body to Body for 2300,-CZK*<\/strong><\/span><\/h2>\n<h2 style=\"text-align: center;\"><span style=\"color: #e14d43;\"><b>Discount 200,-CZK in January for service from 1h and longer **<\/b><\/span><\/h2>\n<p style=\"text-align: center;\">* just enter the PROMO CODE \"BTB2026\" when booking (valid until the end of the month and cannot be combined)<br \/>** just enter the PROMO CODE \"LED2026\" when booking (valid until the end of the month and cannot be combined)<\/p>\n<h2 data-start=\"215\" data-end=\"246\">\u00a0<\/h2>\n<h2 data-start=\"215\" data-end=\"246\">What is included in the price of the massage<\/h2>\n<p data-start=\"248\" data-end=\"279\">The price of the massage always includes:<\/p>\n<ul data-start=\"281\" data-end=\"483\">\n<li data-start=\"281\" data-end=\"352\">\n<p data-start=\"283\" data-end=\"352\">initial shower with a masseuse or masseur as part of the ritual<\/p>\n<\/li>\n<li data-start=\"353\" data-end=\"427\">\n<p data-start=\"355\" data-end=\"427\">full-fledged erotic massage with a focus on sensual and intimate perception<\/p>\n<\/li>\n<li data-start=\"428\" data-end=\"483\">\n<p data-start=\"430\" data-end=\"483\">individual approach during the whole time of the ordered massage<\/p>\n<\/li>\n<\/ul>\n<p data-start=\"485\" data-end=\"610\">The course is always guided <strong data-start=\"506\" data-end=\"568\">in accordance with your boundaries, wishes and mutual agreement<\/strong>in a discreet and professional environment.<\/p>\n<h2 data-start=\"617\" data-end=\"646\">\u00a0<\/h2>\n<h2 data-start=\"617\" data-end=\"646\">Deposit and payment terms<\/h2>\n<p data-start=\"648\" data-end=\"709\">Advance payment is required for selected services, in particular:<\/p>\n<ul data-start=\"711\" data-end=\"835\">\n<li data-start=\"711\" data-end=\"745\">\n<p data-start=\"713\" data-end=\"745\">for massages in length <strong data-start=\"730\" data-end=\"743\">120 minutes<\/strong><\/p>\n<\/li>\n<li data-start=\"746\" data-end=\"835\">\n<p data-start=\"748\" data-end=\"835\">for massages in which they participate <strong data-start=\"777\" data-end=\"790\">two persons<\/strong> (two masseuses or combination of masseuse + masseur)<\/p>\n<\/li>\n<\/ul>\n<p data-start=\"837\" data-end=\"965\">The amount of the deposit is <strong data-start=\"854\" data-end=\"884\">50 % of the total price of the massage<\/strong>.<br data-start=\"885\" data-end=\"888\" \/>The deposit is used to make a binding reservation and to select a specific masseuse or team.<\/p>\n<h2>\u00a0<\/h2>\n<h2 style=\"text-align: center;\"><span style=\"color: #e14d43;\">Massages<\/span><\/h2>\n<div class=\"is-divider divider clearfix\" style=\"max-width:100%;\"><\/div>\n\n<div class=\"is-divider divider clearfix\" style=\"max-width:100%;\"><\/div>\n\n<h3 class=\"accordion_title\">Full Body Chilli (erotic massage)<\/h3><div class=\"accordion my-custom-class\">\n\n\t<div id=\"accordion-243408359\" class=\"accordion-item my-custom-class\">\n\t\t<a id=\"accordion-243408359-label\" class=\"accordion-title plain\" href=\"#accordion-item-intenzivn\u00ed-mas\u00e1\u017e-cel\u00e9ho-t\u011bla-tepl\u00fdm-olejem-s-d\u016frazem-na-stimulaci-intimn\u00edch-parti\u00ed-a\u017e-k-vyvrcholen\u00ed.\" aria-expanded=\"false\" aria-controls=\"accordion-243408359-content\">\n\t\t\t<button class=\"toggle\" aria-label=\"Toggle\"><i class=\"icon-angle-down\" aria-hidden=\"true\"><\/i><\/button>\n\t\t\t<span>Intensive full body massage with warm oil with emphasis on stimulation of the intimate parts up to the climax.<\/span>\n\t\t<\/a>\n\t\t<div id=\"accordion-243408359-content\" class=\"accordion-inner\" aria-labelledby=\"accordion-243408359-label\">\n\t\t\t\n\n<div class=\"row\"  id=\"row-691701756\">\n\n\n\t<div id=\"col-1201492216\" class=\"col medium-4 small-12 large-4\"  >\n\t\t\t\t<div class=\"col-inner\"  >\n\t\t\t\n\t\t\t\n\n<h3>One masseuse<\/h3>\n<p><strong>40 minutes<\/strong> \u00a0 1900,- CZK\/75,- \u20ac<br \/><strong>60 minutes<\/strong>\u00a0 \u00a02200,- CZK\/90,- \u20ac<br \/><strong>90 minutes<\/strong> \u00a0 3100,- CZK\/125,- \u20ac<br \/><strong>120 minutes<\/strong> 3600,- CZK\/150,- \u20ac<\/p>\n\n\t\t<\/div>\n\t\t\t\t\t<\/div>\n\n\t\n\n\t<div id=\"col-77842092\" class=\"col medium-4 small-12 large-4\"  >\n\t\t\t\t<div class=\"col-inner\"  >\n\t\t\t\n\t\t\t\n\n<h3>Two masseuses<\/h3>\n<p><strong>40 minutes<\/strong> \u00a0 3800,- CZK\/155,- \u20ac<br \/><strong>60 minutes<\/strong> \u00a0 4400,- CZK\/180,- \u20ac<br \/><strong>90 minutes <\/strong>\u00a0 6200,- CZK\/250,- \u20ac<br \/><strong>120 minutes<\/strong> 7200,- CZK\/300,- \u20ac<\/p>\n\n\t\t<\/div>\n\t\t\t\t\t<\/div>\n\n\t\n\n<\/div>\n\n\t\t<\/div>\n\t<\/div>\n\t\n\n<\/div>\n\t<div id=\"gap-1002136866\" class=\"gap-element clearfix\" style=\"display:block; height:auto;\">\n\t\t\n<style>\n#gap-1002136866 {\n  padding-top: 30px;\n}\n<\/style>\n\t<\/div>\n\t\n\n<h3 class=\"accordion_title\">Body to body (body to body)<\/h3><div class=\"accordion\">\n\n\t<div id=\"accordion-853108929\" class=\"accordion-item\">\n\t\t<a id=\"accordion-853108929-label\" class=\"accordion-title plain\" href=\"#accordion-item-smysln\u00e1-mas\u00e1\u017e-s-t\u011bsn\u00fdm-t\u011blesn\u00fdm-kontaktem-mas\u00e9rky,-vyu\u017e\u00edvaj\u00edc\u00ed-cel\u00e9-t\u011blo-a-zrcadla-pro-nev\u0161edn\u00ed-z\u00e1\u017eitek.\" aria-expanded=\"false\" aria-controls=\"accordion-853108929-content\">\n\t\t\t<button class=\"toggle\" aria-label=\"Toggle\"><i class=\"icon-angle-down\" aria-hidden=\"true\"><\/i><\/button>\n\t\t\t<span>A sensual massage with close body contact by the masseuse, using the whole body and mirrors for an extraordinary experience.<\/span>\n\t\t<\/a>\n\t\t<div id=\"accordion-853108929-content\" class=\"accordion-inner\" aria-labelledby=\"accordion-853108929-label\">\n\t\t\t\n\n<div class=\"row\"  id=\"row-407638050\">\n\n\n\t<div id=\"col-1701494900\" class=\"col medium-4 small-12 large-4\"  >\n\t\t\t\t<div class=\"col-inner\"  >\n\t\t\t\n\t\t\t\n\n<h3>One masseuse<\/h3>\n<p><strong>40 minutes \u00a0 <\/strong>2000,- CZK\/80,- \u20ac<br \/><strong>60 minutes<\/strong>\u00a0 \u00a02500,- CZK\/100,- \u20ac<br \/><strong>90 minutes<\/strong>\u00a0 \u00a03400,- CZK\/140,- \u20ac<br \/><strong>120 minutes<\/strong> 4100,- CZK\/165,- \u20ac<\/p>\n\n\t\t<\/div>\n\t\t\t\t\t<\/div>\n\n\t\n\n\t<div id=\"col-694957949\" class=\"col medium-4 small-12 large-4\"  >\n\t\t\t\t<div class=\"col-inner\"  >\n\t\t\t\n\t\t\t\n\n<h3>Two masseuses<\/h3>\n<p><strong>40 minutes<\/strong>\u00a0 \u00a04000,- CZK\/160,- \u20ac<br \/><strong>60 minutes \u00a0 <\/strong>5000,- CZK\/200,- \u20ac<br \/><strong>90 minutes<\/strong>\u00a0 \u00a06800,- CZK\/280,- \u20ac<br \/><strong>120 minutes<\/strong> 8200,- CZK\/330,- \u20ac<\/p>\n\n\t\t<\/div>\n\t\t\t\t\t<\/div>\n\n\t\n\n<\/div>\n\n\t\t<\/div>\n\t<\/div>\n\t\n\n<\/div>\n\t<div id=\"gap-854805189\" class=\"gap-element clearfix\" style=\"display:block; height:auto;\">\n\t\t\n<style>\n#gap-854805189 {\n  padding-top: 30px;\n}\n<\/style>\n\t<\/div>\n\t\n\n<h3 class=\"accordion_title\">Couples massage (woman + man)<\/h3><div class=\"accordion .my-custom-class\">\n\n\t<div id=\"accordion-2483766579\" class=\"accordion-item my-custom-class\">\n\t\t<a id=\"accordion-2483766579-label\" class=\"accordion-title plain\" href=\"#accordion-item-smysln\u00fd-z\u00e1\u017eitek-pro-p\u00e1ry-s-mo\u017enost\u00ed-volby-mas\u00e9rek-\u010di-mas\u00e9ra,-zam\u011b\u0159en\u00fd-na-fantazii-a-spln\u011bn\u00ed-va\u0161ich-tu\u017eeb.\" aria-expanded=\"false\" aria-controls=\"accordion-2483766579-content\">\n\t\t\t<button class=\"toggle\" aria-label=\"Toggle\"><i class=\"icon-angle-down\" aria-hidden=\"true\"><\/i><\/button>\n\t\t\t<span>A sensual experience for couples with a choice of masseuse or masseur, focused on fantasy and fulfilling your desires.<\/span>\n\t\t<\/a>\n\t\t<div id=\"accordion-2483766579-content\" class=\"accordion-inner\" aria-labelledby=\"accordion-2483766579-label\">\n\t\t\t\n\n<div class=\"row\"  id=\"row-1227878579\">\n\n\n\t<div id=\"col-1806950638\" class=\"col medium-4 small-12 large-4\"  >\n\t\t\t\t<div class=\"col-inner\"  >\n\t\t\t\n\t\t\t\n\n<h3>One masseuse<\/h3>\n<p><strong>60 minutes<\/strong> \u00a0 3200,- CZK\/130,- \u20ac<br \/><strong>90 minutes<\/strong> \u00a0 4200,- CZK\/170,- \u20ac<br \/><strong>120 minutes<\/strong> 5200,- CZK\/210,- \u20ac<\/p>\n\n\t\t<\/div>\n\t\t\t\t\t<\/div>\n\n\t\n\n\t<div id=\"col-529254604\" class=\"col medium-4 small-12 large-4\"  >\n\t\t\t\t<div class=\"col-inner\"  >\n\t\t\t\n\t\t\t\n\n<h3>Two masseuses<\/h3>\n<p><strong>60 minutes<\/strong> \u00a0 4900,- CZK\/205,- \u20ac<br \/><strong>90 minutes<\/strong> \u00a0 6900,- CZK\/290,- \u20ac<br \/><strong>120 minutes<\/strong> 8900,- CZK\/370,- \u20ac<\/p>\n\n\t\t<\/div>\n\t\t\t\t\t<\/div>\n\n\t\n\n<\/div>\n\n\t\t<\/div>\n\t<\/div>\n\t\n\n<\/div>\n\t<div id=\"gap-2017260867\" class=\"gap-element clearfix\" style=\"display:block; height:auto;\">\n\t\t\n<style>\n#gap-2017260867 {\n  padding-top: 30px;\n}\n<\/style>\n\t<\/div>\n\t\n\n<h3 class=\"accordion_title\">BDSM massage\/lessons<\/h3><div class=\"accordion\">\n\n\t<div id=\"accordion-1515511014\" class=\"accordion-item\">\n\t\t<a id=\"accordion-1515511014-label\" class=\"accordion-title plain\" href=\"#accordion-item-spln\u011bn\u00ed-va\u0161ich-tajn\u00fdch-p\u0159\u00e1n\u00ed-podle-vlastn\u00edho-sc\u00e9n\u00e1\u0159e-d\u00edky-profesion\u00e1ln\u011b-\u0161kolen\u00fdm-mas\u00e9rk\u00e1m.\" aria-expanded=\"false\" aria-controls=\"accordion-1515511014-content\">\n\t\t\t<button class=\"toggle\" aria-label=\"Toggle\"><i class=\"icon-angle-down\" aria-hidden=\"true\"><\/i><\/button>\n\t\t\t<span>Fulfill your secret wishes according to your own scenario thanks to professionally trained masseuses.<\/span>\n\t\t<\/a>\n\t\t<div id=\"accordion-1515511014-content\" class=\"accordion-inner\" aria-labelledby=\"accordion-1515511014-label\">\n\t\t\t\n\n<div class=\"row\"  id=\"row-1833245849\">\n\n\n\t<div id=\"col-637163838\" class=\"col medium-4 small-12 large-4\"  >\n\t\t\t\t<div class=\"col-inner\"  >\n\t\t\t\n\t\t\t\n\n<h3>One masseuse<\/h3>\n<p><strong>40 minutes<\/strong>\u00a0 \u00a02200,- CZK\/90,- \u20ac<br \/><strong>60 minutes \u00a0<\/strong>\u00a02600,- CZK\/105,- \u20ac<br \/><strong>90 minutes<\/strong>\u00a0 \u00a03800,- CZK\/155,- \u20ac<br \/><strong>120 minutes<\/strong> 4900,- CZK\/200,- \u20ac<\/p>\n\n\t\t<\/div>\n\t\t\t\t\t<\/div>\n\n\t\n\n\t<div id=\"col-1319760987\" class=\"col medium-4 small-12 large-4\"  >\n\t\t\t\t<div class=\"col-inner\"  >\n\t\t\t\n\t\t\t\n\n<h3>Two masseuses<\/h3>\n<p><strong>40 minutes \u00a0 <\/strong>4400,-K\u010d\/180,- \u20ac<br \/><strong>60 minutes<\/strong>\u00a0 \u00a05200,-CZK\/210,- \u20ac<br \/><strong>90 minutes<\/strong>\u00a0 \u00a07600,-CZK\/310,- \u20ac<br \/><strong>120 minutes<\/strong> 9800,-K\u010d\/400,- \u20ac<\/p>\n\n\t\t<\/div>\n\t\t\t\t\t<\/div>\n\n\t\n\n<\/div>\n\n\t\t<\/div>\n\t<\/div>\n\t\n\n<\/div>\n\t<div id=\"gap-1263611983\" class=\"gap-element clearfix\" style=\"display:block; height:auto;\">\n\t\t\n<style>\n#gap-1263611983 {\n  padding-top: 30px;\n}\n<\/style>\n\t<\/div>\n\t\n\n<h3 class=\"accordion_title\">Intensive penile massage (lingam massage)<\/h3><div class=\"accordion\">\n\n\t<div id=\"accordion-2787027183\" class=\"accordion-item\">\n\t\t<a id=\"accordion-2787027183-label\" class=\"accordion-title plain\" href=\"#accordion-item-mas\u00e1\u017e-zahrnuje-teplou-sprchu-a-n\u00e1slednou-intenzivn\u00ed-p\u00e9\u010di-o-intimn\u00ed-partie,-v\u010detn\u011b-stehen,-penisu-a-okol\u00ed.\" aria-expanded=\"false\" aria-controls=\"accordion-2787027183-content\">\n\t\t\t<button class=\"toggle\" aria-label=\"Toggle\"><i class=\"icon-angle-down\" aria-hidden=\"true\"><\/i><\/button>\n\t\t\t<span>The massage includes a warm shower followed by intensive care of the intimate parts, including the thighs, penis and surrounding area.<\/span>\n\t\t<\/a>\n\t\t<div id=\"accordion-2787027183-content\" class=\"accordion-inner\" aria-labelledby=\"accordion-2787027183-label\">\n\t\t\t\n\n<div class=\"row\"  id=\"row-1255207871\">\n\n\n\t<div id=\"col-840843819\" class=\"col medium-4 small-12 large-4\"  >\n\t\t\t\t<div class=\"col-inner\"  >\n\t\t\t\n\t\t\t\n\n<h3>One masseuse<\/h3>\n<p><strong>30 minutes <\/strong>1500,- CZK\/60,- \u20ac<br \/><strong>60 minutes <\/strong>2500,- CZK\/100,- \u20ac<br \/><strong>90 minutes<\/strong> 3500,- CZK\/140,- \u20ac<\/p>\n\n\t\t<\/div>\n\t\t\t\t\t<\/div>\n\n\t\n\n\t<div id=\"col-882178893\" class=\"col medium-4 small-12 large-4\"  >\n\t\t\t\t<div class=\"col-inner\"  >\n\t\t\t\n\t\t\t\n\n<h3>Two masseuses<\/h3>\n<p><strong>30 minutes<\/strong> 3000,- CZK\/120,- \u20ac<br \/><strong>60 minutes<\/strong> 5000,- CZK\/200,- \u20ac<br \/><strong>90 minutes<\/strong> 7000,- CZK\/280,- \u20ac<\/p>\n\n\t\t<\/div>\n\t\t\t\t\t<\/div>\n\n\t\n\n<\/div>\n\n\t\t<\/div>\n\t<\/div>\n\t\n\n<\/div>\n\t<div id=\"gap-1693662109\" class=\"gap-element clearfix\" style=\"display:block; height:auto;\">\n\t\t\n<style>\n#gap-1693662109 {\n  padding-top: 30px;\n}\n<\/style>\n\t<\/div>\n\t\n\n<div class=\"is-divider divider clearfix\" style=\"max-width:100%;\"><\/div>\n\n\t<div id=\"gap-1795613199\" class=\"gap-element clearfix\" style=\"display:block; height:auto;\">\n\t\t\n<style>\n#gap-1795613199 {\n  padding-top: 30px;\n}\n<\/style>\n\t<\/div>\n\t\n\n<h2 style=\"text-align: center;\"><span style=\"color: #e14d43;\">In addition to the massage<\/span><\/h2>\n<div class=\"accordion\">\n\n\t<div id=\"accordion-2558548716\" class=\"accordion-item\">\n\t\t<a id=\"accordion-2558548716-label\" class=\"accordion-title plain\" href=\"#accordion-item-k-mas\u00e1\u017ei-nav\u00edc-(sou\u010d\u00e1st-\u010dasu-mas\u00e1\u017ee)\" aria-expanded=\"false\" aria-controls=\"accordion-2558548716-content\">\n\t\t\t<button class=\"toggle\" aria-label=\"Toggle\"><i class=\"icon-angle-down\" aria-hidden=\"true\"><\/i><\/button>\n\t\t\t<span>Extra massage (part of the massage time)<\/span>\n\t\t<\/a>\n\t\t<div id=\"accordion-2558548716-content\" class=\"accordion-inner\" aria-labelledby=\"accordion-2558548716-label\">\n\t\t\t\n\n<div class=\"row\"  id=\"row-1970166123\">\n\n\n\t<div id=\"col-1914122342\" class=\"col medium-6 small-12 large-6\"  >\n\t\t\t\t<div class=\"col-inner\"  >\n\t\t\t\n\t\t\t\n\n<p><strong>Foot job\/foot fetish \u00a0 \u00a0 \u00a0 \u00a0 \u00a0<\/strong> 390,- CZK\/15,- \u20ac<br \/><strong>Prostate massage \u00a0 \u00a0 \u00a0 \u00a0 \u00a0 \u00a0 \u00a0 \u00a0 <\/strong>490,- CZK\/20,- \u20ac<br \/><strong>Flirt dance \u00a0 \u00a0 \u00a0 \u00a0 \u00a0 \u00a0 \u00a0 \u00a0 \u00a0 \u00a0 \u00a0 \u00a0 <\/strong>490,- CZK\/20,- \u20ac<br \/><strong>The Chilli Show (Lesbi Show) <\/strong>850,- CZK\/35,- \u20ac<br \/><strong>Autoerotics \u00a0 \u00a0 \u00a0 \u00a0 \u00a0 \u00a0 \u00a0 \u00a0 \u00a0 \u00a0 \u00a0 <\/strong>490,- CZK\/20,- \u20ac<br \/><strong>Facesitting \u00a0 \u00a0 \u00a0 \u00a0 \u00a0 \u00a0 \u00a0 \u00a0 \u00a0 \u00a0 \u00a0 \u00a0<\/strong>490,- CZK\/20,- \u20ac<br \/><strong>Piss \u00a0 \u00a0 \u00a0 \u00a0 \u00a0 \u00a0 \u00a0 \u00a0 \u00a0 \u00a0 \u00a0 \u00a0 \u00a0 \u00a0 \u00a0 \u00a0 \u00a0 \u00a0<\/strong>500,- CZK\/20,- \u20ac<\/p>\n\n\t\t<\/div>\n\t\t\t\t\t<\/div>\n\n\t\n\n<\/div>\n\n\t\t<\/div>\n\t<\/div>\n\t\n\n<\/div>\n<div class=\"is-divider divider clearfix\" style=\"max-width:100%;\"><\/div>\n\n\t<div id=\"gap-1365000020\" class=\"gap-element clearfix\" style=\"display:block; height:auto;\">\n\t\t\n<style>\n#gap-1365000020 {\n  padding-top: 30px;\n}\n<\/style>\n\t<\/div>\n\t\n\n<h2 style=\"text-align: center;\"><span style=\"color: #e14d43;\">For the demanding (separate services without massage)<\/span><\/h2>\n<div class=\"accordion\">\n\n\t<div id=\"accordion-3954779603\" class=\"accordion-item\">\n\t\t<a id=\"accordion-3954779603-label\" class=\"accordion-title plain\" href=\"#accordion-item-extra-slu\u017eby-zahrnuj\u00ed-smysln\u00e9-techniky-jako-foot-job,- autoerotiku-a-facesitting-pro-jedine\u010dn\u00fd-z\u00e1\u017eitek.\" aria-expanded=\"false\" aria-controls=\"accordion-3954779603-content\">\n\t\t\t<button class=\"toggle\" aria-label=\"Toggle\"><i class=\"icon-angle-down\" aria-hidden=\"true\"><\/i><\/button>\n\t\t\t<span>Extra services include sensual techniques such as foot job, autoeroticism and facesitting for a unique experience.<\/span>\n\t\t<\/a>\n\t\t<div id=\"accordion-3954779603-content\" class=\"accordion-inner\" aria-labelledby=\"accordion-3954779603-label\">\n\t\t\t\n\n<div class=\"row\"  id=\"row-131844541\">\n\n\n\t<div id=\"col-22957116\" class=\"col medium-6 small-12 large-6\"  >\n\t\t\t\t<div class=\"col-inner\"  >\n\t\t\t\n\t\t\t\n\n<p><strong>Foot job 30 min \u00a0 \u00a0 \u00a0<\/strong>1800,-K\u010d\/75,- \u20ac<br \/><strong>Foot fetish 15 min \u00a0<\/strong>500,-K\u010d\/20,- \u20ac<br \/><strong>Foot fetish 30 min \u00a0<\/strong>1000,-CZK\/40,- \u20ac<br \/><strong>Autoerotic 15 min <\/strong>500,-K\u010d\/20,- \u20ac<br \/><strong>Autoerotic 30 min <\/strong>1000,-CZK\/40,- \u20ac<br \/><strong>Facesitting 20 min \u00a0<\/strong>900,- CZK\/35,- \u20ac<br \/><strong>Piss 15 min \u00a0 \u00a0 \u00a0 \u00a0 \u00a0 \u00a0 <\/strong>500,- CZK\/20,- \u20ac<\/p>\n\n\t\t<\/div>\n\t\t\t\t\t<\/div>\n\n\t\n\n<\/div>\n\n\t\t<\/div>\n\t<\/div>\n\t\n\n<\/div>\n\t<div id=\"gap-928335127\" class=\"gap-element clearfix\" style=\"display:block; height:auto;\">\n\t\t\n<style>\n#gap-928335127 {\n  padding-top: 30px;\n}\n<\/style>\n\t<\/div>\n\t\n\n<div class=\"is-divider divider clearfix\" style=\"max-width:100%;\"><\/div>\n\n<h1 style=\"text-align: center;\"><span style=\"color: #e14d43;\">Services for women<\/span><\/h1>\n\t<div id=\"gap-40541785\" class=\"gap-element clearfix\" style=\"display:block; height:auto;\">\n\t\t\n<style>\n#gap-40541785 {\n  padding-top: 30px;\n}\n<\/style>\n\t<\/div>\n\t\n\n<h2 style=\"text-align: center;\"><span style=\"color: #e14d43;\">Erotic massage for women<\/span><\/h2>\n<h3 class=\"accordion_title\">Erotic massage for women<\/h3><div class=\"accordion\">\n\n\t<div id=\"accordion-2513892587\" class=\"accordion-item\">\n\t\t<a id=\"accordion-2513892587-label\" class=\"accordion-title plain\" href=\"#accordion-item-erotick\u00e9-mas\u00e1\u017ee-pro-\u017eeny-podporuj\u00ed-sexu\u00e1ln\u00ed-zdrav\u00ed,-sebeuv\u011bdom\u011bn\u00ed-a-uvoln\u011bn\u00ed,-s-mo\u017enost\u00ed-volby-mas\u00e9ra-\u010di-mas\u00e9rky-pro-jedine\u010dn\u00fd-z\u00e1\u017eitek.\" aria-expanded=\"false\" aria-controls=\"accordion-2513892587-content\">\n\t\t\t<button class=\"toggle\" aria-label=\"Toggle\"><i class=\"icon-angle-down\" aria-hidden=\"true\"><\/i><\/button>\n\t\t\t<span>Erotic massages for women promote sexual health, self-awareness and relaxation, with a choice of masseur or masseuse for a unique experience.<\/span>\n\t\t<\/a>\n\t\t<div id=\"accordion-2513892587-content\" class=\"accordion-inner\" aria-labelledby=\"accordion-2513892587-label\">\n\t\t\t\n\n<div class=\"row\"  id=\"row-226097550\">\n\n\n\t<div id=\"col-995567557\" class=\"col medium-6 small-12 large-6\"  >\n\t\t\t\t<div class=\"col-inner\"  >\n\t\t\t\n\t\t\t\n\n<p><strong>60 minutes \u00a0 <\/strong>2100,-K\u010d\/85,- \u20ac<br \/><strong>120 minutes <\/strong>3300,-CZK\/135,- \u20ac<br \/><strong>180 minutes <\/strong>4100,-CZK\/165,- \u20ac<\/p>\n\n\t\t<\/div>\n\t\t\t\t\t<\/div>\n\n\t\n\n<\/div>\n\n\t\t<\/div>\n\t<\/div>\n\t\n\n<\/div>\n<h3 class=\"accordion_title\">BDSM massage for women<\/h3><div class=\"accordion\">\n\n\t<div id=\"accordion-981023947\" class=\"accordion-item\">\n\t\t<a id=\"accordion-981023947-label\" class=\"accordion-title plain\" href=\"#accordion-item-bdsm-mas\u00e1\u017e-pro-\u017eeny-kombinuje-smyslnost,-dominantn\u00ed-prvky-a-bezpe\u010dn\u00fd-prostor-k-prozkoum\u00e1n\u00ed-hranic,-p\u0159izp\u016fsoben\u00fd-individu\u00e1ln\u00edm-preferenc\u00edm.\" aria-expanded=\"false\" aria-controls=\"accordion-981023947-content\">\n\t\t\t<button class=\"toggle\" aria-label=\"Toggle\"><i class=\"icon-angle-down\" aria-hidden=\"true\"><\/i><\/button>\n\t\t\t<span>BDSM massage for women combines sensuality, dominance and a safe space to explore boundaries, tailored to individual preferences.<\/span>\n\t\t<\/a>\n\t\t<div id=\"accordion-981023947-content\" class=\"accordion-inner\" aria-labelledby=\"accordion-981023947-label\">\n\t\t\t\n\n<div class=\"row\"  id=\"row-550511541\">\n\n\n\t<div id=\"col-309729712\" class=\"col medium-6 small-12 large-6\"  >\n\t\t\t\t<div class=\"col-inner\"  >\n\t\t\t\n\t\t\t\n\n<p><strong>90 minutes \u00a0 <\/strong>3 800,-CZK\/155,- \u20ac<br \/><strong>120 minutes <\/strong>4 900,-CZK\/200,- \u20ac<\/p>\n\n\t\t<\/div>\n\t\t\t\t\t<\/div>\n\n\t\n\n<\/div>\n\n\t\t<\/div>\n\t<\/div>\n\t\n\n<\/div>\n<div class=\"is-divider divider clearfix\" style=\"max-width:100%;\"><\/div>\n\n\n\t\t<\/div>\n\t\t\t\t\t<\/div>\n\n\t\n\n\n<style>\n#row-215549661 > .col > .col-inner {\n  padding: 0px 5% 0px 5%;\n}\n<\/style>\n<\/div>","protected":false},"excerpt":{"rendered":"","protected":false},"author":5,"featured_media":0,"parent":0,"menu_order":0,"comment_status":"closed","ping_status":"closed","template":"","meta":{"footnotes":""},"class_list":["post-810","page","type-page","status-publish","hentry"],"_links":{"self":[{"href":"https:\/\/chillisalon.cz\/en\/wp-json\/wp\/v2\/pages\/810","targetHints":{"allow":["GET"]}}],"collection":[{"href":"https:\/\/chillisalon.cz\/en\/wp-json\/wp\/v2\/pages"}],"about":[{"href":"https:\/\/chillisalon.cz\/en\/wp-json\/wp\/v2\/types\/page"}],"author":[{"embeddable":true,"href":"https:\/\/chillisalon.cz\/en\/wp-json\/wp\/v2\/users\/5"}],"replies":[{"embeddable":true,"href":"https:\/\/chillisalon.cz\/en\/wp-json\/wp\/v2\/comments?post=810"}],"version-history":[{"count":14,"href":"https:\/\/chillisalon.cz\/en\/wp-json\/wp\/v2\/pages\/810\/revisions"}],"predecessor-version":[{"id":32429,"href":"https:\/\/chillisalon.cz\/en\/wp-json\/wp\/v2\/pages\/810\/revisions\/32429"}],"wp:attachment":[{"href":"https:\/\/chillisalon.cz\/en\/wp-json\/wp\/v2\/media?parent=810"}],"curies":[{"name":"wp","href":"https:\/\/api.w.org\/{rel}","templated":true}]}}