{"id":29126,"date":"2025-04-16T14:23:09","date_gmt":"2025-04-16T14:23:09","guid":{"rendered":"https:\/\/chillisalon.cz\/?page_id=29126"},"modified":"2026-01-28T00:21:25","modified_gmt":"2026-01-27T23:21:25","slug":"telo-na-telo-body-to-body","status":"publish","type":"page","link":"https:\/\/chillisalon.cz\/en\/telo-na-telo-body-to-body\/","title":{"rendered":"Body to Body"},"content":{"rendered":"<div id=\"page-header-1335843953\" class=\"page-header-wrapper\">\n  <div class=\"page-title light featured-title\">\n\n    \n    <div class=\"page-title-inner container align-center text-center flex-row-col medium-flex-wrap\" >\n              <div class=\"title-wrapper flex-col\">\n          <h1 class=\"entry-title mb-0\">\n            Body to Body          <\/h1>\n        <\/div>\n                    <div class=\"title-content flex-col\">\n        <div class=\"title-breadcrumbs pb-half pt-half\"><nav class=\"woocommerce-breadcrumb breadcrumbs uppercase\" aria-label=\"Breadcrumb\" data-no-translation=\"\" data-trp-gettext=\"\">Home<\/nav><\/div>      <\/div>\n    <\/div>\n\n       <\/div>\n    <\/div>\n  \n\n<div class=\"row row-full-width align-middle align-center\"  id=\"row-1502099399\">\n\n\n\t<div id=\"col-374142539\" class=\"col small-12 large-12\"  >\n\t\t\t\t<div class=\"col-inner\"  >\n\t\t\t\n\t\t\t\n\n\t<div id=\"gap-1664237856\" class=\"gap-element clearfix\" style=\"display:block; height:auto;\">\n\t\t\n<style>\n#gap-1664237856 {\n  padding-top: 60px;\n}\n<\/style>\n\t<\/div>\n\t\n\n<div class=\"row row-full-width\"  id=\"row-1235948833\">\n\n\n\t<div id=\"col-1978301638\" class=\"col medium-6 small-12 large-6\"  >\n\t\t\t\t<div class=\"col-inner\"  >\n\t\t\t\n\t\t\t\n\n<span class=\"scroll-to\" data-label=\"Scroll to: #b2b\" data-bullet=\"true\" data-link=\"#b2b\" data-title=\"b2b\"><a name=\"b2b\"><\/a><\/span>\n\n<h2 data-start=\"590\" data-end=\"640\"><strong data-start=\"593\" data-end=\"640\">Body to Body - conscious touch of the whole body<\/strong><\/h2>\n<h3 data-start=\"642\" data-end=\"694\">A sensual full body experience | Chilli Salon Prague<\/h3>\n<p data-start=\"116\" data-end=\"353\"><strong data-start=\"116\" data-end=\"169\">Mas\u00e1\u017e Body to Body (t\u011blo na t\u011blo) v Salonu Chilli<\/strong> je smysln\u00e1 relaxa\u010dn\u00ed mas\u00e1\u017e, p\u0159i kter\u00e9 mas\u00e9rka nebo mas\u00e9r pracuje s plynul\u00fdm kontaktem cel\u00e9ho t\u011bla. C\u00edlem je hlubok\u00e9 uvoln\u011bn\u00ed, zpomalen\u00ed mysli a intenzivn\u011bj\u0161\u00ed vn\u00edm\u00e1n\u00ed t\u011blesn\u00fdch pocit\u016f.<\/p>\n<p data-start=\"355\" data-end=\"603\">Mas\u00e1\u017e prob\u00edh\u00e1 v klidn\u00e9m, diskr\u00e9tn\u00edm prost\u0159ed\u00ed a je v\u017edy vedena individu\u00e1ln\u011b \u2013 s respektem k va\u0161im hranic\u00edm, tempu i aktu\u00e1ln\u00ed n\u00e1lad\u011b. D\u016fraz je kladen na plynulost pohybu, bl\u00edzkost a celkov\u00fd smyslov\u00fd pro\u017eitek, nikoli na v\u00fdkon nebo o\u010dek\u00e1van\u00fd v\u00fdsledek.<\/p>\n\n\t\t<\/div>\n\t\t\t\t\t<\/div>\n\n\t\n\n\t<div id=\"col-116273850\" class=\"col medium-6 small-12 large-6\"  >\n\t\t\t\t<div class=\"col-inner text-right\"  >\n\t\t\t\n\t\t\t\n\n\t<div class=\"img has-hover x md-x lg-x y md-y lg-y\" id=\"image_1789821458\">\n\t\t\t\t\t\t\t\t<div class=\"img-inner dark\" >\n\t\t\t<img loading=\"lazy\" decoding=\"async\" width=\"300\" height=\"200\" src=\"https:\/\/chillisalon.cz\/wp-content\/uploads\/2025\/01\/ero_web-300x200.jpg\" class=\"attachment-medium size-medium\" alt=\"\" srcset=\"https:\/\/chillisalon.cz\/wp-content\/uploads\/2025\/01\/ero_web-300x200.jpg 300w, https:\/\/chillisalon.cz\/wp-content\/uploads\/2025\/01\/ero_web-510x340.jpg 510w, https:\/\/chillisalon.cz\/wp-content\/uploads\/2025\/01\/ero_web-1024x683.jpg 1024w, https:\/\/chillisalon.cz\/wp-content\/uploads\/2025\/01\/ero_web-768x512.jpg 768w, https:\/\/chillisalon.cz\/wp-content\/uploads\/2025\/01\/ero_web.jpg 1200w\" sizes=\"auto, (max-width: 300px) 100vw, 300px\" title=\"\">\t\t\t\t\t\t\n\t\t\t\t\t<\/div>\n\t\t\t\t\t\t\t\t\n<style>\n#image_1789821458 {\n  width: 70%;\n}\n<\/style>\n\t<\/div>\n\t\n\n\n\t\t<\/div>\n\t\t\t\t\t<\/div>\n\n\t\n\n<\/div>\n<p data-start=\"278\" data-end=\"294\"><strong data-start=\"278\" data-end=\"294\">What it includes:<\/strong><\/p>\n<ul data-start=\"296\" data-end=\"513\">\n<li data-start=\"296\" data-end=\"341\">\n<p data-start=\"298\" data-end=\"341\">professional full body touch techniques<\/p>\n<\/li>\n<li data-start=\"342\" data-end=\"384\">\n<p data-start=\"344\" data-end=\"384\">plynulou pr\u00e1ci s rytmem a pohybem t\u011bla<\/p>\n<\/li>\n<li data-start=\"385\" data-end=\"443\">\n<p data-start=\"387\" data-end=\"443\">vyu\u017eit\u00ed mas\u00e1\u017en\u00edho oleje pro hladk\u00fd a p\u0159irozen\u00fd kontakt<\/p>\n<\/li>\n<li data-start=\"444\" data-end=\"513\">\n<p data-start=\"446\" data-end=\"513\">individu\u00e1ln\u00ed domluvu p\u0159ed mas\u00e1\u017e\u00ed pro nastaven\u00ed hranic a intenzity<\/p>\n<\/li>\n<\/ul>\n<h3 data-start=\"520\" data-end=\"546\">\u00a0<\/h3>\n<h3 data-start=\"520\" data-end=\"546\">Pro koho je tato mas\u00e1\u017e<\/h3>\n<ul data-start=\"548\" data-end=\"766\">\n<li data-start=\"548\" data-end=\"622\">\n<p data-start=\"550\" data-end=\"622\">pro klienty, kte\u0159\u00ed hledaj\u00ed intenzivn\u011bj\u0161\u00ed a smysln\u011bj\u0161\u00ed t\u011blesn\u00fd pro\u017eitek<\/p>\n<\/li>\n<li data-start=\"623\" data-end=\"690\">\n<p data-start=\"625\" data-end=\"690\">pro ty, kte\u0159\u00ed cht\u011bj\u00ed uvolnit t\u011blo i mysl v diskr\u00e9tn\u00edm prost\u0159ed\u00ed<\/p>\n<\/li>\n<li data-start=\"691\" data-end=\"766\">\n<p data-start=\"693\" data-end=\"766\">pro dosp\u011bl\u00e9 klienty, kte\u0159\u00ed oce\u0148uj\u00ed profesion\u00e1ln\u00ed a respektuj\u00edc\u00ed p\u0159\u00edstup<\/p>\n<\/li>\n<\/ul>\n<p data-start=\"768\" data-end=\"864\">Ka\u017ed\u00e1 mas\u00e9rka v Salonu Chilli pracuje vlastn\u00edm stylem a p\u0159istupuje ke ka\u017ed\u00e9 mas\u00e1\u017ei individu\u00e1ln\u011b.<\/p>\n<h3 data-start=\"871\" data-end=\"887\"><br \/>What's in store for you?<\/h3>\n<p data-start=\"889\" data-end=\"1150\">Body to Body mas\u00e1\u017e prob\u00edh\u00e1 v klidn\u00e9 a diskr\u00e9tn\u00ed atmosf\u00e9\u0159e p\u0159i tlumen\u00e9m sv\u011btle a relaxa\u010dn\u00ed hudb\u011b.<br data-start=\"985\" data-end=\"988\" \/>Mas\u00e9rka pracuje s plynul\u00fdm pohybem t\u011bla a nah\u0159\u00e1t\u00fdm mas\u00e1\u017en\u00edm olejem tak, aby podpo\u0159ila hlubok\u00e9 uvoln\u011bn\u00ed, citliv\u00e9 vn\u00edm\u00e1n\u00ed doteku a celkov\u00fd pocit p\u0159\u00edtomnosti v t\u011ble.<\/p>\n<h3 data-start=\"1157\" data-end=\"1187\">\u00a0<\/h3>\n<h3 data-start=\"1157\" data-end=\"1187\">Why choose this massage?<\/h3>\n<ul data-start=\"1189\" data-end=\"1369\">\n<li data-start=\"1189\" data-end=\"1245\">\n<p data-start=\"1191\" data-end=\"1245\">a more intense physical experience than a traditional massage<\/p>\n<\/li>\n<li data-start=\"1246\" data-end=\"1289\">\n<p data-start=\"1248\" data-end=\"1289\">release of muscular and psychological tension<\/p>\n<\/li>\n<li data-start=\"1290\" data-end=\"1323\">\n<p data-start=\"1292\" data-end=\"1323\">support of body and senses perception<\/p>\n<\/li>\n<li data-start=\"1324\" data-end=\"1369\">\n<p data-start=\"1326\" data-end=\"1369\">v\u011bdom\u00fd a smysln\u00fd dotek bez tlaku na v\u00fdkon<\/p>\n<\/li>\n<\/ul>\n<h3 data-start=\"1376\" data-end=\"1398\"><br \/>How does the massage work?<\/h3>\n<p data-start=\"1400\" data-end=\"1642\">Na za\u010d\u00e1tku prob\u011bhne kr\u00e1tk\u00e1 domluva o pr\u016fb\u011bhu mas\u00e1\u017ee, intenzit\u011b doteku a va\u0161ich hranic\u00edch.<br data-start=\"1489\" data-end=\"1492\" \/>N\u00e1sleduje sprcha (samostatn\u011b nebo spole\u010dn\u011b \u2013 dle dohody) a pot\u00e9 samotn\u00e1 mas\u00e1\u017e, kter\u00e1 prob\u00edh\u00e1 plynule, citliv\u011b a v tempu p\u0159izp\u016fsoben\u00e9m va\u0161emu nalad\u011bn\u00ed.<\/p>\n<h3 data-start=\"1649\" data-end=\"1677\"><br \/>Why Salon Chilli?<\/h3>\n<ul data-start=\"1679\" data-end=\"1852\">\n<li data-start=\"1679\" data-end=\"1733\">\n<p data-start=\"1681\" data-end=\"1733\">discreet and professional environment in the centre of Prague<\/p>\n<\/li>\n<li data-start=\"1734\" data-end=\"1776\">\n<p data-start=\"1736\" data-end=\"1776\">experienced masseuses with respect for boundaries<\/p>\n<\/li>\n<li data-start=\"1777\" data-end=\"1812\">\n<p data-start=\"1779\" data-end=\"1812\">autentick\u00e9 profily a fotografie<\/p>\n<\/li>\n<li data-start=\"1813\" data-end=\"1852\">\n<p data-start=\"1815\" data-end=\"1852\">modern\u00ed, \u010dist\u00e9 a komfortn\u00ed prostory<\/p>\n<\/li>\n<\/ul>\n<p>Throughout the massage you have at your disposal <strong>free fresh water<\/strong>.<br \/>On request, it is possible to order <strong>alcoholic and non-alcoholic beverages<\/strong> from the salon's offer, which the receptionist will prepare for you.<\/p>\n\n\t\t<\/div>\n\t\t\t\t\t<\/div>\n\n\t\n\n\n<style>\n#row-1502099399 > .col > .col-inner {\n  padding: 0px 5% 0px 5%;\n}\n<\/style>\n<\/div>","protected":false},"excerpt":{"rendered":"","protected":false},"author":5,"featured_media":0,"parent":0,"menu_order":0,"comment_status":"closed","ping_status":"closed","template":"","meta":{"footnotes":""},"class_list":["post-29126","page","type-page","status-publish","hentry"],"_links":{"self":[{"href":"https:\/\/chillisalon.cz\/en\/wp-json\/wp\/v2\/pages\/29126","targetHints":{"allow":["GET"]}}],"collection":[{"href":"https:\/\/chillisalon.cz\/en\/wp-json\/wp\/v2\/pages"}],"about":[{"href":"https:\/\/chillisalon.cz\/en\/wp-json\/wp\/v2\/types\/page"}],"author":[{"embeddable":true,"href":"https:\/\/chillisalon.cz\/en\/wp-json\/wp\/v2\/users\/5"}],"replies":[{"embeddable":true,"href":"https:\/\/chillisalon.cz\/en\/wp-json\/wp\/v2\/comments?post=29126"}],"version-history":[{"count":9,"href":"https:\/\/chillisalon.cz\/en\/wp-json\/wp\/v2\/pages\/29126\/revisions"}],"predecessor-version":[{"id":32479,"href":"https:\/\/chillisalon.cz\/en\/wp-json\/wp\/v2\/pages\/29126\/revisions\/32479"}],"wp:attachment":[{"href":"https:\/\/chillisalon.cz\/en\/wp-json\/wp\/v2\/media?parent=29126"}],"curies":[{"name":"wp","href":"https:\/\/api.w.org\/{rel}","templated":true}]}}