{"id":29079,"date":"2025-04-09T17:14:07","date_gmt":"2025-04-09T17:14:07","guid":{"rendered":"https:\/\/chillisalon.cz\/?page_id=29079"},"modified":"2026-01-26T19:43:50","modified_gmt":"2026-01-26T18:43:50","slug":"eroticke-masaze-2","status":"publish","type":"page","link":"https:\/\/chillisalon.cz\/en\/eroticke-masaze-2\/","title":{"rendered":"Extras (something extra)"},"content":{"rendered":"<div id=\"page-header-2073222030\" class=\"page-header-wrapper\">\n  <div class=\"page-title light featured-title\">\n\n    \n    <div class=\"page-title-inner container align-center text-center flex-row-col medium-flex-wrap\" >\n              <div class=\"title-wrapper flex-col\">\n          <h1 class=\"entry-title mb-0\">\n            Extras (something extra)          <\/h1>\n        <\/div>\n                    <div class=\"title-content flex-col\">\n        <div class=\"title-breadcrumbs pb-half pt-half\"><nav class=\"woocommerce-breadcrumb breadcrumbs uppercase\" aria-label=\"Breadcrumb\" data-no-translation=\"\" data-trp-gettext=\"\">Home<\/nav><\/div>      <\/div>\n    <\/div>\n\n       <\/div>\n    <\/div>\n  \n\n<div class=\"row row-full-width align-middle align-center\"  id=\"row-290219802\">\n\n\n\t<div id=\"col-1893011862\" class=\"col small-12 large-12\"  >\n\t\t\t\t<div class=\"col-inner\"  >\n\t\t\t\n\t\t\t\n\n<div class=\"text-center\"><div class=\"is-divider divider clearfix\" style=\"max-width:100%;\"><\/div><\/div>\n\n<div class=\"row row-full-width\"  id=\"row-1254108899\">\n\n\n\t<div id=\"col-1775071484\" class=\"col medium-6 small-12 large-6\"  >\n\t\t\t\t<div class=\"col-inner\"  >\n\t\t\t\n\t\t\t\n\n<h2>Foot fetish \/ Foot job<\/h2>\n<h3 data-start=\"894\" data-end=\"908\">Foot fetish<\/h3>\n<p data-start=\"910\" data-end=\"1149\">Foot fetish massage at Salon Chilli is a sensual experience focused on the aesthetics of the feet, touch and attention to detail. The masseuse's feet become the main element of the ritual - their movement, proximity and touch work create intense sensory tension.<\/p>\n<p data-start=\"1151\" data-end=\"1328\">During the massage the emphasis is on perception, slowness and atmosphere. The client has the space to observe, experience and enjoy the contact with the feet of the masseuse in a safe and discreet environment.<\/p>\n<p data-start=\"1330\" data-end=\"1521\">Foot fetish is the ideal choice for those who like unconventional forms of erotic massage, aesthetics and sensual play without pressure to perform - just pure experience and attention to the present moment.<\/p>\n<h3>Foot job<\/h3>\n<p data-start=\"285\" data-end=\"506\">Foot job is a sensual erotic ritual in which the masseuse works with the touch of her feet and legs. The movements are slow, deliberate and focused on an intense sensory experience that combines relaxation, arousal and the aesthetics of touch.<\/p>\n<p data-start=\"508\" data-end=\"721\">The masseuse leads the whole experience sensitively and with respect for the agreed boundaries. Foot job offers a different kind of stimulation than a classic erotic massage - it is more gentle, playful and focused on detail, rhythm and perception of each movement.<\/p>\n<p data-start=\"723\" data-end=\"887\">This massage is the ideal choice for clients who want to discover new forms of sensual pleasure and enjoy an erotic experience based on originality and fantasy.<\/p>\n\n\t\t<\/div>\n\t\t\t\t\t<\/div>\n\n\t\n\n\t<div id=\"col-1166769719\" class=\"col medium-6 small-12 large-6\"  >\n\t\t\t\t<div class=\"col-inner text-right\"  >\n\t\t\t\n\t\t\t\n\n\t<div class=\"img has-hover x md-x lg-x y md-y lg-y\" id=\"image_1196709847\">\n\t\t\t\t\t\t\t\t<div class=\"img-inner dark\" >\n\t\t\t<img loading=\"lazy\" decoding=\"async\" width=\"300\" height=\"200\" src=\"https:\/\/chillisalon.cz\/wp-content\/uploads\/2025\/01\/footjob_web-300x200.jpg\" class=\"attachment-medium size-medium\" alt=\"\" srcset=\"https:\/\/chillisalon.cz\/wp-content\/uploads\/2025\/01\/footjob_web-300x200.jpg 300w, https:\/\/chillisalon.cz\/wp-content\/uploads\/2025\/01\/footjob_web-510x340.jpg 510w, https:\/\/chillisalon.cz\/wp-content\/uploads\/2025\/01\/footjob_web-1024x683.jpg 1024w, https:\/\/chillisalon.cz\/wp-content\/uploads\/2025\/01\/footjob_web-768x512.jpg 768w, https:\/\/chillisalon.cz\/wp-content\/uploads\/2025\/01\/footjob_web.jpg 1200w\" sizes=\"auto, (max-width: 300px) 100vw, 300px\" title=\"\">\t\t\t\t\t\t\n\t\t\t\t\t<\/div>\n\t\t\t\t\t\t\t\t\n<style>\n#image_1196709847 {\n  width: 70%;\n}\n<\/style>\n\t<\/div>\n\t\n\n\n\t\t<\/div>\n\t\t\t\t\t<\/div>\n\n\t\n\n<\/div>\n<div class=\"accordion\">\n\n\t<div id=\"accordion-2749661462\" class=\"accordion-item\">\n\t\t<a id=\"accordion-2749661462-label\" class=\"accordion-title plain\" href=\"#accordion-item-\u010c\u00edst-v\u00edce\" aria-expanded=\"false\" aria-controls=\"accordion-2749661462-content\">\n\t\t\t<button class=\"toggle\" aria-label=\"Toggle\"><i class=\"icon-angle-down\" aria-hidden=\"true\"><\/i><\/button>\n\t\t\t<span>Read more<\/span>\n\t\t<\/a>\n\t\t<div id=\"accordion-2749661462-content\" class=\"accordion-inner\" aria-labelledby=\"accordion-2749661462-label\">\n\t\t\t\n\n<div id=\"cmsmasters_heading_ed6x0zlr7g\" class=\"cmsmasters_heading_wrap cmsmasters_heading_align_left\">\n<p>If you are fascinated just by the sight of a woman's foot, then foot fetish is what you are looking for. It is the masseuse's feet that pamper your erogenous zones during your erotic massage, while you feel like caressing, kissing and stroking them. Let the masseuse get to know your deepest fantasies about your feet and explore them together.<\/p>\n<p>In the framework of <strong>footfetish<\/strong> you can play with your feet, your toes, your ankles. Kiss, lick, bite, sniff or massage the feet.... Have a footwear requirement (bare feet, stockings, socks or heels or boots).<\/p>\n<p>Foot fetish\/foot job is a real celebration of women's feet. Many men are in love with the smooth, slender legs of women and love the opportunity to admire and worship this beauty. At Chilli Salon, you can enjoy this delightful feeling as your chosen masseuse brings you, with your perfectly manicured feet, into a state of complete euphoria. This service will create waves of pleasure that melt throughout your body and transport you into a state of pure arousal.<\/p>\n<p><strong>Foot job<\/strong> During this service, your penis is stimulated with the flat side of the feet until full climax.<\/p>\n<p>The variants we offer are always mentioned in the profile of the individual lady:<br \/><strong>Footfetish:<\/strong><br \/>part of the massage time + 390,- CZK<br \/>separately (without massage) 15 min. 500,- CZK or 30 min. 1000,- CZK<\/p>\n<p><strong>Footjob:<\/strong><br \/>part of the massage time + 390,- CZK<br \/>separately (without massage) 30 min . 1800,- CZK<\/p>\n<p>Our Madams also provide BDSM, i.e. Trampling, a practice where the dominant person tramples on you (especially on your genitals). They may use heels to enhance the pain.<\/p>\n<p>\u00a0<\/p>\n<\/div>\n\n\t\t<\/div>\n\t<\/div>\n\t\n\n<\/div>\n<div class=\"text-center\"><div class=\"is-divider divider clearfix\" style=\"max-width:100%;\"><\/div><\/div>\n\n<div class=\"row row-full-width\"  id=\"row-672462756\">\n\n\n\t<div id=\"col-1500107167\" class=\"col medium-6 small-12 large-6\"  >\n\t\t\t\t<div class=\"col-inner\"  >\n\t\t\t\n\t\t\t\n\n\t<div class=\"img has-hover x md-x lg-x y md-y lg-y\" id=\"image_2016596420\">\n\t\t\t\t\t\t\t\t<div class=\"img-inner dark\" >\n\t\t\t<img loading=\"lazy\" decoding=\"async\" width=\"300\" height=\"200\" src=\"https:\/\/chillisalon.cz\/wp-content\/uploads\/2025\/01\/sarlota_gallery_03-300x200.jpg\" class=\"attachment-medium size-medium\" alt=\"\" srcset=\"https:\/\/chillisalon.cz\/wp-content\/uploads\/2025\/01\/sarlota_gallery_03-300x200.jpg 300w, https:\/\/chillisalon.cz\/wp-content\/uploads\/2025\/01\/sarlota_gallery_03-510x340.jpg 510w, https:\/\/chillisalon.cz\/wp-content\/uploads\/2025\/01\/sarlota_gallery_03-1024x683.jpg 1024w, https:\/\/chillisalon.cz\/wp-content\/uploads\/2025\/01\/sarlota_gallery_03-768x512.jpg 768w, https:\/\/chillisalon.cz\/wp-content\/uploads\/2025\/01\/sarlota_gallery_03.jpg 1200w\" sizes=\"auto, (max-width: 300px) 100vw, 300px\" title=\"\">\t\t\t\t\t\t\n\t\t\t\t\t<\/div>\n\t\t\t\t\t\t\t\t\n<style>\n#image_2016596420 {\n  width: 70%;\n}\n<\/style>\n\t<\/div>\n\t\n\n\n\t\t<\/div>\n\t\t\t\t\t<\/div>\n\n\t\n\n\t<div id=\"col-1157268996\" class=\"col medium-6 small-12 large-6\"  >\n\t\t\t\t<div class=\"col-inner\"  >\n\t\t\t\n\t\t\t\n\n<h3>Flirt dance<\/h3>\n<p data-start=\"160\" data-end=\"386\">Flirt dance is a sensual visual show that works with movement, atmosphere and tension. The masseuse guides you through a slow, seductive dance to the rhythm of the music, where every step, gesture and look is used to create an intense sensory experience.<\/p>\n<p data-start=\"388\" data-end=\"657\">This ritual is designed primarily for the eyes and imagination. The masseuse gradually reveals her body, works with the energy of the space and keeps you in pleasant anticipation. The flirt dance is entirely under her direction and is based on aesthetics, elegance and sensuality, not on physical contact.<\/p>\n<p data-start=\"659\" data-end=\"842\">Flirt dance is ideal as a stand-alone experience or as a distinctive enhancement to erotic massage. It offers a different dimension of pleasure - slow, tantalizing and intense, which remains long in the memory.<\/p>\n\n\t\t<\/div>\n\t\t\t\t\t<\/div>\n\n\t\n\n<\/div>\n<div class=\"accordion\">\n\n\t<div id=\"accordion-4240248658\" class=\"accordion-item\">\n\t\t<a id=\"accordion-4240248658-label\" class=\"accordion-title plain\" href=\"#accordion-item-\u010c\u00edst-v\u00edce\" aria-expanded=\"false\" aria-controls=\"accordion-4240248658-content\">\n\t\t\t<button class=\"toggle\" aria-label=\"Toggle\"><i class=\"icon-angle-down\" aria-hidden=\"true\"><\/i><\/button>\n\t\t\t<span>Read more<\/span>\n\t\t<\/a>\n\t\t<div id=\"accordion-4240248658-content\" class=\"accordion-inner\" aria-labelledby=\"accordion-4240248658-label\">\n\t\t\t\n\n<div id=\"cmsmasters_heading_ed6x0zlr7g\" class=\"cmsmasters_heading_wrap cmsmasters_heading_align_left\">\n<p>What do you mean by flirt dance? It is an erotic form of dancing in which the lady gradually undresses and reveals her curves only to your eyes. If you have any wishes as to what style of erotic lingerie she should wear, feel free to tell us your desires and wishes and we will try to accommodate.<\/p>\n<p>In the case of ordering this service, the time spent on flirt dance is included in the total order time.<br \/>Price: 490,- CZK<\/p>\n<\/div>\n\n\t\t<\/div>\n\t<\/div>\n\t\n\n<\/div>\n<div class=\"text-center\"><div class=\"is-divider divider clearfix\" style=\"max-width:100%;\"><\/div><\/div>\n\n<div class=\"row row-full-width\"  id=\"row-1097026303\">\n\n\n\t<div id=\"col-1657162812\" class=\"col medium-6 small-12 large-6\"  >\n\t\t\t\t<div class=\"col-inner\"  >\n\t\t\t\n\t\t\t\n\n<h3>Chilli show - lesbian show<\/h3>\n<p data-start=\"236\" data-end=\"441\">The Chilli Show is a sensual visual experience for those attracted to the energy and closeness of two women. You choose two masseuses who create a slow, aesthetic ritual of touch, movement and interplay in front of you.<\/p>\n<p data-start=\"443\" data-end=\"696\">Their bodies interconnect in fluid gestures, working with oil and body, in an atmosphere of calm, tension and sensuality. The Chilli show is all about the gaze, imagination and perception of details - a moment when time slows down and attention is focused on the present moment.<\/p>\n<p data-start=\"698\" data-end=\"837\">This experience is an ideal diversification of erotic massage and offers an intense sensory experience that is elegant, tantalizing and memorable.<\/p>\n\n\t\t<\/div>\n\t\t\t\t\t<\/div>\n\n\t\n\n\t<div id=\"col-494314915\" class=\"col medium-6 small-12 large-6\"  >\n\t\t\t\t<div class=\"col-inner\"  >\n\t\t\t\n\t\t\t\n\n\t<div class=\"img has-hover x md-x lg-x y md-y lg-y\" id=\"image_51956732\">\n\t\t\t\t\t\t\t\t<div class=\"img-inner dark\" >\n\t\t\t<img loading=\"lazy\" decoding=\"async\" width=\"300\" height=\"98\" src=\"https:\/\/chillisalon.cz\/wp-content\/uploads\/2025\/01\/michaela_gallery_05-300x98.jpg\" class=\"attachment-medium size-medium\" alt=\"\" srcset=\"https:\/\/chillisalon.cz\/wp-content\/uploads\/2025\/01\/michaela_gallery_05-300x98.jpg 300w, https:\/\/chillisalon.cz\/wp-content\/uploads\/2025\/01\/michaela_gallery_05-510x166.jpg 510w, https:\/\/chillisalon.cz\/wp-content\/uploads\/2025\/01\/michaela_gallery_05-1024x334.jpg 1024w, https:\/\/chillisalon.cz\/wp-content\/uploads\/2025\/01\/michaela_gallery_05-768x250.jpg 768w, https:\/\/chillisalon.cz\/wp-content\/uploads\/2025\/01\/michaela_gallery_05.jpg 1200w\" sizes=\"auto, (max-width: 300px) 100vw, 300px\" title=\"\">\t\t\t\t\t\t\n\t\t\t\t\t<\/div>\n\t\t\t\t\t\t\t\t\n<style>\n#image_51956732 {\n  width: 100%;\n}\n<\/style>\n\t<\/div>\n\t\n\n\n\t\t<\/div>\n\t\t\t\t\t<\/div>\n\n\t\n\n<\/div>\n<div class=\"accordion\">\n\n\t<div id=\"accordion-3184089378\" class=\"accordion-item\">\n\t\t<a id=\"accordion-3184089378-label\" class=\"accordion-title plain\" href=\"#accordion-item-\u010c\u00edst-v\u00edce\" aria-expanded=\"false\" aria-controls=\"accordion-3184089378-content\">\n\t\t\t<button class=\"toggle\" aria-label=\"Toggle\"><i class=\"icon-angle-down\" aria-hidden=\"true\"><\/i><\/button>\n\t\t\t<span>Read more<\/span>\n\t\t<\/a>\n\t\t<div id=\"accordion-3184089378-content\" class=\"accordion-inner\" aria-labelledby=\"accordion-3184089378-label\">\n\t\t\t\n\n<div id=\"cmsmasters_heading_ed6x0zlr7g\" class=\"cmsmasters_heading_wrap cmsmasters_heading_align_left\">\n<p>Does the sight of two women touching each other make you uncomfortable? Massage can be even more exciting than you imagine. So spice it up with our exclusive Chilli show, where you choose two masseuses who dress up in Eva's clothes and give each other a body-to-body massage. Enjoy the sight of two glistening bodies of our masseuses as an enhancement to your erotic massage.<\/p>\n<p>In case of ordering this service, the total time will be extended by 10 min. extra. A second lady of your choice will be available for this time.<br \/>Price: 850,- CZK<\/p>\n<h2><span style=\"font-size: 23.040001px; color: #333333;\">How to book a massage at Salon Chilli?<\/span><\/h2>\n<\/div>\n<p>Booking your perfect appointment with a masseuse is easy. Visit the profile of your chosen masseuse and there you will find the booking system for each service offered.&nbsp;<\/p>\n\n\t\t<\/div>\n\t<\/div>\n\t\n\n<\/div>\n<div class=\"text-center\"><div class=\"is-divider divider clearfix\" style=\"max-width:100%;\"><\/div><\/div>\n\n<div class=\"row row-full-width\"  id=\"row-408531626\">\n\n\n\t<div id=\"col-541213379\" class=\"col medium-6 small-12 large-6\"  >\n\t\t\t\t<div class=\"col-inner\"  >\n\t\t\t\n\t\t\t\n\n\t<div class=\"img has-hover x md-x lg-x y md-y lg-y\" id=\"image_496289484\">\n\t\t\t\t\t\t\t\t<div class=\"img-inner dark\" >\n\t\t\t<img loading=\"lazy\" decoding=\"async\" width=\"300\" height=\"209\" src=\"https:\/\/chillisalon.cz\/wp-content\/uploads\/2025\/01\/Polish_20240520_075954063-300x209.jpg\" class=\"attachment-medium size-medium\" alt=\"\" srcset=\"https:\/\/chillisalon.cz\/wp-content\/uploads\/2025\/01\/Polish_20240520_075954063-300x209.jpg 300w, https:\/\/chillisalon.cz\/wp-content\/uploads\/2025\/01\/Polish_20240520_075954063-510x355.jpg 510w, https:\/\/chillisalon.cz\/wp-content\/uploads\/2025\/01\/Polish_20240520_075954063-1024x712.jpg 1024w, https:\/\/chillisalon.cz\/wp-content\/uploads\/2025\/01\/Polish_20240520_075954063-768x534.jpg 768w, https:\/\/chillisalon.cz\/wp-content\/uploads\/2025\/01\/Polish_20240520_075954063.jpg 1086w\" sizes=\"auto, (max-width: 300px) 100vw, 300px\" title=\"\">\t\t\t\t\t\t\n\t\t\t\t\t<\/div>\n\t\t\t\t\t\t\t\t\n<style>\n#image_496289484 {\n  width: 70%;\n}\n<\/style>\n\t<\/div>\n\t\n\n\n\t\t<\/div>\n\t\t\t\t\t<\/div>\n\n\t\n\n\t<div id=\"col-1191092327\" class=\"col medium-6 small-12 large-6\"  >\n\t\t\t\t<div class=\"col-inner\"  >\n\t\t\t\n\t\t\t\n\n<h3>Facesitting<\/h3>\n<p data-start=\"175\" data-end=\"405\">Facesitting is an intimate and sensual experience based on closeness, trust and conscious bodywork. The masseuse sits gently on your face, dressed in lingerie, while you lie in a comfortable position and feel her presence, weight and energy.<\/p>\n<p data-start=\"407\" data-end=\"627\">The whole ritual is slow and sensitive. The masseuse is in control of the process, but at the same time, she cares about your comfort, respect and safety. The experience is based on an intimate atmosphere, calmness and sensory perception, not on hurry or pressure.<\/p>\n<p data-start=\"629\" data-end=\"798\">Facesitting offers an intense combination of excitement and relaxation - a moment where attention is focused on the body, the breath and the present moment in a discreet and respectful environment.<\/p>\n\n\t\t<\/div>\n\t\t\t\t\t<\/div>\n\n\t\n\n<\/div>\n<div class=\"text-center\"><div class=\"is-divider divider clearfix\" style=\"max-width:100%;\"><\/div><\/div>\n\n<div class=\"row row-full-width\"  id=\"row-2015700748\">\n\n\n\t<div id=\"col-1020251206\" class=\"col medium-6 small-12 large-6\"  >\n\t\t\t\t<div class=\"col-inner\"  >\n\t\t\t\n\t\t\t\n\n<h3>Autoerotics<\/h3>\n<p data-start=\"178\" data-end=\"396\">Autoeroticism is an intimate visual experience focused on sensuality, atmosphere and the perception of the present moment. The client remains in the role of observer while the masseuse focuses on her own experience in a quiet and discreet environment.<\/p>\n<p data-start=\"398\" data-end=\"608\">The whole ritual takes place without physical contact and is based on visual perception, slowness and working with energy and attention. The atmosphere is relaxed, respectful and guided to promote a sense of safety and intimacy.<\/p>\n<p data-start=\"610\" data-end=\"842\">The course is always pre-arranged, within clearly set boundaries. The masseuse has control over the course of the experience and makes sure that the whole experience is comfortable, calm and sensually intense - without the need for active involvement on the part of the client.<\/p>\n\n\t\t<\/div>\n\t\t\t\t\t<\/div>\n\n\t\n\n\t<div id=\"col-24657893\" class=\"col medium-6 small-12 large-6\"  >\n\t\t\t\t<div class=\"col-inner text-right\"  >\n\t\t\t\n\t\t\t\n\n\t<div class=\"img has-hover x md-x lg-x y md-y lg-y\" id=\"image_1772520536\">\n\t\t\t\t\t\t\t\t<div class=\"img-inner dark\" >\n\t\t\t<img loading=\"lazy\" decoding=\"async\" width=\"300\" height=\"200\" src=\"https:\/\/chillisalon.cz\/wp-content\/uploads\/2025\/01\/logo_002-e1704139054145-300x200.jpg\" class=\"attachment-medium size-medium\" alt=\"\" srcset=\"https:\/\/chillisalon.cz\/wp-content\/uploads\/2025\/01\/logo_002-e1704139054145-300x200.jpg 300w, https:\/\/chillisalon.cz\/wp-content\/uploads\/2025\/01\/logo_002-e1704139054145.jpg 420w\" sizes=\"auto, (max-width: 300px) 100vw, 300px\" title=\"\">\t\t\t\t\t\t\n\t\t\t\t\t<\/div>\n\t\t\t\t\t\t\t\t\n<style>\n#image_1772520536 {\n  width: 70%;\n}\n<\/style>\n\t<\/div>\n\t\n\n\n\t\t<\/div>\n\t\t\t\t\t<\/div>\n\n\t\n\n<\/div>\n<div class=\"text-center\"><div class=\"is-divider divider clearfix\" style=\"max-width:100%;\"><\/div><\/div>\n\n<div class=\"row row-full-width\"  id=\"row-1896357632\">\n\n\n\t<div id=\"col-1846844928\" class=\"col medium-6 small-12 large-6\"  >\n\t\t\t\t<div class=\"col-inner\"  >\n\t\t\t\n\t\t\t\n\n\t<div class=\"img has-hover x md-x lg-x y md-y lg-y\" id=\"image_278011443\">\n\t\t\t\t\t\t\t\t<div class=\"img-inner dark\" >\n\t\t\t<img loading=\"lazy\" decoding=\"async\" width=\"300\" height=\"200\" src=\"https:\/\/chillisalon.cz\/wp-content\/uploads\/2025\/01\/prostata_web-300x200.jpg\" class=\"attachment-medium size-medium\" alt=\"\" srcset=\"https:\/\/chillisalon.cz\/wp-content\/uploads\/2025\/01\/prostata_web-300x200.jpg 300w, https:\/\/chillisalon.cz\/wp-content\/uploads\/2025\/01\/prostata_web-510x340.jpg 510w, https:\/\/chillisalon.cz\/wp-content\/uploads\/2025\/01\/prostata_web-1024x683.jpg 1024w, https:\/\/chillisalon.cz\/wp-content\/uploads\/2025\/01\/prostata_web-768x512.jpg 768w, https:\/\/chillisalon.cz\/wp-content\/uploads\/2025\/01\/prostata_web.jpg 1200w\" sizes=\"auto, (max-width: 300px) 100vw, 300px\" title=\"\">\t\t\t\t\t\t\n\t\t\t\t\t<\/div>\n\t\t\t\t\t\t\t\t\n<style>\n#image_278011443 {\n  width: 70%;\n}\n<\/style>\n\t<\/div>\n\t\n\n\n\t\t<\/div>\n\t\t\t\t\t<\/div>\n\n\t\n\n\t<div id=\"col-1353966051\" class=\"col medium-6 small-12 large-6\"  >\n\t\t\t\t<div class=\"col-inner\"  >\n\t\t\t\n\t\t\t\n\n<h3>Prostate massage<\/h3>\n<p data-start=\"159\" data-end=\"394\">Prostate massage is a sensual bodywork practice focused on deep relaxation, body awareness and intense sensory experience. Performed by an experienced masseuse, it offers space to explore new levels of relaxation and work with the body's inner sensitivity.<\/p>\n<p data-start=\"396\" data-end=\"606\">The entire experience is guided with an emphasis on comfort, peace and respect for individual boundaries. The massage takes place in a discreet environment and is focused on total relaxation of body and mind, not on performance or expected outcome.<\/p>\n<p data-start=\"608\" data-end=\"789\">Prostate massage is offered as a specific part of the erotic massages at Salon Chilli, always by appointment, with maximum emphasis on safety, hygiene and mutual respect.<\/p>\n\n\t\t<\/div>\n\t\t\t\t\t<\/div>\n\n\t\n\n<\/div>\n\n\t\t<\/div>\n\t\t\t\t\t<\/div>\n\n\t\n\n\n<style>\n#row-290219802 > .col > .col-inner {\n  padding: 0px 5% 0px 5%;\n}\n<\/style>\n<\/div>","protected":false},"excerpt":{"rendered":"","protected":false},"author":5,"featured_media":0,"parent":0,"menu_order":0,"comment_status":"closed","ping_status":"closed","template":"","meta":{"footnotes":""},"class_list":["post-29079","page","type-page","status-publish","hentry"],"_links":{"self":[{"href":"https:\/\/chillisalon.cz\/en\/wp-json\/wp\/v2\/pages\/29079","targetHints":{"allow":["GET"]}}],"collection":[{"href":"https:\/\/chillisalon.cz\/en\/wp-json\/wp\/v2\/pages"}],"about":[{"href":"https:\/\/chillisalon.cz\/en\/wp-json\/wp\/v2\/types\/page"}],"author":[{"embeddable":true,"href":"https:\/\/chillisalon.cz\/en\/wp-json\/wp\/v2\/users\/5"}],"replies":[{"embeddable":true,"href":"https:\/\/chillisalon.cz\/en\/wp-json\/wp\/v2\/comments?post=29079"}],"version-history":[{"count":6,"href":"https:\/\/chillisalon.cz\/en\/wp-json\/wp\/v2\/pages\/29079\/revisions"}],"predecessor-version":[{"id":32450,"href":"https:\/\/chillisalon.cz\/en\/wp-json\/wp\/v2\/pages\/29079\/revisions\/32450"}],"wp:attachment":[{"href":"https:\/\/chillisalon.cz\/en\/wp-json\/wp\/v2\/media?parent=29079"}],"curies":[{"name":"wp","href":"https:\/\/api.w.org\/{rel}","templated":true}]}}