{"id":28952,"date":"2025-02-05T12:37:33","date_gmt":"2025-02-05T12:37:33","guid":{"rendered":"https:\/\/chillisalon.cz\/?post_type=product&#038;p=28952"},"modified":"2025-02-05T12:38:28","modified_gmt":"2025-02-05T12:38:28","slug":"darkovy-poukaz-na-hodnotu-2000-kc","status":"publish","type":"product","link":"https:\/\/chillisalon.cz\/de\/produkt\/darkovy-poukaz-na-hodnotu-2000-kc\/","title":{"rendered":"Geschenkgutschein im Wert von 2000,- CZK"},"content":{"rendered":"<p class=\"p1\">Suchen Sie etwas Besonderes, um Ihren Partner, einen Freund oder jemanden, der ein au\u00dfergew\u00f6hnliches Erlebnis verdient, zu erfreuen? Ein Geschenkgutschein f\u00fcr unseren erotischen Massagesalon ist die perfekte Wahl! G\u00f6nnen Sie Ihren Liebsten Momente der absoluten Entspannung, der sinnlichen Pflege und der aufregenden Ber\u00fchrung durch unsere erfahrenen Masseurinnen.<\/p>\n<p class=\"p3\"><b>Warum unseren Geschenkgutschein w\u00e4hlen?<\/b><b><\/b><\/p>\n<p class=\"p1\">\u2714 <span class=\"s2\"><b>Ein unvergessliches Erlebnis<\/b><\/span> - der Empf\u00e4nger kann aus exklusiven erotischen Massagen nach seinen Vorlieben w\u00e4hlen<\/p>\n<p class=\"p1\">\u2714 <span class=\"s2\"><b>Luxus und Sinnlichkeit<\/b><\/span> - professionelle Betreuung in einer diskreten und angenehmen Umgebung<\/p>\n<p class=\"p1\">\u2714 <span class=\"s2\"><b>Flexibilit\u00e4t<\/b><\/span> - verschiedene Gutscheinwerte erm\u00f6glichen es Ihnen, eine Massage nach Ihren W\u00fcnschen und Ihrer Stimmung zu w\u00e4hlen<\/p>\n<p class=\"p1\">G\u00f6nnen Sie Ihren Liebsten Momente der Erregung und der perfekten Entspannung. Mit unserem Geschenkgutschein werden sie sich in einer Welt der Sinnlichkeit, der Ber\u00fchrung und des Vergn\u00fcgens wiederfinden, die sie nie vergessen werden.<\/p>\n<p><strong>Wie Sie diesen Gutschein einl\u00f6sen k\u00f6nnen:<\/strong><\/p>\n<p><strong>1. besuchen Sie unsere Website unter chillisalon.cz<\/strong><br \/>\n<strong>2. W\u00e4hlen Sie den Dienst Ihrer Wahl<\/strong><br \/>\n<strong>3. Geben Sie bei der Buchung den Gutscheincode in das Feld f\u00fcr den Rabattcode ein<\/strong><\/p>\n<p><strong>Bedingungen f\u00fcr die Nutzung:<\/strong><\/p>\n<p><strong>- Dieser Gutschein kann auf unserer Website oder pers\u00f6nlich an der Rezeption eingel\u00f6st werden<\/strong><br \/>\n<strong>- Der Wert des Gutscheins wird vom Gesamtpreis der Reservierung abgezogen<\/strong><br \/>\n<strong>- Der Gutschein kann nicht gegen Bargeld eingel\u00f6st werden.<\/strong><br \/>\n<strong>- Der nicht genutzte Wert des Gutscheins verf\u00e4llt nach Ablauf der G\u00fcltigkeit.<\/strong><br \/>\n<strong><br \/>\nWir freuen uns auf Ihren Besuch!<\/strong><\/p>","protected":false},"excerpt":{"rendered":"<p>Suchen Sie etwas Besonderes, um Ihren Partner, einen Freund oder jemanden, der ein au\u00dfergew\u00f6hnliches Erlebnis verdient, zu erfreuen? Ein Geschenkgutschein f\u00fcr unseren erotischen Massagesalon ist die perfekte Wahl! G\u00f6nnen Sie Ihren Liebsten Momente der absoluten Entspannung, der sinnlichen Pflege und der aufregenden Ber\u00fchrung durch unsere erfahrenen Masseurinnen. Warum sollten Sie sich f\u00fcr unseren Geschenkgutschein entscheiden? \u2714 Unvergessliches Erlebnis - der Beschenkte kann zwischen exklusiven erotischen [...]","protected":false},"featured_media":28950,"template":"","meta":[],"product_brand":[],"product_cat":[42],"product_tag":[],"class_list":{"0":"post-28952","1":"product","2":"type-product","3":"status-publish","4":"has-post-thumbnail","6":"product_cat-darkovy-poukaz-na-hodnotu","8":"first","9":"instock","10":"downloadable","11":"shipping-taxable","12":"purchasable","13":"product-type-simple"},"_links":{"self":[{"href":"https:\/\/chillisalon.cz\/de\/wp-json\/wp\/v2\/product\/28952","targetHints":{"allow":["GET"]}}],"collection":[{"href":"https:\/\/chillisalon.cz\/de\/wp-json\/wp\/v2\/product"}],"about":[{"href":"https:\/\/chillisalon.cz\/de\/wp-json\/wp\/v2\/types\/product"}],"wp:featuredmedia":[{"embeddable":true,"href":"https:\/\/chillisalon.cz\/de\/wp-json\/wp\/v2\/media\/28950"}],"wp:attachment":[{"href":"https:\/\/chillisalon.cz\/de\/wp-json\/wp\/v2\/media?parent=28952"}],"wp:term":[{"taxonomy":"product_brand","embeddable":true,"href":"https:\/\/chillisalon.cz\/de\/wp-json\/wp\/v2\/product_brand?post=28952"},{"taxonomy":"product_cat","embeddable":true,"href":"https:\/\/chillisalon.cz\/de\/wp-json\/wp\/v2\/product_cat?post=28952"},{"taxonomy":"product_tag","embeddable":true,"href":"https:\/\/chillisalon.cz\/de\/wp-json\/wp\/v2\/product_tag?post=28952"}],"curies":[{"name":"wp","href":"https:\/\/api.w.org\/{rel}","templated":true}]}}