{"id":27521,"date":"2024-07-30T15:00:31","date_gmt":"2024-07-30T13:00:31","guid":{"rendered":"https:\/\/chillisalon.cz\/?post_type=product&amp;p=27521"},"modified":"2024-07-30T15:00:31","modified_gmt":"2024-07-30T13:00:31","slug":"darkovy-poukaz-telo-na-telo-body-to-body-masaz-120-minut","status":"publish","type":"product","link":"https:\/\/chillisalon.cz\/de\/produkt\/darkovy-poukaz-telo-na-telo-body-to-body-masaz-120-minut\/","title":{"rendered":"Geschenkgutschein - K\u00f6rper zu K\u00f6rper Massage 120 Minuten"},"content":{"rendered":"<p class=\"p1\">Ein Geschenkgutschein f\u00fcr eine zweist\u00fcndige Body-to-Body-Massage ist das ultimative sinnliche Erlebnis und eine tiefe Entspannung. W\u00e4hrend dieser zwei Stunden setzt die Masseurin ihren ganzen K\u00f6rper ein, um einen intensiven und ununterbrochenen Fluss sinnlicher Ber\u00fchrungen zu bieten, der nicht nur Ihre Muskeln, sondern auch Ihren Geist entspannt. Durch die verl\u00e4ngerte Zeit kann die Masseurin jeden Teil Ihres K\u00f6rpers gr\u00fcndlich behandeln, was zu einer intensiven k\u00f6rperlichen und emotionalen Entspannung f\u00fchrt. Diese Erfahrung ist ideal f\u00fcr alle, die dem Alltagsstress entfliehen und sich rundum wohlf\u00fchlen m\u00f6chten.<\/p>\n<p><strong>Wie Sie diesen Gutschein einl\u00f6sen k\u00f6nnen:<\/strong><\/p>\n<p><strong>1. besuchen Sie unsere Website unter chillisalon.cz<\/strong><br \/>\n<strong>2. W\u00e4hlen Sie den Dienst Ihrer Wahl<\/strong><br \/>\n<strong>3. Geben Sie bei der Buchung den Gutscheincode in das Feld f\u00fcr den Rabattcode ein<\/strong><\/p>\n<p><strong>Bedingungen f\u00fcr die Nutzung:<\/strong><\/p>\n<p><strong>- Dieser Gutschein kann auf unserer Website oder pers\u00f6nlich an der Rezeption eingel\u00f6st werden<\/strong><br \/>\n<strong>- Der Wert des Gutscheins wird vom Gesamtpreis der Reservierung abgezogen<\/strong><br \/>\n<strong>- Der Gutschein kann nicht gegen Bargeld eingel\u00f6st werden.<\/strong><br \/>\n<strong>- Der nicht genutzte Wert des Gutscheins verf\u00e4llt nach Ablauf der G\u00fcltigkeit.<\/strong><br \/>\n<strong><br \/>\nWir freuen uns auf Ihren Besuch!<\/strong><\/p>","protected":false},"excerpt":{"rendered":"<p>Ein Geschenkgutschein f\u00fcr eine zweist\u00fcndige Body-to-Body-Massage ist das ultimative sinnliche Erlebnis und eine tiefe Entspannung. W\u00e4hrend dieser zwei Stunden setzt die Masseurin ihren ganzen K\u00f6rper ein, um einen intensiven und ununterbrochenen Fluss sinnlicher Ber\u00fchrungen zu bieten, der nicht nur Ihre Muskeln, sondern auch Ihren Geist entspannt. Die lange Zeitspanne erm\u00f6glicht es der Masseurin, jeden Teil Ihres K\u00f6rpers gr\u00fcndlich zu behandeln, was zu einer [...]","protected":false},"featured_media":27226,"template":"","meta":[],"product_brand":[],"product_cat":[36],"product_tag":[],"class_list":{"0":"post-27521","1":"product","2":"type-product","3":"status-publish","4":"has-post-thumbnail","6":"product_cat-telo-na-telo-body-to-body-masaz","8":"first","9":"instock","10":"downloadable","11":"shipping-taxable","12":"purchasable","13":"product-type-simple"},"_links":{"self":[{"href":"https:\/\/chillisalon.cz\/de\/wp-json\/wp\/v2\/product\/27521","targetHints":{"allow":["GET"]}}],"collection":[{"href":"https:\/\/chillisalon.cz\/de\/wp-json\/wp\/v2\/product"}],"about":[{"href":"https:\/\/chillisalon.cz\/de\/wp-json\/wp\/v2\/types\/product"}],"wp:featuredmedia":[{"embeddable":true,"href":"https:\/\/chillisalon.cz\/de\/wp-json\/wp\/v2\/media\/27226"}],"wp:attachment":[{"href":"https:\/\/chillisalon.cz\/de\/wp-json\/wp\/v2\/media?parent=27521"}],"wp:term":[{"taxonomy":"product_brand","embeddable":true,"href":"https:\/\/chillisalon.cz\/de\/wp-json\/wp\/v2\/product_brand?post=27521"},{"taxonomy":"product_cat","embeddable":true,"href":"https:\/\/chillisalon.cz\/de\/wp-json\/wp\/v2\/product_cat?post=27521"},{"taxonomy":"product_tag","embeddable":true,"href":"https:\/\/chillisalon.cz\/de\/wp-json\/wp\/v2\/product_tag?post=27521"}],"curies":[{"name":"wp","href":"https:\/\/api.w.org\/{rel}","templated":true}]}}