{"id":27517,"date":"2024-07-30T14:52:13","date_gmt":"2024-07-30T12:52:13","guid":{"rendered":"https:\/\/chillisalon.cz\/?post_type=product&amp;p=27517"},"modified":"2024-07-30T14:52:13","modified_gmt":"2024-07-30T12:52:13","slug":"darkovy-poukaz-celotelova-chilli-masaz-eroticka-120-minut","status":"publish","type":"product","link":"https:\/\/chillisalon.cz\/de\/produkt\/darkovy-poukaz-celotelova-chilli-masaz-eroticka-120-minut\/","title":{"rendered":"Geschenkgutschein - Chili-Ganzk\u00f6rpermassage (Erotik) 120 Minuten"},"content":{"rendered":"<p class=\"p1\">Ein Geschenkgutschein f\u00fcr eine zweist\u00fcndige Chili-Ganzk\u00f6rpermassage ist das intensivste und umfassendste Sinneserlebnis, das Sie sich g\u00f6nnen k\u00f6nnen. W\u00e4hrend dieser zwei Stunden widmet sich die Masseurin jedem Teil Ihres K\u00f6rpers mit gr\u00f6\u00dfter Sorgfalt und Intensit\u00e4t, wobei sie einzigartige Techniken und w\u00e4rmende \u00d6le verwendet, um alle Ihre Sinne zu stimulieren. Diese lange Zeitspanne sorgt f\u00fcr eine tiefe k\u00f6rperliche und emotionale Entspannung, die Sie mit neuer Energie und einem Gef\u00fchl des vollst\u00e4ndigen Wohlbefindens erf\u00fcllt. Diese Massage ist ideal f\u00fcr alle, die eine vollst\u00e4ndige Regeneration von K\u00f6rper und Geist erleben und dem Alltagsstress entfliehen m\u00f6chten.<\/p>\n<p><strong>Wie Sie diesen Gutschein einl\u00f6sen k\u00f6nnen:<\/strong><\/p>\n<p><strong>1. besuchen Sie unsere Website unter chillisalon.cz<\/strong><br \/>\n<strong>2. W\u00e4hlen Sie den Dienst Ihrer Wahl<\/strong><br \/>\n<strong>3. Geben Sie bei der Buchung den Gutscheincode in das Feld f\u00fcr den Rabattcode ein<\/strong><\/p>\n<p><strong>Bedingungen f\u00fcr die Nutzung:<\/strong><\/p>\n<p><strong>- Dieser Gutschein kann auf unserer Website oder pers\u00f6nlich an der Rezeption eingel\u00f6st werden<\/strong><br \/>\n<strong>- Der Wert des Gutscheins wird vom Gesamtpreis der Reservierung abgezogen<\/strong><br \/>\n<strong>- Der Gutschein kann nicht gegen Bargeld eingel\u00f6st werden.<\/strong><br \/>\n<strong>- Der nicht genutzte Wert des Gutscheins verf\u00e4llt nach Ablauf der G\u00fcltigkeit.<\/strong><br \/>\n<strong><br \/>\nWir freuen uns auf Ihren Besuch!<\/strong><\/p>","protected":false},"excerpt":{"rendered":"<p>Ein Geschenkgutschein f\u00fcr eine zweist\u00fcndige Chili-Ganzk\u00f6rpermassage ist das intensivste und umfassendste Sinneserlebnis, das Sie sich g\u00f6nnen k\u00f6nnen. W\u00e4hrend dieser zwei Stunden widmet sich die Masseurin jedem Teil Ihres K\u00f6rpers mit gr\u00f6\u00dfter Sorgfalt und Intensit\u00e4t, wobei sie einzigartige Techniken und w\u00e4rmende \u00d6le verwendet, um alle Ihre Sinne zu stimulieren. Diese ausgedehnte Zeitspanne sorgt f\u00fcr eine tiefe k\u00f6rperliche und emotionale Entspannung, [...]","protected":false},"featured_media":27219,"template":"","meta":[],"product_brand":[],"product_cat":[35],"product_tag":[],"class_list":{"0":"post-27517","1":"product","2":"type-product","3":"status-publish","4":"has-post-thumbnail","6":"product_cat-celotelova-chilli-masaz","8":"first","9":"instock","10":"downloadable","11":"shipping-taxable","12":"purchasable","13":"product-type-simple"},"_links":{"self":[{"href":"https:\/\/chillisalon.cz\/de\/wp-json\/wp\/v2\/product\/27517","targetHints":{"allow":["GET"]}}],"collection":[{"href":"https:\/\/chillisalon.cz\/de\/wp-json\/wp\/v2\/product"}],"about":[{"href":"https:\/\/chillisalon.cz\/de\/wp-json\/wp\/v2\/types\/product"}],"wp:featuredmedia":[{"embeddable":true,"href":"https:\/\/chillisalon.cz\/de\/wp-json\/wp\/v2\/media\/27219"}],"wp:attachment":[{"href":"https:\/\/chillisalon.cz\/de\/wp-json\/wp\/v2\/media?parent=27517"}],"wp:term":[{"taxonomy":"product_brand","embeddable":true,"href":"https:\/\/chillisalon.cz\/de\/wp-json\/wp\/v2\/product_brand?post=27517"},{"taxonomy":"product_cat","embeddable":true,"href":"https:\/\/chillisalon.cz\/de\/wp-json\/wp\/v2\/product_cat?post=27517"},{"taxonomy":"product_tag","embeddable":true,"href":"https:\/\/chillisalon.cz\/de\/wp-json\/wp\/v2\/product_tag?post=27517"}],"curies":[{"name":"wp","href":"https:\/\/api.w.org\/{rel}","templated":true}]}}