{"id":27516,"date":"2024-07-30T14:50:28","date_gmt":"2024-07-30T12:50:28","guid":{"rendered":"https:\/\/chillisalon.cz\/?post_type=product&amp;p=27516"},"modified":"2024-07-30T14:50:28","modified_gmt":"2024-07-30T12:50:28","slug":"darkovy-poukaz-celotelova-chilli-masaz-eroticka-90-minut","status":"publish","type":"product","link":"https:\/\/chillisalon.cz\/de\/produkt\/darkovy-poukaz-celotelova-chilli-masaz-eroticka-90-minut\/","title":{"rendered":"Geschenkgutschein - Chili-Ganzk\u00f6rpermassage (erotisch) 90 Minuten"},"content":{"rendered":"<p class=\"p1\">Ein Geschenkgutschein f\u00fcr eine 90-min\u00fctige Chili-Ganzk\u00f6rpermassage ist die intensivste Variante dieser Massage, die es der Masseurin erm\u00f6glicht, sich jedem Teil des K\u00f6rpers mit maximaler Sorgfalt und Intensit\u00e4t zu widmen. Diese lange Zeitspanne sorgt f\u00fcr eine tiefe k\u00f6rperliche und emotionale Entspannung, w\u00e4hrend einzigartige Techniken und w\u00e4rmende \u00d6le alle Sinne anregen. Diese Erfahrung ist ideal f\u00fcr alle, die eine vollst\u00e4ndige sensorische Regeneration und eine Flucht aus dem Alltagsstress erleben m\u00f6chten.<\/p>\n<p><strong>Wie Sie diesen Gutschein einl\u00f6sen k\u00f6nnen:<\/strong><\/p>\n<p><strong>1. besuchen Sie unsere Website unter chillisalon.cz<\/strong><br \/>\n<strong>2. W\u00e4hlen Sie den Dienst Ihrer Wahl<\/strong><br \/>\n<strong>3. Geben Sie bei der Buchung den Gutscheincode in das Feld f\u00fcr den Rabattcode ein<\/strong><\/p>\n<p><strong>Bedingungen f\u00fcr die Nutzung:<\/strong><\/p>\n<p><strong>- Dieser Gutschein kann auf unserer Website oder pers\u00f6nlich an der Rezeption eingel\u00f6st werden<\/strong><br \/>\n<strong>- Der Wert des Gutscheins wird vom Gesamtpreis der Reservierung abgezogen<\/strong><br \/>\n<strong>- Der Gutschein kann nicht gegen Bargeld eingel\u00f6st werden.<\/strong><br \/>\n<strong>- Der nicht genutzte Wert des Gutscheins verf\u00e4llt nach Ablauf der G\u00fcltigkeit.<\/strong><br \/>\n<strong><br \/>\nWir freuen uns auf Ihren Besuch!<\/strong><\/p>","protected":false},"excerpt":{"rendered":"<p>Ein Geschenkgutschein f\u00fcr eine 90-min\u00fctige Chili-Ganzk\u00f6rpermassage ist die intensivste Variante dieser Massage, die es der Masseurin erm\u00f6glicht, sich jedem Teil des K\u00f6rpers mit maximaler Sorgfalt und Intensit\u00e4t zu widmen. Diese lange Zeitspanne sorgt f\u00fcr eine tiefe k\u00f6rperliche und emotionale Entspannung, w\u00e4hrend einzigartige Techniken und w\u00e4rmende \u00d6le alle Sinne anregen. Diese Erfahrung ist ideal f\u00fcr diejenigen, die eine vollst\u00e4ndige [...]","protected":false},"featured_media":27219,"template":"","meta":[],"product_brand":[],"product_cat":[35],"product_tag":[],"class_list":{"0":"post-27516","1":"product","2":"type-product","3":"status-publish","4":"has-post-thumbnail","6":"product_cat-celotelova-chilli-masaz","8":"first","9":"instock","10":"downloadable","11":"shipping-taxable","12":"purchasable","13":"product-type-simple"},"_links":{"self":[{"href":"https:\/\/chillisalon.cz\/de\/wp-json\/wp\/v2\/product\/27516","targetHints":{"allow":["GET"]}}],"collection":[{"href":"https:\/\/chillisalon.cz\/de\/wp-json\/wp\/v2\/product"}],"about":[{"href":"https:\/\/chillisalon.cz\/de\/wp-json\/wp\/v2\/types\/product"}],"wp:featuredmedia":[{"embeddable":true,"href":"https:\/\/chillisalon.cz\/de\/wp-json\/wp\/v2\/media\/27219"}],"wp:attachment":[{"href":"https:\/\/chillisalon.cz\/de\/wp-json\/wp\/v2\/media?parent=27516"}],"wp:term":[{"taxonomy":"product_brand","embeddable":true,"href":"https:\/\/chillisalon.cz\/de\/wp-json\/wp\/v2\/product_brand?post=27516"},{"taxonomy":"product_cat","embeddable":true,"href":"https:\/\/chillisalon.cz\/de\/wp-json\/wp\/v2\/product_cat?post=27516"},{"taxonomy":"product_tag","embeddable":true,"href":"https:\/\/chillisalon.cz\/de\/wp-json\/wp\/v2\/product_tag?post=27516"}],"curies":[{"name":"wp","href":"https:\/\/api.w.org\/{rel}","templated":true}]}}