{"id":27515,"date":"2024-07-30T14:48:52","date_gmt":"2024-07-30T12:48:52","guid":{"rendered":"https:\/\/chillisalon.cz\/?post_type=product&amp;p=27515"},"modified":"2024-07-30T14:48:52","modified_gmt":"2024-07-30T12:48:52","slug":"darkovy-poukaz-celotelova-chilli-masaz-eroticka-60-minut","status":"publish","type":"product","link":"https:\/\/chillisalon.cz\/de\/produkt\/darkovy-poukaz-celotelova-chilli-masaz-eroticka-60-minut\/","title":{"rendered":"Geschenkgutschein - Ganzk\u00f6rpermassage mit Chili (Erotik) 60 Minuten"},"content":{"rendered":"<p class=\"p1\">Ein Geschenkgutschein f\u00fcr eine einst\u00fcndige Chili-Ganzk\u00f6rpermassage bietet ein intensives und tiefes Sinneserlebnis. Die Masseurin bearbeitet den ganzen K\u00f6rper und konzentriert sich dabei auf die intimen Bereiche, um ein Maximum an Entspannung und Genuss zu erreichen. Die einst\u00fcndige Massage ist die perfekte Wahl f\u00fcr alle, die eine ausgewogene Mischung aus Entspannung und Sinnesanregung suchen, die zu einer allgemeinen Verbesserung des Wohlbefindens und der Energie f\u00fchrt.<\/p>\n<p><strong>Wie Sie diesen Gutschein einl\u00f6sen k\u00f6nnen:<\/strong><\/p>\n<p><strong>1. besuchen Sie unsere Website unter chillisalon.cz<\/strong><br \/>\n<strong>2. W\u00e4hlen Sie den Dienst Ihrer Wahl<\/strong><br \/>\n<strong>3. Geben Sie bei der Buchung den Gutscheincode in das Feld f\u00fcr den Rabattcode ein<\/strong><\/p>\n<p><strong>Bedingungen f\u00fcr die Nutzung:<\/strong><\/p>\n<p><strong>- Dieser Gutschein kann auf unserer Website oder pers\u00f6nlich an der Rezeption eingel\u00f6st werden<\/strong><br \/>\n<strong>- Der Wert des Gutscheins wird vom Gesamtpreis der Reservierung abgezogen<\/strong><br \/>\n<strong>- Der Gutschein kann nicht gegen Bargeld eingel\u00f6st werden.<\/strong><br \/>\n<strong>- Der nicht genutzte Wert des Gutscheins verf\u00e4llt nach Ablauf der G\u00fcltigkeit.<\/strong><br \/>\n<strong><br \/>\nWir freuen uns auf Ihren Besuch!<\/strong><\/p>","protected":false},"excerpt":{"rendered":"<p>Ein Geschenkgutschein f\u00fcr eine einst\u00fcndige Chili-Ganzk\u00f6rpermassage bietet ein intensives und tiefes Sinneserlebnis. Die Masseurin bearbeitet den ganzen K\u00f6rper und konzentriert sich dabei auf die intimen Bereiche, um ein Maximum an Entspannung und Genuss zu erreichen. Die einst\u00fcndige Massage ist die perfekte Wahl f\u00fcr alle, die eine ausgewogene Mischung aus Entspannung und Sinnesanregung suchen, die zu einer allgemeinen Verbesserung des Wohlbefindens und der Energie f\u00fchrt. Wie man sie anwendet [...]","protected":false},"featured_media":27219,"template":"","meta":[],"product_brand":[],"product_cat":[35],"product_tag":[],"class_list":{"0":"post-27515","1":"product","2":"type-product","3":"status-publish","4":"has-post-thumbnail","6":"product_cat-celotelova-chilli-masaz","8":"first","9":"instock","10":"downloadable","11":"shipping-taxable","12":"purchasable","13":"product-type-simple"},"_links":{"self":[{"href":"https:\/\/chillisalon.cz\/de\/wp-json\/wp\/v2\/product\/27515","targetHints":{"allow":["GET"]}}],"collection":[{"href":"https:\/\/chillisalon.cz\/de\/wp-json\/wp\/v2\/product"}],"about":[{"href":"https:\/\/chillisalon.cz\/de\/wp-json\/wp\/v2\/types\/product"}],"wp:featuredmedia":[{"embeddable":true,"href":"https:\/\/chillisalon.cz\/de\/wp-json\/wp\/v2\/media\/27219"}],"wp:attachment":[{"href":"https:\/\/chillisalon.cz\/de\/wp-json\/wp\/v2\/media?parent=27515"}],"wp:term":[{"taxonomy":"product_brand","embeddable":true,"href":"https:\/\/chillisalon.cz\/de\/wp-json\/wp\/v2\/product_brand?post=27515"},{"taxonomy":"product_cat","embeddable":true,"href":"https:\/\/chillisalon.cz\/de\/wp-json\/wp\/v2\/product_cat?post=27515"},{"taxonomy":"product_tag","embeddable":true,"href":"https:\/\/chillisalon.cz\/de\/wp-json\/wp\/v2\/product_tag?post=27515"}],"curies":[{"name":"wp","href":"https:\/\/api.w.org\/{rel}","templated":true}]}}