{"id":897,"date":"2025-01-21T17:34:11","date_gmt":"2025-01-21T17:34:11","guid":{"rendered":"https:\/\/chillisalon.cz\/?page_id=897"},"modified":"2026-01-26T12:44:42","modified_gmt":"2026-01-26T11:44:42","slug":"eticky-kodex-chilli-salonu","status":"publish","type":"page","link":"https:\/\/chillisalon.cz\/de\/eticky-kodex-chilli-salonu\/","title":{"rendered":"Chilli Salon Verhaltenskodex"},"content":{"rendered":"<div id=\"page-header-1423379170\" class=\"page-header-wrapper\">\n  <div class=\"page-title light featured-title\">\n\n    \n    <div class=\"page-title-inner container align-center text-center flex-row-col medium-flex-wrap\" >\n              <div class=\"title-wrapper flex-col\">\n          <h1 class=\"entry-title mb-0\">\n            Chilli Salon Verhaltenskodex          <\/h1>\n        <\/div>\n                    <div class=\"title-content flex-col\">\n        <div class=\"title-breadcrumbs pb-half pt-half\"><nav class=\"woocommerce-breadcrumb breadcrumbs uppercase\" aria-label=\"Breadcrumb\" data-no-translation=\"\" data-trp-gettext=\"\">Startseite<\/nav><\/div>      <\/div>\n    <\/div>\n\n       <\/div>\n    <\/div>\n  \n\n\t<div id=\"gap-1474385640\" class=\"gap-element clearfix\" style=\"display:block; height:auto;\">\n\t\t\n<style>\n#gap-1474385640 {\n  padding-top: 60px;\n}\n<\/style>\n\t<\/div>\n\t\n\n<h1 data-start=\"674\" data-end=\"993\">Ethikkodex des Salon Chilli - diskrete und professionelle erotische Massage in Prag<br data-start=\"788\" data-end=\"791\" \/><br \/><\/h1>\n<h1 data-start=\"1000\" data-end=\"1035\">Chilli Salon Verhaltenskodex<\/h1>\n<h4 data-start=\"1000\" data-end=\"1035\">Im Chilli Salon sorgen wir f\u00fcr ein sicheres, diskretes und professionelles Umfeld f\u00fcr alle unsere Kunden und Masseurinnen. Unser Ethikkodex legt Regeln und Grunds\u00e4tze fest, die eine harmonische Massage, Respekt f\u00fcr Ihre Bed\u00fcrfnisse und maximalen Komfort gew\u00e4hrleisten.<\/h4>\n<h2 data-start=\"1294\" data-end=\"1323\">Regeln f\u00fcr Kunden<\/h2>\n<ul data-start=\"1324\" data-end=\"1610\">\n<li data-start=\"1324\" data-end=\"1406\">\n<p data-start=\"1326\" data-end=\"1406\">Massagen sind keine sexuellen Dienstleistungen oder Geschlechtsverkehr - respektieren Sie die Grenzen der Masseurin.<\/p>\n<\/li>\n<li data-start=\"1407\" data-end=\"1511\">\n<p data-start=\"1409\" data-end=\"1511\">Unangemessenes Verhalten, Aggression oder Aufforderungen zu sexuellen Handlungen f\u00fchren zur sofortigen Beendigung der Massage.<\/p>\n<\/li>\n<li data-start=\"1512\" data-end=\"1610\">\n<p data-start=\"1514\" data-end=\"1610\">Verpflichtung zur Hygiene - eine Dusche vor der Massage ist f\u00fcr den Komfort und die Sicherheit aller Teilnehmer notwendig.<\/p>\n<\/li>\n<\/ul>\n<h2 data-start=\"1617\" data-end=\"1646\">\u00a0Regeln f\u00fcr Masseurinnen<\/h2>\n<ul data-start=\"1647\" data-end=\"1917\">\n<li data-start=\"1647\" data-end=\"1730\">\n<p data-start=\"1649\" data-end=\"1730\">Das Recht, die Massage im Falle eines Gesundheitsrisikos (z. B. Erk\u00e4ltung, Infektion) abzulehnen.<\/p>\n<\/li>\n<li data-start=\"1731\" data-end=\"1839\">\n<p data-start=\"1733\" data-end=\"1839\">Anpassung der Massage an die individuellen Bed\u00fcrfnisse des Klienten, sofern sie die Gesundheit nicht gef\u00e4hrdet und nicht gegen die Standesregeln verst\u00f6\u00dft.<\/p>\n<\/li>\n<li data-start=\"1840\" data-end=\"1917\">\n<p data-start=\"1842\" data-end=\"1917\">Professioneller Ansatz, Ausbildung und Respekt f\u00fcr die Anatomie und Physiologie des Kunden.<\/p>\n<\/li>\n<\/ul>\n<h2 data-start=\"1924\" data-end=\"1956\">Datenschutz und GDPR<\/h2>\n<ul data-start=\"1957\" data-end=\"2196\">\n<li data-start=\"1957\" data-end=\"2040\">\n<p data-start=\"1959\" data-end=\"2040\">Alle Kundeninformationen sind vertraulich und werden nicht an Dritte weitergegeben.<\/p>\n<\/li>\n<li data-start=\"2041\" data-end=\"2096\">\n<p data-start=\"2043\" data-end=\"2096\">Die Verarbeitung personenbezogener Daten erfolgt in \u00dcbereinstimmung mit dem GDPR.<\/p>\n<\/li>\n<li data-start=\"2097\" data-end=\"2196\">\n<p data-start=\"2099\" data-end=\"2196\">Diskretion wird bei uns gro\u00df geschrieben - Daten \u00fcber Massagen und pers\u00f6nliche Vorlieben der Kunden werden gesch\u00fctzt.<\/p>\n<\/li>\n<\/ul>\n<h2 data-start=\"2203\" data-end=\"2232\">Hygiene und Sicherheit<\/h2>\n<ul data-start=\"2233\" data-end=\"2450\">\n<li data-start=\"2233\" data-end=\"2316\">\n<p data-start=\"2235\" data-end=\"2316\">Die Masseurinnen halten sich an die h\u00f6chsten Hygienestandards und verwenden zugelassene Produkte.<\/p>\n<\/li>\n<li data-start=\"2317\" data-end=\"2369\">\n<p data-start=\"2319\" data-end=\"2369\">Die Umgebung wird regelm\u00e4\u00dfig gereinigt und desinfiziert.<\/p>\n<\/li>\n<li data-start=\"2370\" data-end=\"2450\">\n<p data-start=\"2372\" data-end=\"2450\">Die R\u00e4ume und Ger\u00e4te sind so vorbereitet, dass die Massage sicher und angenehm ist.<\/p>\n<\/li>\n<\/ul>\n<h2 data-start=\"2457\" data-end=\"2487\">\u00a0Professioneller Ansatz<\/h2>\n<ul data-start=\"2488\" data-end=\"2727\">\n<li data-start=\"2488\" data-end=\"2573\">\n<p data-start=\"2490\" data-end=\"2573\">Die Massagen werden mit Respekt vor dem K\u00f6rper des Kunden durchgef\u00fchrt, in einer Richtung von der Masseurin zum Kunden.<\/p>\n<\/li>\n<li data-start=\"2574\" data-end=\"2635\">\n<p data-start=\"2576\" data-end=\"2635\">Sanfte Ber\u00fchrungen, K\u00f6rper, Blicke - alles im Rahmen einer sicheren Massage.<\/p>\n<\/li>\n<li data-start=\"2636\" data-end=\"2727\">\n<p data-start=\"2638\" data-end=\"2727\">Kunden und Masseurinnen k\u00f6nnen jederzeit \u00fcber den Verlauf der Massage kommunizieren, wir respektieren Ihre W\u00fcnsche.<br \/><br \/><br \/>Chilli ist eine Pr\u00e4sentations- und Buchungsplattform f\u00fcr Entspannungs- und Erotikmassagen. Es geht nicht um die Vermittlung von sexuellen Dienstleistungen oder Geschlechtsverkehr. Betreiber der Marke und der Plattform ist die Thamo alte, s.r.o., ID-Nr.: 07070501 USt.-Nr.: CZ 07070501, mit Sitz in Hartigova 155\/4, Prag 3. Das Unternehmen stellt Betriebseinrichtungen, Raumvermietung und ein Buchungssystem zur Verf\u00fcgung. Die Massagedienstleistungen werden von unabh\u00e4ngigen Personen erbracht, die die R\u00e4umlichkeiten in eigenem Namen und auf eigene Verantwortung nutzen.<br \/><br \/><\/p>\n<\/li>\n<\/ul>","protected":false},"excerpt":{"rendered":"","protected":false},"author":5,"featured_media":0,"parent":0,"menu_order":0,"comment_status":"closed","ping_status":"closed","template":"","meta":{"footnotes":""},"class_list":["post-897","page","type-page","status-publish","hentry"],"_links":{"self":[{"href":"https:\/\/chillisalon.cz\/de\/wp-json\/wp\/v2\/pages\/897","targetHints":{"allow":["GET"]}}],"collection":[{"href":"https:\/\/chillisalon.cz\/de\/wp-json\/wp\/v2\/pages"}],"about":[{"href":"https:\/\/chillisalon.cz\/de\/wp-json\/wp\/v2\/types\/page"}],"author":[{"embeddable":true,"href":"https:\/\/chillisalon.cz\/de\/wp-json\/wp\/v2\/users\/5"}],"replies":[{"embeddable":true,"href":"https:\/\/chillisalon.cz\/de\/wp-json\/wp\/v2\/comments?post=897"}],"version-history":[{"count":2,"href":"https:\/\/chillisalon.cz\/de\/wp-json\/wp\/v2\/pages\/897\/revisions"}],"predecessor-version":[{"id":32441,"href":"https:\/\/chillisalon.cz\/de\/wp-json\/wp\/v2\/pages\/897\/revisions\/32441"}],"wp:attachment":[{"href":"https:\/\/chillisalon.cz\/de\/wp-json\/wp\/v2\/media?parent=897"}],"curies":[{"name":"wp","href":"https:\/\/api.w.org\/{rel}","templated":true}]}}