{"id":31497,"date":"2025-06-03T09:36:24","date_gmt":"2025-06-03T07:36:24","guid":{"rendered":"https:\/\/chillisalon.cz\/?page_id=31497"},"modified":"2025-07-09T22:20:16","modified_gmt":"2025-07-09T20:20:16","slug":"pokoje-copy","status":"publish","type":"page","link":"https:\/\/chillisalon.cz\/de\/cenik-pronajmu-pokoju\/","title":{"rendered":"Preisliste f\u00fcr die Zimmervermietung"},"content":{"rendered":"<div id=\"gap-962394627\" class=\"gap-element clearfix\" style=\"display:block; height:auto;\">\n\t\t\n<style>\n#gap-962394627 {\n  padding-top: 60px;\n}\n<\/style>\n\t<\/div>\n\t\n\n<h1 style=\"text-align: center;\">Preisliste und Online-Zimmerreservierung<\/h1>\n<div class=\"row row-full-width\"  id=\"row-775946061\">\n\n\n\t<div id=\"col-902990925\" class=\"col small-12 large-12\"  >\n\t\t\t\t<div class=\"col-inner\"  >\n\t\t\t\n\t\t\t\n\n<p class=\"wp-block-heading has-text-align-center\"><strong>Der Preis ist f\u00fcr zwei Personen berechnet, jede weitere Person im Zimmer kostet +300,-\/h. <\/strong><br \/>F\u00fcr Anmietungen, die l\u00e4nger als 60 Minuten dauern, ist eine Kaution von 50% im Voraus zu hinterlegen. <br \/>- <strong>100% Stornogeb\u00fchr<\/strong>\u00a0Stornierung weniger als 24 Stunden vor der Startzeit.<br \/>- <strong>50% Stornogeb\u00fchr<\/strong>\u00a0Stornierung weniger als 48 Stunden vor der Startzeit.<\/p>\n<p style=\"text-align: center;\">Der schnellste Weg, ein Zimmer zu mieten, ist, uns per Online-Chat oder Telefon zu kontaktieren <a href=\"Tel: 420722068519\">+420 722 068 519<\/a><\/p>\n<p><strong>Verantwortung des Kunden<\/strong><br \/>Der Kunde ist verpflichtet, alle Ger\u00e4te und Einrichtungen des Salons mit Sorgfalt und Respekt zu behandeln. Im Falle von Sch\u00e4den am Eigentum haftet der Kunde in vollem Umfang f\u00fcr deren Bezahlung. Ebenso haftet der Vermieter nicht f\u00fcr Verletzungen, die durch das eigene Handeln des Kunden oder die Nichtbeachtung der Sicherheitsvorschriften verursacht werden. Wir empfehlen Ihnen, Ihre k\u00f6rperlichen F\u00e4higkeiten sorgf\u00e4ltig zu ber\u00fccksichtigen und die Anweisungen des Personals zu befolgen, um Ihren Aufenthalt so sicher und angenehm wie m\u00f6glich zu gestalten.<\/p>\n<div class=\"row row-full-width align-middle align-center\"  id=\"row-1484246593\">\n\n\n\t<div id=\"col-274704599\" class=\"col medium-3 small-12 large-3\"  >\n\t\t\t\t<div class=\"col-inner\"  >\n\t\t\t\n\t\t\t\n\n<h3 class=\"bullet-item\" style=\"text-align: center;\"><span class=\"text\"><span class=\"text\">Erotisches Zimmer<\/span><\/span><\/h3>\n<p style=\"text-align: center;\"><span style=\"color: #555555; font-size: 14.4px;\"><br \/>60 Minuten - 700,- CZK<br \/><\/span><span style=\"color: #555555; font-size: 14.4px;\">120 Minuten - 1400,- CZK<br \/><\/span><span style=\"color: #555555; font-size: 14.4px;\">180 Minuten - 2100,- CZK<br \/><\/span><span style=\"color: #555555; font-size: 14.4px;\">240 Minuten - 2800,- CZK<br \/><\/span><span style=\"color: #555555; font-size: 14.4px;\">300 Minuten - 3500,- CZK<\/span><\/p>\n\n\n<center><div class=\"latepoint-book-button-wrapper wp-block-button\"><a href=\"#\" class=\"latepoint-book-button os_trigger_booking wp-block-button__link\" data-selected-location=\"any\" data-selected-agent=\"any\" data-selected-service-category=\"16\" data-hide-summary=\"yes\" >Termin buchen<\/a><\/div><\/center>\n\n\n\t\t<\/div>\n\t\t\t\t\n<style>\n#col-274704599 > .col-inner {\n  margin: 0px 0px 0px 0px;\n}\n<\/style>\n\t<\/div>\n\n\t\n\n\t<div id=\"col-1642484466\" class=\"col medium-3 small-12 large-3\"  >\n\t\t\t\t<div class=\"col-inner\"  >\n\t\t\t\n\t\t\t\n\n<h3 style=\"text-align: center;\">Spielzimmer (BDSM-Raum)<\/h3>\n<p style=\"text-align: center;\"><span style=\"color: #555555; font-size: 14.4px;\"><br \/>60 Minuten - 950,- CZK<br \/><\/span><span style=\"color: #555555; font-size: 14.4px;\">120 Minuten - 1900,- CZK<br \/><\/span><span style=\"color: #555555; font-size: 14.4px;\">180 Minuten - 2850,- CZK<br \/><\/span><span style=\"color: #555555; font-size: 14.4px;\">240 Minuten - 3800,- CZK<br \/><\/span><span style=\"color: #555555; font-size: 14.4px;\">300 Minuten - 4750,- CZK<\/span><\/p>\n\n\n<center><div class=\"latepoint-book-button-wrapper wp-block-button\"><a href=\"#\" class=\"latepoint-book-button os_trigger_booking wp-block-button__link\" data-selected-location=\"any\" data-selected-agent=\"any\" data-selected-service-category=\"19\" data-hide-summary=\"yes\" >Termin buchen<\/a><\/div><\/center>\n\n\n\t\t<\/div>\n\t\t\t\t\t<\/div>\n\n\t\n\n\t<div id=\"col-156161091\" class=\"col medium-3 small-12 large-3\"  >\n\t\t\t\t<div class=\"col-inner\"  >\n\t\t\t\n\t\t\t\n\n<h3 style=\"text-align: center;\">Dunkler Ritualraum<\/h3>\n<p style=\"text-align: center;\"><span style=\"color: #555555; font-size: 14.4px;\"><br \/>60 Minuten - 1250,- CZK<br \/><\/span><span style=\"color: #555555; font-size: 14.4px;\">120 Minuten - 2500,- CZK<br \/><\/span><span style=\"color: #555555; font-size: 14.4px;\">180 Minuten - 3750,- CZK<br \/><\/span><span style=\"color: #555555; font-size: 14.4px;\">240 Minuten - 5000,- CZK<br \/><\/span><span style=\"color: #555555; font-size: 14.4px;\">300 Minuten - 6250,- CZK<\/span><\/p>\n\n\n<center><div class=\"latepoint-book-button-wrapper wp-block-button\"><a href=\"#\" class=\"latepoint-book-button os_trigger_booking wp-block-button__link\" data-selected-location=\"any\" data-selected-agent=\"any\" data-selected-service-category=\"17\" data-hide-summary=\"yes\" >Termin buchen<\/a><\/div><\/center>\n\n\n\t\t<\/div>\n\t\t\t\t\t<\/div>\n\n\t\n\n\t<div id=\"col-1704748488\" class=\"col medium-3 small-12 large-3\"  >\n\t\t\t\t<div class=\"col-inner\"  >\n\t\t\t\n\t\t\t\n\n<h3 style=\"text-align: center;\">Shibari-Ritual-Raum<\/h3>\n<p style=\"text-align: center;\"><span style=\"color: #555555; font-size: 14.4px;\"><br \/>60 Minuten - 500,- CZK<br \/><\/span><span style=\"color: #555555; font-size: 14.4px;\">120 Minuten - 1000,- CZK<br \/><\/span><span style=\"color: #555555; font-size: 14.4px;\">180 Minuten - 1500,- CZK<br \/><\/span><span style=\"color: #555555; font-size: 14.4px;\">240 Minuten - 2000,- CZK<br \/><\/span><span style=\"color: #555555; font-size: 14.4px;\">300 Minuten - 2500,- CZK<\/span><\/p>\n\n\n<center><div class=\"latepoint-book-button-wrapper wp-block-button\"><a href=\"#\" class=\"latepoint-book-button os_trigger_booking wp-block-button__link\" data-selected-location=\"any\" data-selected-agent=\"any\" data-selected-service-category=\"18\" data-hide-summary=\"yes\" >Termin buchen<\/a><\/div><\/center>\n\n\n\t\t<\/div>\n\t\t\t\t\t<\/div>\n\n\t\n\n<\/div>\n\n\t\t<\/div>\n\t\t\t\t\t<\/div>\n\n\t\n\n\n<style>\n#row-775946061 > .col > .col-inner {\n  padding: 0px 5% 0px 5%;\n}\n<\/style>\n<\/div>","protected":false},"excerpt":{"rendered":"","protected":false},"author":5,"featured_media":0,"parent":0,"menu_order":0,"comment_status":"closed","ping_status":"closed","template":"","meta":{"footnotes":""},"class_list":["post-31497","page","type-page","status-publish","hentry"],"_links":{"self":[{"href":"https:\/\/chillisalon.cz\/de\/wp-json\/wp\/v2\/pages\/31497","targetHints":{"allow":["GET"]}}],"collection":[{"href":"https:\/\/chillisalon.cz\/de\/wp-json\/wp\/v2\/pages"}],"about":[{"href":"https:\/\/chillisalon.cz\/de\/wp-json\/wp\/v2\/types\/page"}],"author":[{"embeddable":true,"href":"https:\/\/chillisalon.cz\/de\/wp-json\/wp\/v2\/users\/5"}],"replies":[{"embeddable":true,"href":"https:\/\/chillisalon.cz\/de\/wp-json\/wp\/v2\/comments?post=31497"}],"version-history":[{"count":18,"href":"https:\/\/chillisalon.cz\/de\/wp-json\/wp\/v2\/pages\/31497\/revisions"}],"predecessor-version":[{"id":31723,"href":"https:\/\/chillisalon.cz\/de\/wp-json\/wp\/v2\/pages\/31497\/revisions\/31723"}],"wp:attachment":[{"href":"https:\/\/chillisalon.cz\/de\/wp-json\/wp\/v2\/media?parent=31497"}],"curies":[{"name":"wp","href":"https:\/\/api.w.org\/{rel}","templated":true}]}}