{"id":29164,"date":"2025-04-17T11:33:26","date_gmt":"2025-04-17T11:33:26","guid":{"rendered":"https:\/\/chillisalon.cz\/?page_id=29164"},"modified":"2026-01-27T18:09:24","modified_gmt":"2026-01-27T17:09:24","slug":"masaz-prostaty","status":"publish","type":"page","link":"https:\/\/chillisalon.cz\/de\/masaz-prostaty\/","title":{"rendered":"Prostata-Massage"},"content":{"rendered":"<div id=\"page-header-70019368\" class=\"page-header-wrapper\">\n  <div class=\"page-title light featured-title\">\n\n    \n    <div class=\"page-title-inner container align-center text-center flex-row-col medium-flex-wrap\" >\n              <div class=\"title-wrapper flex-col\">\n          <h1 class=\"entry-title mb-0\">\n            Prostata-Massage          <\/h1>\n        <\/div>\n                    <div class=\"title-content flex-col\">\n        <div class=\"title-breadcrumbs pb-half pt-half\"><nav class=\"woocommerce-breadcrumb breadcrumbs uppercase\" aria-label=\"Breadcrumb\" data-no-translation=\"\" data-trp-gettext=\"\">Startseite<\/nav><\/div>      <\/div>\n    <\/div>\n\n       <\/div>\n    <\/div>\n  \n\n<div class=\"row row-full-width align-middle align-center\"  id=\"row-1186790509\">\n\n\n\t<div id=\"col-1058427777\" class=\"col small-12 large-12\"  >\n\t\t\t\t<div class=\"col-inner\"  >\n\t\t\t\n\t\t\t\n\n<div class=\"row row-full-width\"  id=\"row-1878256633\">\n\n\n\t<div id=\"col-473618315\" class=\"col medium-6 small-12 large-6\"  >\n\t\t\t\t<div class=\"col-inner\"  >\n\t\t\t\n\t\t\t\n\n\t<div class=\"img has-hover x md-x lg-x y md-y lg-y\" id=\"image_1834689855\">\n\t\t\t\t\t\t\t\t<div class=\"img-inner dark\" >\n\t\t\t<img loading=\"lazy\" decoding=\"async\" width=\"300\" height=\"200\" src=\"https:\/\/chillisalon.cz\/wp-content\/uploads\/2025\/01\/prostata_web-300x200.jpg\" class=\"attachment-medium size-medium\" alt=\"\" srcset=\"https:\/\/chillisalon.cz\/wp-content\/uploads\/2025\/01\/prostata_web-300x200.jpg 300w, https:\/\/chillisalon.cz\/wp-content\/uploads\/2025\/01\/prostata_web-510x340.jpg 510w, https:\/\/chillisalon.cz\/wp-content\/uploads\/2025\/01\/prostata_web-1024x683.jpg 1024w, https:\/\/chillisalon.cz\/wp-content\/uploads\/2025\/01\/prostata_web-768x512.jpg 768w, https:\/\/chillisalon.cz\/wp-content\/uploads\/2025\/01\/prostata_web.jpg 1200w\" sizes=\"auto, (max-width: 300px) 100vw, 300px\" title=\"\">\t\t\t\t\t\t\n\t\t\t\t\t<\/div>\n\t\t\t\t\t\t\t\t\n<style>\n#image_1834689855 {\n  width: 70%;\n}\n<\/style>\n\t<\/div>\n\t\n\n\n\t\t<\/div>\n\t\t\t\t\t<\/div>\n\n\t\n\n\t<div id=\"col-1110609273\" class=\"col medium-6 small-12 large-6\"  >\n\t\t\t\t<div class=\"col-inner\"  >\n\t\t\t\n\t\t\t\n\n<h1 data-start=\"308\" data-end=\"326\">PROSTATA-MASSAGE<\/h1>\n<p data-start=\"327\" data-end=\"382\"><em data-start=\"327\" data-end=\"382\">Bewusste, intime Massage mit Schwerpunkt auf Tiefenentspannung<\/em><\/p>\n<h3 data-start=\"266\" data-end=\"281\">Was Sie erwartet<\/h3>\n<p data-start=\"282\" data-end=\"492\">Die Prostata-Massage ist eine bewusste Intimmassage, die auf den Beckenbereich und die Prostata abzielt. Sie findet in einem entspannten Tempo statt, wobei der Schwerpunkt auf Komfort, Hygiene und klarer Kommunikation liegt. Jeder Schritt wird einf\u00fchlsam und mit Respekt f\u00fcr die pers\u00f6nlichen Grenzen durchgef\u00fchrt.<\/p>\n<p data-start=\"494\" data-end=\"726\">Ziel der Massage ist es, Verspannungen im Beckenbereich zu l\u00f6sen, das K\u00f6rpergef\u00fchl zu vertiefen und die allgemeine Entspannung zu f\u00f6rdern. Die Masseurin f\u00fchrt Sie schrittweise durch den Kurs und alles basiert ausschlie\u00dflich auf vorheriger Absprache und Ihrer aktuellen Situation.<\/p>\n<h3 data-start=\"733\" data-end=\"766\"><br \/>Warum eine Prostatamassage?<\/h3>\n<ul data-start=\"767\" data-end=\"920\">\n<li data-start=\"767\" data-end=\"803\">\n<p data-start=\"769\" data-end=\"803\">tiefe Entspannung des Beckenbereichs<\/p>\n<\/li>\n<li data-start=\"804\" data-end=\"846\">\n<p data-start=\"806\" data-end=\"846\">F\u00f6rderung von K\u00f6rperbewusstsein und Entspannung<\/p>\n<\/li>\n<li data-start=\"847\" data-end=\"881\">\n<p data-start=\"849\" data-end=\"881\">individueller und sensibler Ansatz<\/p>\n<\/li>\n<li data-start=\"882\" data-end=\"920\">\n<p data-start=\"884\" data-end=\"920\">ruhiges Tempo ohne Druck und Erwartungen<\/p>\n<\/li>\n<\/ul>\n<p data-start=\"922\" data-end=\"1053\">Die Massage ist f\u00fcr M\u00e4nner geeignet, die bewusst mit ihrem K\u00f6rper arbeiten wollen, Achtsamkeit und intime Entspannung in einer sicheren und diskreten Umgebung.<\/p>\n<h3 data-start=\"1060\" data-end=\"1081\">\u00a0<\/h3>\n<h3 data-start=\"1060\" data-end=\"1081\">Wie die Massage abl\u00e4uft<\/h3>\n<p data-start=\"1082\" data-end=\"1223\">Zu Beginn werden der Ablauf, die Grenzen und die Intensit\u00e4t der Massage besprochen. W\u00e4hrend der gesamten Massage hat der Klient die M\u00f6glichkeit, das Tempo anzupassen oder die Massage jederzeit zu beenden.<\/p>\n<p data-start=\"1225\" data-end=\"1348\">Die Massage findet in einer ruhigen und diskreten Umgebung des Salons Chilli statt, mit Betonung auf Privatsph\u00e4re, Professionalit\u00e4t und respektvollem Umgang.<\/p>\n<h3 data-start=\"1355\" data-end=\"1380\">\u00a0<\/h3>\n<h3 data-start=\"1355\" data-end=\"1380\">Varianten und Verf\u00fcgbarkeit<\/h3>\n<p data-start=\"1381\" data-end=\"1505\">Die Prostata-Massage ist nur bei ausgew\u00e4hlten Masseurinnen m\u00f6glich.<br data-start=\"1434\" data-end=\"1437\" \/>Die M\u00f6glichkeit der Bestellung ist immer direkt im Profil der jeweiligen Masseurin angegeben.<\/p>\n<p data-start=\"1507\" data-end=\"1560\">Der Preis und die Dauer der Massage richtet sich nach der aktuellen Preisliste des Salons.<\/p>\n<h3 data-start=\"1567\" data-end=\"1594\">\u00a0<\/h3>\n<h3 data-start=\"1567\" data-end=\"1594\">Warum Salon Chilli<\/h3>\n<ul data-start=\"1595\" data-end=\"1744\">\n<li data-start=\"1595\" data-end=\"1629\">\n<p data-start=\"1597\" data-end=\"1629\">diskrete und sichere Umgebung<\/p>\n<\/li>\n<li data-start=\"1630\" data-end=\"1665\">\n<p data-start=\"1632\" data-end=\"1665\">erfahrene und professionelle Masseurinnen<\/p>\n<\/li>\n<li data-start=\"1666\" data-end=\"1707\">\n<p data-start=\"1668\" data-end=\"1707\">klare Kommunikation und Achtung der Grenzen<\/p>\n<\/li>\n<li data-start=\"1708\" data-end=\"1744\">\n<p data-start=\"1710\" data-end=\"1744\">individuelles Vorgehen ohne Druck<\/p>\n<\/li>\n<\/ul>\n<p data-start=\"1746\" data-end=\"1884\">W\u00e4hrend der gesamten Massage steht kostenloses Frischwasser zur Verf\u00fcgung.<br data-start=\"1802\" data-end=\"1805\" \/>Auf Anfrage ist es m\u00f6glich, alkoholische und nicht-alkoholische Getr\u00e4nke aus dem Angebot des Salons zu bestellen.<\/p>\n<h3 data-start=\"1891\" data-end=\"1910\">\u00a0<\/h3>\n<h3 data-start=\"1891\" data-end=\"1910\">Wie Sie einen Termin vereinbaren<\/h3>\n<p data-start=\"1911\" data-end=\"2173\">W\u00e4hlen Sie eine Masseurin oder einen Masseur \u00fcber das Online-Buchungssystem f\u00fcr jedes Profil.<br data-start=\"2009\" data-end=\"2012\" \/>Sie k\u00f6nnen uns auch per Telefon, WhatsApp oder Online-Chat kontaktieren. Gemeinsam vereinbaren wir den Termin, die Dauer und die Art der Massage nach Ihren W\u00fcnschen und der aktuellen Verf\u00fcgbarkeit.<\/p>\n\n\t\t<\/div>\n\t\t\t\t\t<\/div>\n\n\t\n\n<\/div>\n\n\t\t<\/div>\n\t\t\t\t\t<\/div>\n\n\t\n\n\n<style>\n#row-1186790509 > .col > .col-inner {\n  padding: 0px 5% 0px 5%;\n}\n<\/style>\n<\/div>","protected":false},"excerpt":{"rendered":"","protected":false},"author":5,"featured_media":0,"parent":0,"menu_order":0,"comment_status":"closed","ping_status":"closed","template":"","meta":{"footnotes":""},"class_list":["post-29164","page","type-page","status-publish","hentry"],"_links":{"self":[{"href":"https:\/\/chillisalon.cz\/de\/wp-json\/wp\/v2\/pages\/29164","targetHints":{"allow":["GET"]}}],"collection":[{"href":"https:\/\/chillisalon.cz\/de\/wp-json\/wp\/v2\/pages"}],"about":[{"href":"https:\/\/chillisalon.cz\/de\/wp-json\/wp\/v2\/types\/page"}],"author":[{"embeddable":true,"href":"https:\/\/chillisalon.cz\/de\/wp-json\/wp\/v2\/users\/5"}],"replies":[{"embeddable":true,"href":"https:\/\/chillisalon.cz\/de\/wp-json\/wp\/v2\/comments?post=29164"}],"version-history":[{"count":3,"href":"https:\/\/chillisalon.cz\/de\/wp-json\/wp\/v2\/pages\/29164\/revisions"}],"predecessor-version":[{"id":32470,"href":"https:\/\/chillisalon.cz\/de\/wp-json\/wp\/v2\/pages\/29164\/revisions\/32470"}],"wp:attachment":[{"href":"https:\/\/chillisalon.cz\/de\/wp-json\/wp\/v2\/media?parent=29164"}],"curies":[{"name":"wp","href":"https:\/\/api.w.org\/{rel}","templated":true}]}}