{"id":29162,"date":"2025-04-17T11:31:48","date_gmt":"2025-04-17T11:31:48","guid":{"rendered":"https:\/\/chillisalon.cz\/?page_id=29162"},"modified":"2026-01-25T21:08:02","modified_gmt":"2026-01-25T20:08:02","slug":"autoerotika","status":"publish","type":"page","link":"https:\/\/chillisalon.cz\/de\/autoerotika\/","title":{"rendered":"Autoerotik"},"content":{"rendered":"<div id=\"page-header-635555573\" class=\"page-header-wrapper\">\n  <div class=\"page-title light featured-title\">\n\n    \n    <div class=\"page-title-inner container align-center text-center flex-row-col medium-flex-wrap\" >\n              <div class=\"title-wrapper flex-col\">\n          <h1 class=\"entry-title mb-0\">\n            Autoerotik          <\/h1>\n        <\/div>\n                    <div class=\"title-content flex-col\">\n        <div class=\"title-breadcrumbs pb-half pt-half\"><nav class=\"woocommerce-breadcrumb breadcrumbs uppercase\" aria-label=\"Breadcrumb\" data-no-translation=\"\" data-trp-gettext=\"\">Startseite<\/nav><\/div>      <\/div>\n    <\/div>\n\n       <\/div>\n    <\/div>\n  \n\n<div class=\"row row-full-width align-middle align-center\"  id=\"row-940749085\">\n\n\n\t<div id=\"col-1919217660\" class=\"col small-12 large-12\"  >\n\t\t\t\t<div class=\"col-inner\"  >\n\t\t\t\n\t\t\t\n\n<div class=\"row row-full-width\"  id=\"row-2062641432\">\n\n\n\t<div id=\"col-983759543\" class=\"col medium-6 small-12 large-6\"  >\n\t\t\t\t<div class=\"col-inner\"  >\n\t\t\t\n\t\t\t\n\n<h2 data-start=\"279\" data-end=\"293\">Autoerotik<\/h2>\n<h3 data-start=\"295\" data-end=\"311\">Was steht Ihnen bevor?<\/h3>\n<p data-start=\"313\" data-end=\"555\">Autoerotik ist <strong data-start=\"328\" data-end=\"352\">bewusste k\u00f6rperliche Praxis<\/strong>das K\u00f6rperbewusstsein, Achtsamkeit und Tiefenentspannung f\u00f6rdert.<br data-start=\"422\" data-end=\"425\" \/>In einer ruhigen und diskreten Umgebung haben Sie den Raum, sich ohne Leistungsdruck auf Ihre Sinne, Ihren Atem und Ihre k\u00f6rperliche Erfahrung zu konzentrieren.<\/p>\n<p data-start=\"557\" data-end=\"640\">Die Erfahrung wird angeleitet, um Entspannung, Entschleunigung und den Kontakt mit sich selbst zu f\u00f6rdern.<\/p>\n<h3 data-start=\"647\" data-end=\"678\"><br \/>Warum sollten Sie sich f\u00fcr diesen Dienst entscheiden?<\/h3>\n<ul data-start=\"680\" data-end=\"870\">\n<li data-start=\"680\" data-end=\"735\">\n<p data-start=\"682\" data-end=\"735\">die M\u00f6glichkeit, mit dem eigenen K\u00f6rper und den inneren Empfindungen zu arbeiten<\/p>\n<\/li>\n<li data-start=\"736\" data-end=\"793\">\n<p data-start=\"738\" data-end=\"793\">F\u00f6rderung der bewussten Wahrnehmung von Ber\u00fchrung und k\u00f6rperlicher Pr\u00e4senz<\/p>\n<\/li>\n<li data-start=\"794\" data-end=\"832\">\n<p data-start=\"796\" data-end=\"832\">entspannende und introspektive Erfahrung<\/p>\n<\/li>\n<li data-start=\"833\" data-end=\"870\">\n<p data-start=\"835\" data-end=\"870\">ein respektvolles und sicheres Umfeld<\/p>\n<\/li>\n<\/ul>\n<h3 data-start=\"877\" data-end=\"900\"><br \/>Wie funktioniert der Dienst?<\/h3>\n<p data-start=\"902\" data-end=\"1066\">Vor dem Start der <strong data-start=\"924\" data-end=\"959\">klare Vereinbarung von Grenzen und Komfort<\/strong>.<br data-start=\"960\" data-end=\"963\" \/>Der Massagetherapeut lenkt den Fluss so, dass er unterst\u00fctzend, einf\u00fchlsam und auf Ihre Bed\u00fcrfnisse und Ihre aktuelle Stimmung zugeschnitten ist.<\/p>\n<p data-start=\"1068\" data-end=\"1225\">Das Tempo und die Form sind flexibel und k\u00f6nnen jederzeit angepasst werden. Der Schwerpunkt liegt auf <strong data-start=\"1143\" data-end=\"1179\">bewusste Erfahrung, Frieden und Respekt<\/strong>und nicht auf Erwartungen oder ein bestimmtes Ergebnis.<\/p>\n<h3 data-start=\"1232\" data-end=\"1260\"><br \/>Warum Salon Chilli?<\/h3>\n<ul data-start=\"1262\" data-end=\"1423\">\n<li data-start=\"1262\" data-end=\"1294\">\n<p data-start=\"1264\" data-end=\"1294\">diskrete und ruhige Umgebung<\/p>\n<\/li>\n<li data-start=\"1295\" data-end=\"1341\">\n<p data-start=\"1297\" data-end=\"1341\">Betonung von Komfort, Respekt und pers\u00f6nlichen Grenzen<\/p>\n<\/li>\n<li data-start=\"1342\" data-end=\"1383\">\n<p data-start=\"1344\" data-end=\"1383\">individueller Umgang mit jedem Gast<\/p>\n<\/li>\n<li data-start=\"1384\" data-end=\"1423\">\n<p data-start=\"1386\" data-end=\"1423\">die M\u00f6glichkeit, offene und sichere Vereinbarungen zu treffen<\/p>\n<\/li>\n<\/ul>\n<p data-start=\"1425\" data-end=\"1595\">Alle Zeit, die Sie zur Verf\u00fcgung haben <strong data-start=\"1456\" data-end=\"1480\">kostenloses S\u00fc\u00dfwasser<\/strong>.<br data-start=\"1481\" data-end=\"1484\" \/>Auf Anfrage ist es m\u00f6glich, alkoholische und nicht-alkoholische Getr\u00e4nke aus dem Angebot des Salons zu bestellen, die von der Rezeption f\u00fcr Sie zubereitet werden.<\/p>\n<h3 data-start=\"1602\" data-end=\"1622\"><br \/>Wie kann ich einen Termin vereinbaren?<\/h3>\n<p data-start=\"1624\" data-end=\"1857\">W\u00e4hlen Sie eine Masseurin oder einen Masseur, der Ihnen gef\u00e4llt - f\u00fcr jedes Profil finden Sie <strong data-start=\"1710\" data-end=\"1738\">Online-Buchungssystem<\/strong>.<br data-start=\"1739\" data-end=\"1742\" \/>Sie k\u00f6nnen uns auch kontaktieren unter <strong data-start=\"1773\" data-end=\"1793\">+420 722 068 519<\/strong> (Telefon, SMS, WhatsApp) oder \u00fcber <strong data-start=\"1840\" data-end=\"1856\">Online-Chat<\/strong>.<\/p>\n<p data-start=\"1859\" data-end=\"1950\">Gemeinsam mit Ihnen vereinbaren wir den Termin, die Dauer und den Ablauf des Dienstes nach Ihren W\u00fcnschen und der aktuellen Verf\u00fcgbarkeit.<\/p>\n<p data-start=\"1957\" data-end=\"2137\"><br \/>G\u00f6nnen Sie sich eine achtsame Entspannungserfahrung f\u00fcr Erwachsene, die Ihnen hilft, langsamer zu werden, Ihren K\u00f6rper und Geist zu entspannen und den Alltagsstress in der sicheren und diskreten Umgebung des Salon Chilli hinter sich zu lassen.<\/p>\n\n\t\t<\/div>\n\t\t\t\t\t<\/div>\n\n\t\n\n\t<div id=\"col-2137440256\" class=\"col medium-6 small-12 large-6\"  >\n\t\t\t\t<div class=\"col-inner text-right\"  >\n\t\t\t\n\t\t\t\n\n\t<div class=\"img has-hover x md-x lg-x y md-y lg-y\" id=\"image_1193009779\">\n\t\t\t\t\t\t\t\t<div class=\"img-inner dark\" >\n\t\t\t<img loading=\"lazy\" decoding=\"async\" width=\"300\" height=\"200\" src=\"https:\/\/chillisalon.cz\/wp-content\/uploads\/2025\/01\/logo_002-e1704139054145-300x200.jpg\" class=\"attachment-medium size-medium\" alt=\"\" srcset=\"https:\/\/chillisalon.cz\/wp-content\/uploads\/2025\/01\/logo_002-e1704139054145-300x200.jpg 300w, https:\/\/chillisalon.cz\/wp-content\/uploads\/2025\/01\/logo_002-e1704139054145.jpg 420w\" sizes=\"auto, (max-width: 300px) 100vw, 300px\" title=\"\">\t\t\t\t\t\t\n\t\t\t\t\t<\/div>\n\t\t\t\t\t\t\t\t\n<style>\n#image_1193009779 {\n  width: 70%;\n}\n<\/style>\n\t<\/div>\n\t\n\n\n\t\t<\/div>\n\t\t\t\t\t<\/div>\n\n\t\n\n<\/div>\n\n\t\t<\/div>\n\t\t\t\t\t<\/div>\n\n\t\n\n\n<style>\n#row-940749085 > .col > .col-inner {\n  padding: 0px 5% 0px 5%;\n}\n<\/style>\n<\/div>","protected":false},"excerpt":{"rendered":"","protected":false},"author":5,"featured_media":0,"parent":0,"menu_order":0,"comment_status":"closed","ping_status":"closed","template":"","meta":{"footnotes":""},"class_list":["post-29162","page","type-page","status-publish","hentry"],"_links":{"self":[{"href":"https:\/\/chillisalon.cz\/de\/wp-json\/wp\/v2\/pages\/29162","targetHints":{"allow":["GET"]}}],"collection":[{"href":"https:\/\/chillisalon.cz\/de\/wp-json\/wp\/v2\/pages"}],"about":[{"href":"https:\/\/chillisalon.cz\/de\/wp-json\/wp\/v2\/types\/page"}],"author":[{"embeddable":true,"href":"https:\/\/chillisalon.cz\/de\/wp-json\/wp\/v2\/users\/5"}],"replies":[{"embeddable":true,"href":"https:\/\/chillisalon.cz\/de\/wp-json\/wp\/v2\/comments?post=29162"}],"version-history":[{"count":2,"href":"https:\/\/chillisalon.cz\/de\/wp-json\/wp\/v2\/pages\/29162\/revisions"}],"predecessor-version":[{"id":32424,"href":"https:\/\/chillisalon.cz\/de\/wp-json\/wp\/v2\/pages\/29162\/revisions\/32424"}],"wp:attachment":[{"href":"https:\/\/chillisalon.cz\/de\/wp-json\/wp\/v2\/media?parent=29162"}],"curies":[{"name":"wp","href":"https:\/\/api.w.org\/{rel}","templated":true}]}}