{"id":29160,"date":"2025-04-17T11:30:04","date_gmt":"2025-04-17T11:30:04","guid":{"rendered":"https:\/\/chillisalon.cz\/?page_id=29160"},"modified":"2026-01-26T19:47:14","modified_gmt":"2026-01-26T18:47:14","slug":"facesitting","status":"publish","type":"page","link":"https:\/\/chillisalon.cz\/de\/facesitting\/","title":{"rendered":"Facesitting"},"content":{"rendered":"<div id=\"page-header-1430640598\" class=\"page-header-wrapper\">\n  <div class=\"page-title light featured-title\">\n\n    \n    <div class=\"page-title-inner container align-center text-center flex-row-col medium-flex-wrap\" >\n              <div class=\"title-wrapper flex-col\">\n          <h1 class=\"entry-title mb-0\">\n            Facesitting          <\/h1>\n        <\/div>\n                    <div class=\"title-content flex-col\">\n        <div class=\"title-breadcrumbs pb-half pt-half\"><nav class=\"woocommerce-breadcrumb breadcrumbs uppercase\" aria-label=\"Breadcrumb\" data-no-translation=\"\" data-trp-gettext=\"\">Startseite<\/nav><\/div>      <\/div>\n    <\/div>\n\n       <\/div>\n    <\/div>\n  \n\n<div class=\"row row-full-width align-middle align-center\"  id=\"row-144818458\">\n\n\n\t<div id=\"col-642506608\" class=\"col small-12 large-12\"  >\n\t\t\t\t<div class=\"col-inner\"  >\n\t\t\t\n\t\t\t\n\n<div class=\"row row-full-width\"  id=\"row-1366907867\">\n\n\n\t<div id=\"col-280711432\" class=\"col medium-6 small-12 large-6\"  >\n\t\t\t\t<div class=\"col-inner\"  >\n\t\t\t\n\t\t\t\n\n\t<div class=\"img has-hover x md-x lg-x y md-y lg-y\" id=\"image_1208960833\">\n\t\t\t\t\t\t\t\t<div class=\"img-inner dark\" >\n\t\t\t<img loading=\"lazy\" decoding=\"async\" width=\"300\" height=\"209\" src=\"https:\/\/chillisalon.cz\/wp-content\/uploads\/2025\/01\/Polish_20240520_075954063-300x209.jpg\" class=\"attachment-medium size-medium\" alt=\"\" srcset=\"https:\/\/chillisalon.cz\/wp-content\/uploads\/2025\/01\/Polish_20240520_075954063-300x209.jpg 300w, https:\/\/chillisalon.cz\/wp-content\/uploads\/2025\/01\/Polish_20240520_075954063-510x355.jpg 510w, https:\/\/chillisalon.cz\/wp-content\/uploads\/2025\/01\/Polish_20240520_075954063-1024x712.jpg 1024w, https:\/\/chillisalon.cz\/wp-content\/uploads\/2025\/01\/Polish_20240520_075954063-768x534.jpg 768w, https:\/\/chillisalon.cz\/wp-content\/uploads\/2025\/01\/Polish_20240520_075954063.jpg 1086w\" sizes=\"auto, (max-width: 300px) 100vw, 300px\" title=\"\">\t\t\t\t\t\t\n\t\t\t\t\t<\/div>\n\t\t\t\t\t\t\t\t\n<style>\n#image_1208960833 {\n  width: 70%;\n}\n<\/style>\n\t<\/div>\n\t\n\n\n\t\t<\/div>\n\t\t\t\t\t<\/div>\n\n\t\n\n\t<div id=\"col-1976409340\" class=\"col medium-6 small-12 large-6\"  >\n\t\t\t\t<div class=\"col-inner\"  >\n\t\t\t\n\t\t\t\n\n<h1 data-start=\"119\" data-end=\"141\"><strong data-start=\"122\" data-end=\"141\">Facesitting<\/strong><\/h1>\n<h3 data-start=\"212\" data-end=\"287\"><strong data-start=\"212\" data-end=\"287\">Sinnliche K\u00f6rpererfahrung und bewusste N\u00e4hearbeit | Chilli Salon Prag<\/strong><\/h3>\n<p data-start=\"289\" data-end=\"494\">Facesitting ist eine spezifische k\u00f6rperliche Erfahrung, die sich auf die Arbeit mit N\u00e4he, K\u00f6rperhaltung und Sinneswahrnehmung konzentriert. Es findet in einer ruhigen und diskreten Umgebung statt, wobei der Schwerpunkt auf Komfort, Respekt und klar definierten Grenzen liegt.<\/p>\n<p data-start=\"496\" data-end=\"650\">Der gesamte Kurs wird professionell und bewusst durchgef\u00fchrt, ohne Leistungsdruck. Die Masseurin k\u00fcmmert sich zu jeder Zeit um das Wohlbefinden des Kunden und passt die Erfahrung an das individuelle Arrangement an.<\/p>\n<h3 data-start=\"652\" data-end=\"668\">Was es beinhaltet:<\/h3>\n<ul data-start=\"669\" data-end=\"802\">\n<li data-start=\"669\" data-end=\"713\">\n<p data-start=\"671\" data-end=\"713\">vorher vereinbarte Grenzen und Komfortniveau<\/p>\n<\/li>\n<li data-start=\"714\" data-end=\"756\">\n<p data-start=\"716\" data-end=\"756\">professionelles Management der physischen Erfahrung<\/p>\n<\/li>\n<li data-start=\"757\" data-end=\"802\">\n<p data-start=\"759\" data-end=\"802\">diskrete, \u00e4sthetische und sichere Umgebung<\/p>\n<\/li>\n<\/ul>\n<h3 data-start=\"804\" data-end=\"832\">F\u00fcr wen ist dieser Dienst gedacht?<\/h3>\n<ul data-start=\"833\" data-end=\"1024\">\n<li data-start=\"833\" data-end=\"894\">\n<p data-start=\"835\" data-end=\"894\">f\u00fcr erwachsene Kunden, die eine nicht-traditionelle sensorische Erfahrung suchen<\/p>\n<\/li>\n<li data-start=\"895\" data-end=\"955\">\n<p data-start=\"897\" data-end=\"955\">f\u00fcr diejenigen, die bewusst mit der K\u00f6rperwahrnehmung arbeiten wollen<\/p>\n<\/li>\n<li data-start=\"956\" data-end=\"1024\">\n<p data-start=\"958\" data-end=\"1024\">f\u00fcr Kunden, die einen professionellen und respektvollen Umgang bevorzugen<\/p>\n<\/li>\n<\/ul>\n\n\t\t<\/div>\n\t\t\t\t\t<\/div>\n\n\t\n\n<\/div>\n\n\t\t<\/div>\n\t\t\t\t\t<\/div>\n\n\t\n\n\n<style>\n#row-144818458 > .col > .col-inner {\n  padding: 0px 5% 0px 5%;\n}\n<\/style>\n<\/div>","protected":false},"excerpt":{"rendered":"","protected":false},"author":5,"featured_media":0,"parent":0,"menu_order":0,"comment_status":"closed","ping_status":"closed","template":"","meta":{"footnotes":""},"class_list":["post-29160","page","type-page","status-publish","hentry"],"_links":{"self":[{"href":"https:\/\/chillisalon.cz\/de\/wp-json\/wp\/v2\/pages\/29160","targetHints":{"allow":["GET"]}}],"collection":[{"href":"https:\/\/chillisalon.cz\/de\/wp-json\/wp\/v2\/pages"}],"about":[{"href":"https:\/\/chillisalon.cz\/de\/wp-json\/wp\/v2\/types\/page"}],"author":[{"embeddable":true,"href":"https:\/\/chillisalon.cz\/de\/wp-json\/wp\/v2\/users\/5"}],"replies":[{"embeddable":true,"href":"https:\/\/chillisalon.cz\/de\/wp-json\/wp\/v2\/comments?post=29160"}],"version-history":[{"count":2,"href":"https:\/\/chillisalon.cz\/de\/wp-json\/wp\/v2\/pages\/29160\/revisions"}],"predecessor-version":[{"id":32451,"href":"https:\/\/chillisalon.cz\/de\/wp-json\/wp\/v2\/pages\/29160\/revisions\/32451"}],"wp:attachment":[{"href":"https:\/\/chillisalon.cz\/de\/wp-json\/wp\/v2\/media?parent=29160"}],"curies":[{"name":"wp","href":"https:\/\/api.w.org\/{rel}","templated":true}]}}