{"id":29157,"date":"2025-04-17T11:27:34","date_gmt":"2025-04-17T11:27:34","guid":{"rendered":"https:\/\/chillisalon.cz\/?page_id=29157"},"modified":"2026-01-26T12:10:49","modified_gmt":"2026-01-26T11:10:49","slug":"chilli-show-lesbi-show","status":"publish","type":"page","link":"https:\/\/chillisalon.cz\/de\/chilli-show-lesbi-show\/","title":{"rendered":"Chili-Show - Lesben-Show"},"content":{"rendered":"<div id=\"page-header-220405702\" class=\"page-header-wrapper\">\n  <div class=\"page-title light featured-title\">\n\n    \n    <div class=\"page-title-inner container align-center text-center flex-row-col medium-flex-wrap\" >\n              <div class=\"title-wrapper flex-col\">\n          <h1 class=\"entry-title mb-0\">\n            Chili-Show - Lesben-Show          <\/h1>\n        <\/div>\n                    <div class=\"title-content flex-col\">\n        <div class=\"title-breadcrumbs pb-half pt-half\"><nav class=\"woocommerce-breadcrumb breadcrumbs uppercase\" aria-label=\"Breadcrumb\" data-no-translation=\"\" data-trp-gettext=\"\">Startseite<\/nav><\/div>      <\/div>\n    <\/div>\n\n       <\/div>\n    <\/div>\n  \n\n<div class=\"row row-full-width align-middle align-center\"  id=\"row-1575231800\">\n\n\n\t<div id=\"col-1405766701\" class=\"col small-12 large-12\"  >\n\t\t\t\t<div class=\"col-inner\"  >\n\t\t\t\n\t\t\t\n\n<div class=\"row row-full-width\"  id=\"row-292741099\">\n\n\n\t<div id=\"col-1051577730\" class=\"col medium-6 small-12 large-6\"  >\n\t\t\t\t<div class=\"col-inner\"  >\n\t\t\t\n\t\t\t\n\n<h2 data-start=\"4249\" data-end=\"4294\"><strong data-start=\"4252\" data-end=\"4294\"> Chilli Show - visuelle Darbietung<\/strong><\/h2>\n<h3 data-start=\"4296\" data-end=\"4314\">Was steht Ihnen bevor?<\/h3>\n<p data-start=\"4315\" data-end=\"4601\">Die Chili-Show ist <strong data-start=\"4330\" data-end=\"4362\">sinnliche Darbietung<\/strong>w\u00e4hrend derer die Masseurin <strong data-start=\"4391\" data-end=\"4442\">\u00e4sthetisch ansprechende Choreographie und k\u00f6rperlicher Ausdruck<\/strong> in einem stilisierten Ton. Die Auff\u00fchrung dient der Entspannung, dem k\u00f6rperlichen Empfinden und der \u00e4sthetischen Spannung, bei der nicht die Leistung, sondern die Atmosph\u00e4re und das Gef\u00fchl im Vordergrund stehen.<\/p>\n\n\t\t<\/div>\n\t\t\t\t\t<\/div>\n\n\t\n\n\t<div id=\"col-1340516294\" class=\"col medium-6 small-12 large-6\"  >\n\t\t\t\t<div class=\"col-inner\"  >\n\t\t\t\n\t\t\t\n\n\t<div class=\"img has-hover x md-x lg-x y md-y lg-y\" id=\"image_693287990\">\n\t\t\t\t\t\t\t\t<div class=\"img-inner dark\" >\n\t\t\t<img loading=\"lazy\" decoding=\"async\" width=\"300\" height=\"98\" src=\"https:\/\/chillisalon.cz\/wp-content\/uploads\/2025\/01\/michaela_gallery_05-300x98.jpg\" class=\"attachment-medium size-medium\" alt=\"\" srcset=\"https:\/\/chillisalon.cz\/wp-content\/uploads\/2025\/01\/michaela_gallery_05-300x98.jpg 300w, https:\/\/chillisalon.cz\/wp-content\/uploads\/2025\/01\/michaela_gallery_05-510x166.jpg 510w, https:\/\/chillisalon.cz\/wp-content\/uploads\/2025\/01\/michaela_gallery_05-1024x334.jpg 1024w, https:\/\/chillisalon.cz\/wp-content\/uploads\/2025\/01\/michaela_gallery_05-768x250.jpg 768w, https:\/\/chillisalon.cz\/wp-content\/uploads\/2025\/01\/michaela_gallery_05.jpg 1200w\" sizes=\"auto, (max-width: 300px) 100vw, 300px\" title=\"\">\t\t\t\t\t\t\n\t\t\t\t\t<\/div>\n\t\t\t\t\t\t\t\t\n<style>\n#image_693287990 {\n  width: 100%;\n}\n<\/style>\n\t<\/div>\n\t\n\n\n\t\t<\/div>\n\t\t\t\t\t<\/div>\n\n\t\n\n<\/div>\n<h2 data-start=\"186\" data-end=\"202\">Chili-Show<\/h2>\n<p data-start=\"203\" data-end=\"265\"><strong data-start=\"203\" data-end=\"265\">Sinnliches visuelles Spektakel als exklusive Massageerg\u00e4nzung<\/strong><\/p>\n<h3 data-start=\"267\" data-end=\"283\">Was steht Ihnen bevor?<\/h3>\n<p data-start=\"285\" data-end=\"502\">Die Chili-Show ist <strong data-start=\"300\" data-end=\"330\">visuelles und sensorisches Ritual<\/strong>wo sich zwei Masseurinnen in einer sanften, \u00e4sthetischen Interaktion begegnen. Sie ber\u00fchren sich gegenseitig und massieren K\u00f6rper an K\u00f6rper, w\u00e4hrend Sie als Beobachter den ganzen Moment verfolgen.<\/p>\n<p data-start=\"504\" data-end=\"693\">Die Hauptrolle spielen dabei die Atmosph\u00e4re, die Langsamkeit, die Arbeit mit dem K\u00f6rper und die Ber\u00fchrung. Die Erfahrung konzentriert sich haupts\u00e4chlich auf <strong data-start=\"604\" data-end=\"640\">Augen, Phantasie und Sinneswahrnehmung<\/strong> und dient als eine unverwechselbare und originelle Variante der Massage.<\/p>\n<h3 data-start=\"700\" data-end=\"731\">\u00a0<\/h3>\n<h3 data-start=\"700\" data-end=\"731\">Warum die Chili Show?<\/h3>\n<ul data-start=\"733\" data-end=\"918\">\n<li data-start=\"733\" data-end=\"785\">\n<p data-start=\"735\" data-end=\"785\">intensives visuelles Erlebnis ohne direkte Beteiligung<\/p>\n<\/li>\n<li data-start=\"786\" data-end=\"829\">\n<p data-start=\"788\" data-end=\"829\">M\u00f6glichkeit, zwei bestimmte Masseurinnen zu w\u00e4hlen<\/p>\n<\/li>\n<li data-start=\"830\" data-end=\"868\">\n<p data-start=\"832\" data-end=\"868\">eine \u00e4sthetische und sinnliche Form des Vergn\u00fcgens<\/p>\n<\/li>\n<li data-start=\"869\" data-end=\"918\">\n<p data-start=\"871\" data-end=\"918\">ideale Erg\u00e4nzung zur erotischen oder sinnlichen Massage<\/p>\n<\/li>\n<\/ul>\n<h3 data-start=\"925\" data-end=\"953\"><br \/>Wie funktioniert die Chili-Show?<\/h3>\n<p data-start=\"955\" data-end=\"1128\">Chili-Show ist bestellt <strong data-start=\"982\" data-end=\"1016\">ausschlie\u00dflich als Erg\u00e4nzung zur Massage<\/strong>.<br data-start=\"1017\" data-end=\"1020\" \/>W\u00e4hrend des Rituals wird die von Ihnen gew\u00e4hlte Masseurin von einer zweiten Masseurin begleitet, die w\u00e4hrend der gesamten Show mitwirkt.<\/p>\n<p data-start=\"1130\" data-end=\"1259\">Die Masseurinnen arbeiten mit gegenseitiger Massage, Bewegung und N\u00e4he, w\u00e4hrend Sie den gesamten Prozess in einer diskreten und ruhigen Umgebung beobachten.<\/p>\n<p data-start=\"1261\" data-end=\"1387\">Bei Bestellung dieses Dienstes verl\u00e4ngert sich die Gesamtzeit um <strong data-start=\"1315\" data-end=\"1327\">10 Minuten<\/strong>w\u00e4hrend derer eine zweite Masseurin Ihrer Wahl anwesend ist.<\/p>\n<h3 data-start=\"1394\" data-end=\"1413\"><br \/>Varianten und Preis<\/h3>\n<p data-start=\"1415\" data-end=\"1510\"><strong data-start=\"1415\" data-end=\"1449\">Chili-Show - Erg\u00e4nzung zur Massage<\/strong><br data-start=\"1449\" data-end=\"1452\" \/>+10 Minuten<br data-start=\"1461\" data-end=\"1464\" \/>zwei Masseurinnen Ihrer Wahl<br data-start=\"1486\" data-end=\"1489\" \/><strong data-start=\"1489\" data-end=\"1510\">Aufpreis: 850 CZK<\/strong><\/p>\n<p data-start=\"1512\" data-end=\"1576\">Die Verf\u00fcgbarkeit des Dienstes ist immer in den Profilen der einzelnen Masseurinnen angegeben.<\/p>\n<h3 data-start=\"1583\" data-end=\"1611\"><br \/>Warum Salon Chilli?<\/h3>\n<ul data-start=\"1613\" data-end=\"1793\">\n<li data-start=\"1613\" data-end=\"1662\">\n<p data-start=\"1615\" data-end=\"1662\">Erfahrungen mit sinnlichen und visuellen Ritualen<\/p>\n<\/li>\n<li data-start=\"1663\" data-end=\"1705\">\n<p data-start=\"1665\" data-end=\"1705\">authentische Masseurinnen und echte Fotos<\/p>\n<\/li>\n<li data-start=\"1706\" data-end=\"1741\">\n<p data-start=\"1708\" data-end=\"1741\">diskrete Umgebung ohne Druck<\/p>\n<\/li>\n<li data-start=\"1742\" data-end=\"1793\">\n<p data-start=\"1744\" data-end=\"1793\">klare Regeln, Respekt und professionelles Vorgehen<\/p>\n<\/li>\n<\/ul>\n<p data-start=\"1795\" data-end=\"1964\">W\u00e4hrend der Massage stehen Ihnen zur Verf\u00fcgung <strong data-start=\"1833\" data-end=\"1857\">kostenloses S\u00fc\u00dfwasser<\/strong>.<br data-start=\"1858\" data-end=\"1861\" \/>Auf Anfrage ist es m\u00f6glich, alkoholische und nicht-alkoholische Getr\u00e4nke aus dem Angebot des Salons zu bestellen, die von der Rezeption zubereitet werden.<\/p>\n<h3 data-start=\"1971\" data-end=\"1991\">\u00a0<\/h3>\n<h3 data-start=\"1971\" data-end=\"1991\">Wie kann ich einen Termin vereinbaren?<\/h3>\n<p data-start=\"1993\" data-end=\"2226\">W\u00e4hlen Sie eine Masseurin oder einen Masseur, der Ihnen gef\u00e4llt - f\u00fcr jedes Profil finden Sie <strong data-start=\"2079\" data-end=\"2107\">Online-Buchungssystem<\/strong>.<br data-start=\"2108\" data-end=\"2111\" \/>Sie k\u00f6nnen uns auch kontaktieren unter <strong data-start=\"2142\" data-end=\"2162\">+420 722 068 519<\/strong> (Telefon, SMS, WhatsApp) oder \u00fcber <strong data-start=\"2209\" data-end=\"2225\">Online-Chat<\/strong>.<\/p>\n<p data-start=\"2228\" data-end=\"2312\">Gemeinsam stimmen wir den Termin, die Dauer der Massage und die Verf\u00fcgbarkeit der Chili-Show nach Ihren W\u00fcnschen ab.<\/p>\n<p data-start=\"2319\" data-end=\"2462\">\u00a0<\/p>\n<p data-start=\"2319\" data-end=\"2462\">G\u00f6nnen Sie sich ein sinnliches Erlebnis f\u00fcr Erwachsene, das Ihre Massage in der diskreten Umgebung des Salon Chilli um ein visuelles Element, Atmosph\u00e4re und \u00c4sthetik bereichert.<\/p>\n\n\t\t<\/div>\n\t\t\t\t\t<\/div>\n\n\t\n\n\n<style>\n#row-1575231800 > .col > .col-inner {\n  padding: 0px 5% 0px 5%;\n}\n<\/style>\n<\/div>","protected":false},"excerpt":{"rendered":"","protected":false},"author":5,"featured_media":0,"parent":0,"menu_order":0,"comment_status":"closed","ping_status":"closed","template":"","meta":{"footnotes":""},"class_list":["post-29157","page","type-page","status-publish","hentry"],"_links":{"self":[{"href":"https:\/\/chillisalon.cz\/de\/wp-json\/wp\/v2\/pages\/29157","targetHints":{"allow":["GET"]}}],"collection":[{"href":"https:\/\/chillisalon.cz\/de\/wp-json\/wp\/v2\/pages"}],"about":[{"href":"https:\/\/chillisalon.cz\/de\/wp-json\/wp\/v2\/types\/page"}],"author":[{"embeddable":true,"href":"https:\/\/chillisalon.cz\/de\/wp-json\/wp\/v2\/users\/5"}],"replies":[{"embeddable":true,"href":"https:\/\/chillisalon.cz\/de\/wp-json\/wp\/v2\/comments?post=29157"}],"version-history":[{"count":3,"href":"https:\/\/chillisalon.cz\/de\/wp-json\/wp\/v2\/pages\/29157\/revisions"}],"predecessor-version":[{"id":32430,"href":"https:\/\/chillisalon.cz\/de\/wp-json\/wp\/v2\/pages\/29157\/revisions\/32430"}],"wp:attachment":[{"href":"https:\/\/chillisalon.cz\/de\/wp-json\/wp\/v2\/media?parent=29157"}],"curies":[{"name":"wp","href":"https:\/\/api.w.org\/{rel}","templated":true}]}}