{"id":29154,"date":"2025-04-17T11:23:55","date_gmt":"2025-04-17T11:23:55","guid":{"rendered":"https:\/\/chillisalon.cz\/?page_id=29154"},"modified":"2026-01-26T20:34:46","modified_gmt":"2026-01-26T19:34:46","slug":"flirt-dance","status":"publish","type":"page","link":"https:\/\/chillisalon.cz\/de\/flirt-dance\/","title":{"rendered":"Flirttanz"},"content":{"rendered":"<div id=\"page-header-232416757\" class=\"page-header-wrapper\">\n  <div class=\"page-title light featured-title\">\n\n    \n    <div class=\"page-title-inner container align-center text-center flex-row-col medium-flex-wrap\" >\n              <div class=\"title-wrapper flex-col\">\n          <h1 class=\"entry-title mb-0\">\n            Flirttanz          <\/h1>\n        <\/div>\n                    <div class=\"title-content flex-col\">\n        <div class=\"title-breadcrumbs pb-half pt-half\"><nav class=\"woocommerce-breadcrumb breadcrumbs uppercase\" aria-label=\"Breadcrumb\" data-no-translation=\"\" data-trp-gettext=\"\">Startseite<\/nav><\/div>      <\/div>\n    <\/div>\n\n       <\/div>\n    <\/div>\n  \n\n<div class=\"row row-full-width align-middle align-center\"  id=\"row-28158559\">\n\n\n\t<div id=\"col-758461625\" class=\"col small-12 large-12\"  >\n\t\t\t\t<div class=\"col-inner\"  >\n\t\t\t\n\t\t\t\n\n<div class=\"text-center\"><div class=\"is-divider divider clearfix\" style=\"max-width:100%;\"><\/div><\/div>\n\n<div class=\"row row-full-width\"  id=\"row-745144011\">\n\n\n\t<div id=\"col-2031234228\" class=\"col medium-6 small-12 large-6\"  >\n\t\t\t\t<div class=\"col-inner\"  >\n\t\t\t\n\t\t\t\n\n\t<div class=\"img has-hover x md-x lg-x y md-y lg-y\" id=\"image_1715079645\">\n\t\t\t\t\t\t\t\t<div class=\"img-inner dark\" >\n\t\t\t<img loading=\"lazy\" decoding=\"async\" width=\"300\" height=\"200\" src=\"https:\/\/chillisalon.cz\/wp-content\/uploads\/2025\/01\/sarlota_gallery_03-300x200.jpg\" class=\"attachment-medium size-medium\" alt=\"\" srcset=\"https:\/\/chillisalon.cz\/wp-content\/uploads\/2025\/01\/sarlota_gallery_03-300x200.jpg 300w, https:\/\/chillisalon.cz\/wp-content\/uploads\/2025\/01\/sarlota_gallery_03-510x340.jpg 510w, https:\/\/chillisalon.cz\/wp-content\/uploads\/2025\/01\/sarlota_gallery_03-1024x683.jpg 1024w, https:\/\/chillisalon.cz\/wp-content\/uploads\/2025\/01\/sarlota_gallery_03-768x512.jpg 768w, https:\/\/chillisalon.cz\/wp-content\/uploads\/2025\/01\/sarlota_gallery_03.jpg 1200w\" sizes=\"auto, (max-width: 300px) 100vw, 300px\" title=\"\">\t\t\t\t\t\t\n\t\t\t\t\t<\/div>\n\t\t\t\t\t\t\t\t\n<style>\n#image_1715079645 {\n  width: 70%;\n}\n<\/style>\n\t<\/div>\n\t\n\n\n\t\t<\/div>\n\t\t\t\t\t<\/div>\n\n\t\n\n\t<div id=\"col-2123774417\" class=\"col medium-6 small-12 large-6\"  >\n\t\t\t\t<div class=\"col-inner\"  >\n\t\t\t\n\t\t\t\n\n<h1 data-start=\"270\" data-end=\"285\">FLIRT TANZ<\/h1>\n<p data-start=\"286\" data-end=\"337\"><em data-start=\"286\" data-end=\"337\">Sinnliche Tanzshow als visuelle Erg\u00e4nzung zur Massage<\/em><\/p>\n<h2 data-start=\"339\" data-end=\"354\">Was steht Ihnen bevor?<\/h2>\n<p data-start=\"148\" data-end=\"374\">Flirt Dance ist eine kurze, sinnliche Tanzshow, bei der die Masseurin exklusiv f\u00fcr Sie tanzt. Im Rhythmus der Musik arbeitet sie mit Bewegungen, Blicken und Gesten, wobei sie langsam ihre Kurven enth\u00fcllt und durch Atmosph\u00e4re und visuelle Empfindungen Spannung erzeugt.<\/p>\n<p data-start=\"376\" data-end=\"623\">Dies ist <strong data-start=\"387\" data-end=\"413\">rein visuelles Erlebnis<\/strong>. Die Masseurin tanzt in eleganten Dessous und zieht diese nach und nach aus, w\u00e4hrend der Kunde in der Rolle des Beobachters bleibt. Der gesamte Prozess konzentriert sich auf Sinnlichkeit, \u00c4sthetik und die Arbeit mit Spannung, ohne physischen Kontakt mit dem Kunden.<\/p>\n\n\t\t<\/div>\n\t\t\t\t\t<\/div>\n\n\t\n\n<\/div>\n<div id=\"cmsmasters_heading_ed6x0zlr7g\" class=\"cmsmasters_heading_wrap cmsmasters_heading_align_left\">\n<h2 data-start=\"144\" data-end=\"174\">Warum Flirt Dance w\u00e4hlen?<\/h2>\n<ul data-start=\"176\" data-end=\"411\">\n<li data-start=\"176\" data-end=\"244\">\n<p data-start=\"178\" data-end=\"244\">klar gef\u00fchrte, sinnliche Tanzshow, die nur f\u00fcr die visuelle Wahrnehmung bestimmt ist<\/p>\n<\/li>\n<li data-start=\"245\" data-end=\"304\">\n<p data-start=\"247\" data-end=\"304\">Ideal, um eine Massage abwechslungsreich zu gestalten oder die Atmosph\u00e4re sanft zu erw\u00e4rmen<\/p>\n<\/li>\n<li data-start=\"305\" data-end=\"345\">\n<p data-start=\"307\" data-end=\"345\">Sinneserfahrung ohne Ber\u00fchrung<\/p>\n<\/li>\n<li data-start=\"346\" data-end=\"411\">\n<p data-start=\"348\" data-end=\"411\">M\u00f6glichkeit, den Stil der W\u00e4sche und die Gesamtatmosph\u00e4re je nach Vereinbarung zu beeinflussen<\/p>\n<\/li>\n<\/ul>\n<h2 data-start=\"418\" data-end=\"445\"><br \/>Wie funktioniert Flirt Dance?<\/h2>\n<p data-start=\"447\" data-end=\"682\">Flirt Dance findet innerhalb der von Ihnen gebuchten Zeit statt.<br data-start=\"497\" data-end=\"500\" \/>Die Masseurin w\u00e4hlt das Tempo, die Musik und den Bewegungsstil und hat die Kontrolle \u00fcber den gesamten Prozess. Der Tanz konzentriert sich auf die Arbeit mit dem Blick, Gesten und allm\u00e4hliche Entdeckung, ohne k\u00f6rperliche Interaktion des Kunden.<\/p>\n<p data-start=\"684\" data-end=\"816\">Wenn Sie spezielle W\u00fcnsche haben (z.B. Stil der Dessous oder Charakter der Show), k\u00f6nnen Sie diese bei der Buchung angeben. Wir werden sie gerne so weit wie m\u00f6glich ber\u00fccksichtigen.<\/p>\n<h2 data-start=\"823\" data-end=\"841\">\u00a0<\/h2>\n<h2 data-start=\"823\" data-end=\"841\">Varianten und Preis<\/h2>\n<p data-start=\"843\" data-end=\"879\"><strong data-start=\"843\" data-end=\"877\">Flirttanz (Erg\u00e4nzung zur Massage)<\/strong><\/p>\n<ul data-start=\"880\" data-end=\"931\">\n<li data-start=\"880\" data-end=\"908\">\n<p data-start=\"882\" data-end=\"908\">Teil der bestellten Zeit<\/p>\n<\/li>\n<li data-start=\"909\" data-end=\"931\">\n<p data-start=\"911\" data-end=\"931\">Aufpreis <strong data-start=\"921\" data-end=\"931\">490 K\u010d<\/strong><\/p>\n<\/li>\n<\/ul>\n<p data-start=\"933\" data-end=\"995\">Die Verf\u00fcgbarkeit des Dienstes ist immer im Profil der jeweiligen Masseurin angegeben.<\/p>\n<h2 data-start=\"1002\" data-end=\"1029\"><br \/>Warum Salon Chilli?<\/h2>\n<ul data-start=\"1031\" data-end=\"1209\">\n<li data-start=\"1031\" data-end=\"1077\">\n<p data-start=\"1033\" data-end=\"1077\">Erfahrung mit sensorischen und visuellen Darbietungen<\/p>\n<\/li>\n<li data-start=\"1078\" data-end=\"1123\">\n<p data-start=\"1080\" data-end=\"1123\">professionelles, selbstbewusstes Auftreten der Masseurinnen<\/p>\n<\/li>\n<li data-start=\"1124\" data-end=\"1159\">\n<p data-start=\"1126\" data-end=\"1159\">diskrete Umgebung ohne Druck<\/p>\n<\/li>\n<li data-start=\"1160\" data-end=\"1209\">\n<p data-start=\"1162\" data-end=\"1209\">klare Regeln und Achtung der Grenzen<\/p>\n<\/li>\n<\/ul>\n<p data-start=\"1216\" data-end=\"1350\"><br \/>Frisches Wasser steht jederzeit kostenlos zur Verf\u00fcgung.<br data-start=\"1268\" data-end=\"1271\" \/>Auf Anfrage ist es m\u00f6glich, alkoholische und nicht-alkoholische Getr\u00e4nke aus dem Angebot des Salons zu bestellen.<\/p>\n<h3 data-start=\"1352\" data-end=\"1372\">Wie kann ich einen Termin vereinbaren?<\/h3>\n<p data-start=\"1373\" data-end=\"1607\">W\u00e4hlen Sie eine Masseurin oder einen Masseur im Online-Buchungssystem neben dem Profil aus.<br data-start=\"1443\" data-end=\"1446\" \/>Alternativ k\u00f6nnen Sie uns auch kontaktieren unter <strong data-start=\"1474\" data-end=\"1494\">+420 722 068 519<\/strong> (Telefon, SMS, WhatsApp) oder per Online-Chat. Gemeinsam vereinbaren wir das Datum, die Dauer und die Art der Dienstleistung je nach Verf\u00fcgbarkeit.<\/p>\n<\/div>\n\n\t\t<\/div>\n\t\t\t\t\t<\/div>\n\n\t\n\n\n<style>\n#row-28158559 > .col > .col-inner {\n  padding: 0px 5% 0px 5%;\n}\n<\/style>\n<\/div>","protected":false},"excerpt":{"rendered":"","protected":false},"author":5,"featured_media":0,"parent":0,"menu_order":0,"comment_status":"closed","ping_status":"closed","template":"","meta":{"footnotes":""},"class_list":["post-29154","page","type-page","status-publish","hentry"],"_links":{"self":[{"href":"https:\/\/chillisalon.cz\/de\/wp-json\/wp\/v2\/pages\/29154","targetHints":{"allow":["GET"]}}],"collection":[{"href":"https:\/\/chillisalon.cz\/de\/wp-json\/wp\/v2\/pages"}],"about":[{"href":"https:\/\/chillisalon.cz\/de\/wp-json\/wp\/v2\/types\/page"}],"author":[{"embeddable":true,"href":"https:\/\/chillisalon.cz\/de\/wp-json\/wp\/v2\/users\/5"}],"replies":[{"embeddable":true,"href":"https:\/\/chillisalon.cz\/de\/wp-json\/wp\/v2\/comments?post=29154"}],"version-history":[{"count":4,"href":"https:\/\/chillisalon.cz\/de\/wp-json\/wp\/v2\/pages\/29154\/revisions"}],"predecessor-version":[{"id":32466,"href":"https:\/\/chillisalon.cz\/de\/wp-json\/wp\/v2\/pages\/29154\/revisions\/32466"}],"wp:attachment":[{"href":"https:\/\/chillisalon.cz\/de\/wp-json\/wp\/v2\/media?parent=29154"}],"curies":[{"name":"wp","href":"https:\/\/api.w.org\/{rel}","templated":true}]}}