{"id":29152,"date":"2025-04-17T11:21:24","date_gmt":"2025-04-17T11:21:24","guid":{"rendered":"https:\/\/chillisalon.cz\/?page_id=29152"},"modified":"2026-01-27T17:06:02","modified_gmt":"2026-01-27T16:06:02","slug":"foot-job-foot-fetish","status":"publish","type":"page","link":"https:\/\/chillisalon.cz\/de\/foot-job-foot-fetish\/","title":{"rendered":"Fu\u00dfjob\/Fu\u00dffetisch"},"content":{"rendered":"<div id=\"page-header-1174470279\" class=\"page-header-wrapper\">\n  <div class=\"page-title light featured-title\">\n\n    \n    <div class=\"page-title-inner container align-center text-center flex-row-col medium-flex-wrap\" >\n              <div class=\"title-wrapper flex-col\">\n          <h1 class=\"entry-title mb-0\">\n            Fu\u00dfjob\/Fu\u00dffetisch          <\/h1>\n        <\/div>\n                    <div class=\"title-content flex-col\">\n        <div class=\"title-breadcrumbs pb-half pt-half\"><nav class=\"woocommerce-breadcrumb breadcrumbs uppercase\" aria-label=\"Breadcrumb\" data-no-translation=\"\" data-trp-gettext=\"\">Startseite<\/nav><\/div>      <\/div>\n    <\/div>\n\n       <\/div>\n    <\/div>\n  \n\n<div class=\"row row-full-width align-middle align-center\"  id=\"row-1626189477\">\n\n\n\t<div id=\"col-1310814936\" class=\"col small-12 large-12\"  >\n\t\t\t\t<div class=\"col-inner\"  >\n\t\t\t\n\t\t\t\n\n<div class=\"text-center\"><div class=\"is-divider divider clearfix\" style=\"max-width:100%;\"><\/div><\/div>\n\n<div class=\"row row-full-width\"  id=\"row-69033721\">\n\n\n\t<div id=\"col-1701550116\" class=\"col medium-6 small-12 large-6\"  >\n\t\t\t\t<div class=\"col-inner\"  >\n\t\t\t\n\t\t\t\n\n<h2 data-start=\"1994\" data-end=\"2016\"><strong data-start=\"1997\" data-end=\"2016\">Fu\u00dffetisch<\/strong><\/h2>\n<h3 data-start=\"2018\" data-end=\"2036\">Was steht Ihnen bevor?<\/h3>\n<p data-start=\"2037\" data-end=\"2308\">Fu\u00dffetisch ist <strong data-start=\"2052\" data-end=\"2112\">eine bewusste Erfahrung, die der \u00c4sthetik, der Ber\u00fchrung und dem Gef\u00fchl der F\u00fc\u00dfe gewidmet ist<\/strong> als sensorischer Aktivator. In einem angenehmen, privaten Raum k\u00f6nnen Sie <strong data-start=\"2195\" data-end=\"2249\">den Kontakt der F\u00fc\u00dfe der Masseurin beobachten, sp\u00fcren und erleben<\/strong> in verschiedenen Druck- und Bewegungsnuancen, je nach Ihren Vorlieben.<\/p>\n<h3 data-start=\"2310\" data-end=\"2343\">Warum sollten Sie sich f\u00fcr diesen Dienst entscheiden?<\/h3>\n<ul data-start=\"2344\" data-end=\"2530\">\n<li data-start=\"2344\" data-end=\"2399\">\n<p data-start=\"2346\" data-end=\"2399\">fokussiert auf <strong data-start=\"2358\" data-end=\"2397\">detaillierte visuelle und physische Wahrnehmung<\/strong><\/p>\n<\/li>\n<li data-start=\"2400\" data-end=\"2468\">\n<p data-start=\"2402\" data-end=\"2468\">die M\u00f6glichkeit zu entdecken, wie verschiedene Ber\u00fchrungen und Bewegungen den K\u00f6rper beeinflussen<\/p>\n<\/li>\n<li data-start=\"2469\" data-end=\"2530\">\n<p data-start=\"2471\" data-end=\"2530\">eine Atmosph\u00e4re der Ruhe, in der man sich auf die Sinneswahrnehmungen konzentrieren kann<\/p>\n<\/li>\n<\/ul>\n<h3 data-start=\"2532\" data-end=\"2557\">Wie funktioniert der Dienst?<\/h3>\n<p data-start=\"2558\" data-end=\"2741\">Nach dem ersten Termin arbeitet die Masseurin mit Ihren F\u00fc\u00dfen in einem Rhythmus, der Ihren W\u00fcnschen entspricht. Sanfte Beinbewegungen, Druckwechsel und Kontaktf\u00fchrung sind <strong data-start=\"2701\" data-end=\"2740\">einf\u00fchlsam und mit Respekt f\u00fcr Ihre Grenzen<\/strong>.<\/p>\n<p data-start=\"2743\" data-end=\"2971\">Fu\u00dffetisch wird dargestellt als <strong data-start=\"2775\" data-end=\"2804\">Entspannung und k\u00f6rperliche Praxis<\/strong>der die Wahrnehmung und Konzentration auf einen bestimmten K\u00f6rperteil in einem positiven und sicheren Kontext f\u00f6rdert. Es handelt sich nicht um eine sexuelle Dienstleistung; der Kurs kann jederzeit ge\u00e4ndert oder abgebrochen werden.<\/p>\n\n\t\t<\/div>\n\t\t\t\t\t<\/div>\n\n\t\n\n\t<div id=\"col-1981456469\" class=\"col medium-6 small-12 large-6\"  >\n\t\t\t\t<div class=\"col-inner text-right\"  >\n\t\t\t\n\t\t\t\n\n\t<div class=\"img has-hover x md-x lg-x y md-y lg-y\" id=\"image_1313262025\">\n\t\t\t\t\t\t\t\t<div class=\"img-inner dark\" >\n\t\t\t<img loading=\"lazy\" decoding=\"async\" width=\"300\" height=\"200\" src=\"https:\/\/chillisalon.cz\/wp-content\/uploads\/2025\/01\/footjob_web-300x200.jpg\" class=\"attachment-medium size-medium\" alt=\"\" srcset=\"https:\/\/chillisalon.cz\/wp-content\/uploads\/2025\/01\/footjob_web-300x200.jpg 300w, https:\/\/chillisalon.cz\/wp-content\/uploads\/2025\/01\/footjob_web-510x340.jpg 510w, https:\/\/chillisalon.cz\/wp-content\/uploads\/2025\/01\/footjob_web-1024x683.jpg 1024w, https:\/\/chillisalon.cz\/wp-content\/uploads\/2025\/01\/footjob_web-768x512.jpg 768w, https:\/\/chillisalon.cz\/wp-content\/uploads\/2025\/01\/footjob_web.jpg 1200w\" sizes=\"auto, (max-width: 300px) 100vw, 300px\" title=\"\">\t\t\t\t\t\t\n\t\t\t\t\t<\/div>\n\t\t\t\t\t\t\t\t\n<style>\n#image_1313262025 {\n  width: 100%;\n}\n<\/style>\n\t<\/div>\n\t\n\n\n\t\t<\/div>\n\t\t\t\t\t<\/div>\n\n\t\n\n<\/div>\n<h2 data-start=\"1994\" data-end=\"2016\"><strong data-start=\"1997\" data-end=\"2016\">Fu\u00dffetisch<\/strong><\/h2>\n<h3 data-start=\"2018\" data-end=\"2036\">Was steht Ihnen bevor?<\/h3>\n<p data-start=\"2037\" data-end=\"2308\">Fu\u00dffetisch ist <strong data-start=\"2052\" data-end=\"2112\">eine bewusste Erfahrung, die der \u00c4sthetik, der Ber\u00fchrung und dem Gef\u00fchl der F\u00fc\u00dfe gewidmet ist<\/strong> als sensorischer Aktivator. In einem angenehmen, privaten Raum k\u00f6nnen Sie <strong data-start=\"2195\" data-end=\"2249\">den Kontakt der F\u00fc\u00dfe der Masseurin beobachten, sp\u00fcren und erleben<\/strong> in verschiedenen Druck- und Bewegungsnuancen, je nach Ihren Vorlieben.<\/p>\n<h3 data-start=\"2310\" data-end=\"2343\">Warum sollten Sie sich f\u00fcr diesen Dienst entscheiden?<\/h3>\n<ul data-start=\"2344\" data-end=\"2530\">\n<li data-start=\"2344\" data-end=\"2399\">\n<p data-start=\"2346\" data-end=\"2399\">fokussiert auf <strong data-start=\"2358\" data-end=\"2397\">detaillierte visuelle und physische Wahrnehmung<\/strong><\/p>\n<\/li>\n<li data-start=\"2400\" data-end=\"2468\">\n<p data-start=\"2402\" data-end=\"2468\">die M\u00f6glichkeit zu entdecken, wie verschiedene Ber\u00fchrungen und Bewegungen den K\u00f6rper beeinflussen<\/p>\n<\/li>\n<li data-start=\"2469\" data-end=\"2530\">\n<p data-start=\"2471\" data-end=\"2530\">eine Atmosph\u00e4re der Ruhe, in der man sich auf die Sinneswahrnehmungen konzentrieren kann<\/p>\n<\/li>\n<\/ul>\n<h3 data-start=\"2532\" data-end=\"2557\">Wie funktioniert der Dienst?<\/h3>\n<p data-start=\"2558\" data-end=\"2741\">Nach dem ersten Termin arbeitet die Masseurin mit Ihren F\u00fc\u00dfen in einem Rhythmus, der Ihren W\u00fcnschen entspricht. Sanfte Beinbewegungen, Druckwechsel und Kontaktf\u00fchrung sind <strong data-start=\"2701\" data-end=\"2740\">einf\u00fchlsam und mit Respekt f\u00fcr Ihre Grenzen<\/strong>.<\/p>\n<p data-start=\"2743\" data-end=\"2971\">Fu\u00dffetisch wird dargestellt als <strong data-start=\"2775\" data-end=\"2804\">Entspannung und k\u00f6rperliche Praxis<\/strong>der die Wahrnehmung und Konzentration auf einen bestimmten K\u00f6rperteil in einem positiven und sicheren Kontext f\u00f6rdert. Es handelt sich nicht um eine sexuelle Dienstleistung; der Kurs kann jederzeit ge\u00e4ndert oder abgebrochen werden.<\/p>\n<p data-start=\"3085\" data-end=\"3132\">\u00a0<\/p>\n<h3 data-start=\"869\" data-end=\"899\">\u00a0<\/h3>\n<h2 data-start=\"239\" data-end=\"278\"><strong data-start=\"263\" data-end=\"278\">FUSSFETISCH<\/strong><\/h2>\n<h3 data-start=\"280\" data-end=\"310\">Varianten, die wir anbieten<\/h3>\n<p data-start=\"311\" data-end=\"455\">Fu\u00dffetisch kann in verschiedenen Variationen je nach Ihren Vorlieben bestellt werden. Die spezifische Verf\u00fcgbarkeit ist immer angegeben <strong data-start=\"425\" data-end=\"454\">im Profil der ausgew\u00e4hlten Masseurin<\/strong>.<\/p>\n<ul data-start=\"457\" data-end=\"729\">\n<li data-start=\"457\" data-end=\"575\">\n<p data-start=\"459\" data-end=\"575\"><strong data-start=\"459\" data-end=\"477\">Teil der Massage<\/strong><br data-start=\"477\" data-end=\"480\" \/>Fu\u00dffetisch kann innerhalb der gebuchten Zeit zur gew\u00e4hlten Massage hinzugef\u00fcgt werden.<br data-start=\"547\" data-end=\"550\" \/><strong data-start=\"554\" data-end=\"575\">Aufpreis + 390 CZK<\/strong><\/p>\n<\/li>\n<li data-start=\"577\" data-end=\"729\">\n<p data-start=\"579\" data-end=\"673\"><strong data-start=\"579\" data-end=\"606\">Alleine (ohne Massage)<\/strong><br data-start=\"606\" data-end=\"609\" \/>Wenn Sie sich ausschlie\u00dflich auf die Fu\u00dffetisch-Erfahrung konzentrieren m\u00f6chten:<\/p>\n<ul data-start=\"676\" data-end=\"729\">\n<li data-start=\"676\" data-end=\"701\">\n<p data-start=\"678\" data-end=\"701\"><strong data-start=\"678\" data-end=\"699\">15 Minuten - 500 CZK<\/strong><\/p>\n<\/li>\n<li data-start=\"704\" data-end=\"729\">\n<p data-start=\"706\" data-end=\"729\"><strong data-start=\"706\" data-end=\"729\">30 Minuten - 1 000 CZK<\/strong><\/p>\n<\/li>\n<\/ul>\n<\/li>\n<\/ul>\n<h3 data-start=\"869\" data-end=\"899\"><br \/><br \/><\/h3>\n<h2 data-start=\"740\" data-end=\"759\"><strong data-start=\"743\" data-end=\"759\">Fu\u00dfarbeit<\/strong><\/h2>\n<h3 data-start=\"761\" data-end=\"779\">Was steht Ihnen bevor?<\/h3>\n<p data-start=\"780\" data-end=\"1080\">Fu\u00dfarbeit ist <strong data-start=\"792\" data-end=\"820\">sinnesorientiertes Ritual<\/strong>w\u00e4hrend der die Masseurin mit <strong data-start=\"851\" data-end=\"881\">Kontakt zwischen F\u00fc\u00dfen und Beinen<\/strong> auf eine Art und Weise, die Ihre K\u00f6rperwahrnehmung und Entspannung in einem v\u00f6llig anderen \"sensorischen Modus\" unterst\u00fctzt. Die Erfahrung ist entspannt, flie\u00dfend und betont <strong data-start=\"1012\" data-end=\"1079\">Kontrolle des Rhythmus, des Drucks und der Aufmerksamkeit f\u00fcr Details des K\u00f6rperkontakts<\/strong>.<\/p>\n<h3 data-start=\"1082\" data-end=\"1115\">Warum sollten Sie sich f\u00fcr diesen Dienst entscheiden?<\/h3>\n<ul data-start=\"1116\" data-end=\"1316\">\n<li data-start=\"1116\" data-end=\"1173\">\n<p data-start=\"1118\" data-end=\"1173\">intensive sensorische Stimulation des K\u00f6rpers durch die F\u00fc\u00dfe der Masseurin<\/p>\n<\/li>\n<li data-start=\"1174\" data-end=\"1227\">\n<p data-start=\"1176\" data-end=\"1227\">Aufmerksamkeit f\u00fcr Details bei Bewegungen, Druck und Rhythmus<\/p>\n<\/li>\n<li data-start=\"1228\" data-end=\"1316\">\n<p data-start=\"1230\" data-end=\"1316\">geeignet f\u00fcr diejenigen, die <strong data-start=\"1259\" data-end=\"1286\">konkrete, bewusste Ber\u00fchrung<\/strong> in einer alternativen Form der Entspannung<\/p>\n<\/li>\n<\/ul>\n<h3 data-start=\"1318\" data-end=\"1343\">Wie funktioniert der Dienst?<\/h3>\n<p data-start=\"1344\" data-end=\"1593\">Nach einer kurzen <strong data-start=\"1354\" data-end=\"1387\">Einigung auf den Verlauf und die Grenzen<\/strong> Die Masseurin f\u00fchrt mit ihren F\u00fc\u00dfen und Beinen Bewegungen aus, die mit Ihrer K\u00f6rperwahrnehmung synchronisiert sind. Das Tempo und der Druck sind <strong data-start=\"1513\" data-end=\"1547\">zugeschnitten auf Ihre Pr\u00e4ferenzen<\/strong> und kann sich w\u00e4hrend des Rituals nach Absprache \u00e4ndern.<\/p>\n<p data-start=\"1595\" data-end=\"1768\">Dieser Dienst wird angeboten als <strong data-start=\"1624\" data-end=\"1674\">Entspannung und sensorische K\u00f6rper\u00fcbungen f\u00fcr Erwachsene<\/strong>nicht als sexuelle Dienstleistung. Jeder Teilnehmer kann zu jeder Zeit <strong data-start=\"1733\" data-end=\"1767\">den Kurs zu \u00e4ndern oder abzubrechen<\/strong>.<\/p>\n<h3 data-start=\"869\" data-end=\"899\"><br \/><br \/><br \/>Varianten, die wir anbieten<\/h3>\n<p data-start=\"900\" data-end=\"1064\">Die Fu\u00dfmassage ist als Zusatz zur Massage oder als eigenst\u00e4ndige Dienstleistung erh\u00e4ltlich. Es h\u00e4ngt immer von der jeweiligen Masseurin ab - die verf\u00fcgbaren Optionen sind unten aufgef\u00fchrt <strong data-start=\"1038\" data-end=\"1063\">direkt in ihrem Profil<\/strong>.<\/p>\n<ul data-start=\"1066\" data-end=\"1311\">\n<li data-start=\"1066\" data-end=\"1196\">\n<p data-start=\"1068\" data-end=\"1196\"><strong data-start=\"1068\" data-end=\"1086\">Teil der Massage<\/strong><br data-start=\"1086\" data-end=\"1089\" \/>Die Fu\u00dfpflege kann als Erweiterung der gew\u00e4hlten Massage innerhalb der gebuchten Zeit gebucht werden.<br data-start=\"1168\" data-end=\"1171\" \/><strong data-start=\"1175\" data-end=\"1196\">Aufpreis + 390 CZK<\/strong><\/p>\n<\/li>\n<li data-start=\"1198\" data-end=\"1311\">\n<p data-start=\"1200\" data-end=\"1283\"><strong data-start=\"1200\" data-end=\"1227\">Alleine (ohne Massage)<\/strong><br data-start=\"1227\" data-end=\"1230\" \/>Eine gezielte Erfahrung, die ausschlie\u00dflich dieser Technik gewidmet ist:<\/p>\n<ul data-start=\"1286\" data-end=\"1311\">\n<li data-start=\"1286\" data-end=\"1311\">\n<p data-start=\"1288\" data-end=\"1311\"><strong data-start=\"1288\" data-end=\"1311\">30 Minuten - 1 800 CZK<\/strong><\/p>\n<\/li>\n<\/ul>\n<\/li>\n<\/ul>\n<p data-start=\"1313\" data-end=\"1387\">Der Kurs wird immer an die individuelle Vereinbarung, das Tempo und den Komfort des Kunden angepasst.<br \/><br \/><br \/><\/p>\n<h3 data-start=\"2973\" data-end=\"3003\">Warum Salon Chilli?<\/h3>\n<ul data-start=\"3004\" data-end=\"3132\">\n<li data-start=\"3004\" data-end=\"3046\">\n<p data-start=\"3006\" data-end=\"3046\">professionelle Beratung und reaktionsschneller Ansatz<\/p>\n<\/li>\n<li data-start=\"3047\" data-end=\"3082\">\n<p data-start=\"3049\" data-end=\"3082\">diskrete und komfortable Umgebung<\/p>\n<\/li>\n<li data-start=\"3083\" data-end=\"3132\">\n<p data-start=\"3085\" data-end=\"3132\">offene Vereinbarung \u00fcber die Intensit\u00e4t und den Umfang der Kontakte<\/p>\n<\/li>\n<li data-start=\"3083\" data-end=\"3132\">\n<p data-start=\"3085\" data-end=\"3132\"><span style=\"color: #333333; font-size: 14.4px;\">erfahrene Masseurinnen mit Schwerpunkt auf sensorischen Techniken<\/span><\/p>\n<\/li>\n<li data-start=\"3083\" data-end=\"3132\">\n<p data-start=\"3085\" data-end=\"3132\">Achtung der Grenzen und des pers\u00f6nlichen Tempos<span style=\"color: #333333; font-size: 14.4px;\">diskrete Umgebung und angenehme Atmosph\u00e4re<\/span><\/p>\n<\/li>\n<li data-start=\"3083\" data-end=\"3132\">klare und offene Kommunikation vor und w\u00e4hrend des Gottesdienstes<br \/><br \/>\n<p>W\u00e4hrend der Massage stehen Ihnen zur Verf\u00fcgung <strong>kostenloses S\u00fc\u00dfwasser<\/strong>.<br \/>Auf Anfrage ist es m\u00f6glich, Folgendes zu bestellen <strong>alkoholische und nichtalkoholische Getr\u00e4nke<\/strong> aus dem Angebot des Salons, das die Empfangsdame f\u00fcr Sie vorbereiten wird.<br \/><br \/><strong>Wie kann ich einen Termin vereinbaren?<\/strong><\/p>\n<ol>\n<li>W\u00e4hlen Sie eine Masseurin oder einen Masseur, der Ihnen gef\u00e4llt - f\u00fcr jedes Profil finden Sie <strong>Online-Buchungssystem<\/strong>.<\/li>\n<li>Sie k\u00f6nnen uns auch kontaktieren unter <strong>+420 722 068 519<\/strong> (Telefon, SMS, WhatsApp) oder \u00fcber <strong>Online-Chat<\/strong>.<\/li>\n<li>Wir werden es gemeinsam ausarbeiten <strong>Datum, Dauer und Art der Massage<\/strong> je nach Ihren W\u00fcnschen und der aktuellen Verf\u00fcgbarkeit.<\/li>\n<\/ol>\n<p>G\u00f6nnen Sie sich <strong>Bewusste Entspannungserfahrung f\u00fcr Erwachsene<\/strong>um Sie zu entschleunigen, Ihren K\u00f6rper und Geist zu entspannen und den Alltagsstress in einer sicheren und diskreten Umgebung hinter sich zu lassen.<\/p>\n<p><br \/>Wir freuen uns auf Ihren Besuch in <strong>Die Chili-Lounge<\/strong> - ein Ort, an dem der Schwerpunkt auf <strong>Respekt, Professionalit\u00e4t und Atmosph\u00e4re<\/strong>.<\/p>\n<p><br \/><br \/><br \/>Die im Salon Chilli angebotenen Dienstleistungen sind ausschlie\u00dflich f\u00fcr erwachsene Kunden bestimmt und werden wie folgt angeboten <strong>Entspannung und k\u00f6rperliche \u00dcbungen<\/strong>.<br \/>Es handelt sich nicht um sexuelle Dienstleistungen oder Geschlechtsverkehr.<\/p>\n<p>Der Fortschritt eines jeden Dienstes basiert auf <strong>gegenseitiges Einvernehmen, Achtung der Grenzen und Freiwilligkeit<\/strong>. Sowohl der Kunde als auch der Anbieter haben das Recht, den Dienst jederzeit zu \u00e4ndern oder zu beenden.<\/p>\n<\/li>\n<\/ul>\n\n\t\t<\/div>\n\t\t\t\t\t<\/div>\n\n\t\n\n\n<style>\n#row-1626189477 > .col > .col-inner {\n  padding: 0px 5% 0px 5%;\n}\n<\/style>\n<\/div>","protected":false},"excerpt":{"rendered":"","protected":false},"author":5,"featured_media":0,"parent":0,"menu_order":0,"comment_status":"closed","ping_status":"closed","template":"","meta":{"footnotes":""},"class_list":["post-29152","page","type-page","status-publish","hentry"],"_links":{"self":[{"href":"https:\/\/chillisalon.cz\/de\/wp-json\/wp\/v2\/pages\/29152","targetHints":{"allow":["GET"]}}],"collection":[{"href":"https:\/\/chillisalon.cz\/de\/wp-json\/wp\/v2\/pages"}],"about":[{"href":"https:\/\/chillisalon.cz\/de\/wp-json\/wp\/v2\/types\/page"}],"author":[{"embeddable":true,"href":"https:\/\/chillisalon.cz\/de\/wp-json\/wp\/v2\/users\/5"}],"replies":[{"embeddable":true,"href":"https:\/\/chillisalon.cz\/de\/wp-json\/wp\/v2\/comments?post=29152"}],"version-history":[{"count":2,"href":"https:\/\/chillisalon.cz\/de\/wp-json\/wp\/v2\/pages\/29152\/revisions"}],"predecessor-version":[{"id":32336,"href":"https:\/\/chillisalon.cz\/de\/wp-json\/wp\/v2\/pages\/29152\/revisions\/32336"}],"wp:attachment":[{"href":"https:\/\/chillisalon.cz\/de\/wp-json\/wp\/v2\/media?parent=29152"}],"curies":[{"name":"wp","href":"https:\/\/api.w.org\/{rel}","templated":true}]}}