{"id":29139,"date":"2025-04-16T14:41:46","date_gmt":"2025-04-16T14:41:46","guid":{"rendered":"https:\/\/chillisalon.cz\/?page_id=29139"},"modified":"2026-01-26T12:25:43","modified_gmt":"2026-01-26T11:25:43","slug":"eroticka-masaz-pro-zeny","status":"publish","type":"page","link":"https:\/\/chillisalon.cz\/de\/eroticka-masaz-pro-zeny\/","title":{"rendered":"Erotische Massage f\u00fcr Frauen"},"content":{"rendered":"<div id=\"page-header-297141153\" class=\"page-header-wrapper\">\n  <div class=\"page-title light featured-title\">\n\n    \n    <div class=\"page-title-inner container align-center text-center flex-row-col medium-flex-wrap\" >\n              <div class=\"title-wrapper flex-col\">\n          <h1 class=\"entry-title mb-0\">\n            Erotische Massage f\u00fcr Frauen          <\/h1>\n        <\/div>\n                    <div class=\"title-content flex-col\">\n        <div class=\"title-breadcrumbs pb-half pt-half\"><nav class=\"woocommerce-breadcrumb breadcrumbs uppercase\" aria-label=\"Breadcrumb\" data-no-translation=\"\" data-trp-gettext=\"\">Startseite<\/nav><\/div>      <\/div>\n    <\/div>\n\n       <\/div>\n    <\/div>\n  \n\n<div class=\"row row-full-width align-middle align-center\"  id=\"row-1947361996\">\n\n\n\t<div id=\"col-1605794063\" class=\"col small-12 large-12\"  >\n\t\t\t\t<div class=\"col-inner\"  >\n\t\t\t\n\t\t\t\n\n\t<div id=\"gap-440077589\" class=\"gap-element clearfix\" style=\"display:block; height:auto;\">\n\t\t\n<style>\n#gap-440077589 {\n  padding-top: 60px;\n}\n<\/style>\n\t<\/div>\n\t\n\n<div class=\"row row-full-width\"  id=\"row-203127060\">\n\n\n\t<div id=\"col-1913065709\" class=\"col medium-6 small-12 large-6\"  >\n\t\t\t\t<div class=\"col-inner\"  >\n\t\t\t\n\t\t\t\n\n\t<div class=\"img has-hover x md-x lg-x y md-y lg-y\" id=\"image_1586868538\">\n\t\t\t\t\t\t\t\t<div class=\"img-inner dark\" >\n\t\t\t<img loading=\"lazy\" decoding=\"async\" width=\"300\" height=\"200\" src=\"https:\/\/chillisalon.cz\/wp-content\/uploads\/2025\/01\/masaze-pro-zeny-300x200.png\" class=\"attachment-medium size-medium\" alt=\"\" srcset=\"https:\/\/chillisalon.cz\/wp-content\/uploads\/2025\/01\/masaze-pro-zeny-300x200.png 300w, https:\/\/chillisalon.cz\/wp-content\/uploads\/2025\/01\/masaze-pro-zeny-510x340.png 510w, https:\/\/chillisalon.cz\/wp-content\/uploads\/2025\/01\/masaze-pro-zeny-768x512.png 768w, https:\/\/chillisalon.cz\/wp-content\/uploads\/2025\/01\/masaze-pro-zeny.png 900w\" sizes=\"auto, (max-width: 300px) 100vw, 300px\" title=\"\">\t\t\t\t\t\t\n\t\t\t\t\t<\/div>\n\t\t\t\t\t\t\t\t\n<style>\n#image_1586868538 {\n  width: 70%;\n}\n<\/style>\n\t<\/div>\n\t\n\n\n\t\t<\/div>\n\t\t\t\t\t<\/div>\n\n\t\n\n\t<div id=\"col-1180749769\" class=\"col medium-6 small-12 large-6\"  >\n\t\t\t\t<div class=\"col-inner\"  >\n\t\t\t\n\t\t\t\n\n<span class=\"scroll-to\" data-label=\"Scroll to: #woman\" data-bullet=\"true\" data-link=\"#woman\" data-title=\"woman\"><a name=\"woman\"><\/a><\/span>\n\n<h2 data-start=\"183\" data-end=\"227\"><strong data-start=\"183\" data-end=\"225\">Erotische Massage f\u00fcr Frauen - Chilli Salon<\/strong><\/h2>\n<p data-start=\"260\" data-end=\"497\">Erotische Massage f\u00fcr Frauen in der Region Chilli ist <strong data-start=\"305\" data-end=\"332\">Bewusstes Entspannungsritual<\/strong>die die Entspannung des K\u00f6rpers, die Beruhigung des Geistes und einen tieferen Kontakt mit sich selbst f\u00f6rdert. Sie bietet einen sicheren Raum f\u00fcr Sinneserfahrungen, Entspannung und eine R\u00fcckkehr zum eigenen K\u00f6rper.<\/p>\n<p data-start=\"499\" data-end=\"706\">Die Massage findet in einer diskreten und ruhigen Atmosph\u00e4re statt, in der der Schwerpunkt auf Respekt, individuellem Vorgehen und klaren Grenzen liegt. Jede Ber\u00fchrung wird einf\u00fchlsam durchgef\u00fchrt, wobei Ihre Bed\u00fcrfnisse, Ihr Tempo und Ihre aktuelle Stimmung ber\u00fccksichtigt werden.<\/p>\n<h3 data-start=\"713\" data-end=\"735\">Was Sie erwarten k\u00f6nnen<\/h3>\n<ul>\n<li>bewusste und sinnliche Ber\u00fchrungen, die auf Entspannung und k\u00f6rperliche Befreiung abzielen<\/li>\n<li>Raum zum Entschleunigen, Entspannen und Sp\u00fcren der eigenen Gef\u00fchle<\/li>\n<li>individueller Ansatz mit Respekt f\u00fcr Ihre Grenzen<\/li>\n<li>ruhige, \u00e4sthetische und diskrete Umgebung<\/li>\n<\/ul>\n<p data-start=\"967\" data-end=\"1119\">Die Massage ist eine Kombination aus Entspannungstechniken und Sinneswahrnehmung, die die Harmonie von K\u00f6rper und Geist f\u00f6rdert, ohne Leistungsdruck oder Erwartung eines bestimmten Ergebnisses.<br \/><br \/><\/p>\n<h3 data-start=\"1126\" data-end=\"1163\">Warum sollten Sie sich f\u00fcr eine Massage im Salon Chilli entscheiden?<\/h3>\n<p data-start=\"1165\" data-end=\"1386\">Im Salon Chilli legen wir Wert auf Professionalit\u00e4t, Hygiene und ein sicheres Gef\u00fchl.<br data-start=\"1230\" data-end=\"1233\" \/>Die Masseurinnen und Masseure gehen mit Respekt und Einf\u00fchlungsverm\u00f6gen auf jede Frau individuell ein, so dass die gesamte Erfahrung angenehm, entspannend und Ihren W\u00fcnschen entsprechend ist.<\/p>\n<p data-start=\"1388\" data-end=\"1504\">Die erotische Massage f\u00fcr Frauen ist geeignet f\u00fcr diejenigen, die auf der Suche sind nach <strong data-start=\"1444\" data-end=\"1503\">Tiefenentspannung, Sinneserfahrung und Zeit f\u00fcr sich selbst<\/strong>.<\/p>\n\n\t\t<\/div>\n\t\t\t\t\t<\/div>\n\n\t\n\n<\/div>\n<div id=\"cmsmasters_heading_ed6x0zlr7g\" class=\"cmsmasters_heading_wrap cmsmasters_heading_align_left\">\n<h2 data-start=\"241\" data-end=\"291\">Perfekte sinnliche Massage f\u00fcr Frauen - Salon Chilli<\/h2>\n<p data-start=\"293\" data-end=\"572\">G\u00f6nnen Sie sich einen Moment der Entschleunigung und lassen Sie sich von der Atmosph\u00e4re der Ruhe, W\u00e4rme und sanften Sinnlichkeit mitrei\u00dfen. Eine sinnliche Massage f\u00fcr Frauen im Salon Chilli bietet tiefe Entspannung in einer Umgebung mit ged\u00e4mpftem Licht, sanfter Musik und einem sorgf\u00e4ltig vorbereiteten Raum, der die Entspannung von K\u00f6rper und Geist f\u00f6rdert.<\/p>\n<p data-start=\"574\" data-end=\"813\">Die Massagetherapeuten arbeiten mit bewusster Ber\u00fchrung, Handw\u00e4rme und flie\u00dfenden Techniken, so dass sich Verspannungen allm\u00e4hlich aufl\u00f6sen und Sie Ihren eigenen K\u00f6rper ohne Eile und Druck sp\u00fcren k\u00f6nnen. Die Erfahrung wird einf\u00fchlsam gef\u00fchrt, wobei Ihr Tempo und Ihre Grenzen respektiert werden.<\/p>\n<h3 data-start=\"820\" data-end=\"881\">Warum sind die sinnlichen Massagen im Salon Chilli so beliebt?<\/h3>\n<ul data-start=\"883\" data-end=\"1314\">\n<li data-start=\"883\" data-end=\"989\">\n<p data-start=\"885\" data-end=\"989\"><strong data-start=\"885\" data-end=\"930\">Tiefe Entspannung und Wahrnehmung des eigenen K\u00f6rpers<\/strong><br data-start=\"930\" data-end=\"933\" \/>Bewusste Ber\u00fchrung f\u00f6rdert Entspannung, Ruhe und die R\u00fcckkehr zu sich selbst.<\/p>\n<\/li>\n<li data-start=\"991\" data-end=\"1095\">\n<p data-start=\"993\" data-end=\"1095\"><strong data-start=\"993\" data-end=\"1015\">F\u00f6rderung des Selbstwertgef\u00fchls<\/strong><br data-start=\"1015\" data-end=\"1018\" \/>Die Massage schafft einen sicheren Raum, in dem Sie sich in Ihrem K\u00f6rper wohl f\u00fchlen k\u00f6nnen.<\/p>\n<\/li>\n<li data-start=\"1097\" data-end=\"1204\">\n<p data-start=\"1099\" data-end=\"1204\"><strong data-start=\"1099\" data-end=\"1119\">Eine sinnliche Erfahrung<\/strong><br data-start=\"1119\" data-end=\"1122\" \/>Die sanfte Arbeit mit Ber\u00fchrung und Atmosph\u00e4re bietet eine andere Dimension der Entspannung als gew\u00f6hnliche Massagen.<\/p>\n<\/li>\n<li data-start=\"1206\" data-end=\"1314\">\n<p data-start=\"1208\" data-end=\"1314\"><strong data-start=\"1208\" data-end=\"1237\">Option \"Gemeinsame Erfahrung<\/strong><br data-start=\"1237\" data-end=\"1240\" \/>Ausgew\u00e4hlte Massageoptionen k\u00f6nnen auch f\u00fcr Paare als gemeinsames Ritual angepasst werden.<\/p>\n<\/li>\n<\/ul>\n<h3 data-start=\"1321\" data-end=\"1349\">\u00a0<\/h3>\n<h3 data-start=\"1321\" data-end=\"1349\">Sicherheit und Diskretion<\/h3>\n<p data-start=\"1351\" data-end=\"1562\">Alle Massagen finden in einer sauberen und diskreten Umgebung statt, wobei der Schwerpunkt auf Hygiene, Respekt und klaren Grenzen liegt. Der Verlauf der Massage konzentriert sich auf Ber\u00fchrung, Entspannung und Sinneswahrnehmung in einer ruhigen und professionellen Atmosph\u00e4re.<\/p>\n<h3 data-start=\"1569\" data-end=\"1586\">\u00a0<\/h3>\n<h3 data-start=\"1569\" data-end=\"1586\">Verlauf der Massage<\/h3>\n<p data-start=\"1588\" data-end=\"1666\"><strong data-start=\"1588\" data-end=\"1606\">Erstes Arrangement<\/strong><br data-start=\"1606\" data-end=\"1609\" \/>Ein kurzes Gespr\u00e4ch \u00fcber Ihre W\u00fcnsche, Ihren Komfort und Ihre Grenzen.<\/p>\n<p data-start=\"1668\" data-end=\"1760\"><strong data-start=\"1668\" data-end=\"1678\">Dusche<\/strong><br data-start=\"1678\" data-end=\"1681\" \/>Das Ritual beinhaltet die M\u00f6glichkeit einer Dusche - separat oder als Teil der Einf\u00fchrung in die Massage.<\/p>\n<p data-start=\"1762\" data-end=\"1885\"><strong data-start=\"1762\" data-end=\"1771\">Massage<\/strong><br data-start=\"1771\" data-end=\"1774\" \/>Eine sinnliche Ganzk\u00f6rpermassage mit bewusster Ber\u00fchrung, sanften Streichungen und einem ruhigen, auf Ihre Bed\u00fcrfnisse abgestimmten Tempo.<\/p>\n<p data-start=\"1887\" data-end=\"2002\">Jederzeit verf\u00fcgbar <strong data-start=\"1916\" data-end=\"1932\">S\u00fc\u00dfwasser<\/strong> und auf Wunsch auch alkoholische oder nicht-alkoholische Getr\u00e4nke aus dem Angebot des Salons.<\/p>\n<h3 data-start=\"2009\" data-end=\"2031\">\u00a0<\/h3>\n<h3 data-start=\"2009\" data-end=\"2031\">Warum Salon Chilli?<\/h3>\n<ul data-start=\"2033\" data-end=\"2230\">\n<li data-start=\"2033\" data-end=\"2074\">\n<p data-start=\"2035\" data-end=\"2074\">Diskretion und ein hohes Ma\u00df an Sauberkeit<\/p>\n<\/li>\n<li data-start=\"2075\" data-end=\"2129\">\n<p data-start=\"2077\" data-end=\"2129\">professioneller und einf\u00fchlsamer Ansatz der Masseure und Masseurinnen<\/p>\n<\/li>\n<li data-start=\"2130\" data-end=\"2190\">\n<p data-start=\"2132\" data-end=\"2190\">authentische Profile und Fotos zur Auswahl durch Liken<\/p>\n<\/li>\n<li data-start=\"2191\" data-end=\"2230\">\n<p data-start=\"2193\" data-end=\"2230\">moderne, gem\u00fctliche und intime Umgebung<\/p>\n<\/li>\n<\/ul>\n<h3 data-start=\"2237\" data-end=\"2257\">\u00a0<\/h3>\n<h3 data-start=\"2237\" data-end=\"2257\">Wie kann ich einen Termin vereinbaren?<\/h3>\n<p data-start=\"2259\" data-end=\"2492\">W\u00e4hlen Sie eine Masseurin oder einen Masseur, der Ihnen gef\u00e4llt - f\u00fcr jedes Profil finden Sie <strong data-start=\"2345\" data-end=\"2373\">Online-Buchungssystem<\/strong>.<br data-start=\"2374\" data-end=\"2377\" \/>Sie k\u00f6nnen uns auch kontaktieren unter <strong data-start=\"2408\" data-end=\"2428\">+420 722 068 519<\/strong> (Telefon, SMS, WhatsApp) oder \u00fcber <strong data-start=\"2475\" data-end=\"2491\">Online-Chat<\/strong>.<\/p>\n<p data-start=\"2494\" data-end=\"2585\">Gemeinsam vereinbaren wir den Termin, die Dauer und die Form der Massage nach Ihren W\u00fcnschen und der aktuellen Verf\u00fcgbarkeit.<\/p>\n<p data-start=\"2592\" data-end=\"2760\">\u00a0<\/p>\n<p data-start=\"2592\" data-end=\"2760\">G\u00f6nnen Sie sich eine achtsame Entspannungserfahrung f\u00fcr Erwachsene, die es Ihnen erm\u00f6glicht, langsamer zu werden, Ihren K\u00f6rper und Geist zu entspannen und den Alltagsstress in der diskreten Umgebung des Salon Chilli hinter sich zu lassen.<\/p>\n<p>\u00a0<\/p>\n<\/div>\n\n\t\t<\/div>\n\t\t\t\t\t<\/div>\n\n\t\n\n\n<style>\n#row-1947361996 > .col > .col-inner {\n  padding: 0px 5% 0px 5%;\n}\n<\/style>\n<\/div>","protected":false},"excerpt":{"rendered":"","protected":false},"author":5,"featured_media":0,"parent":0,"menu_order":0,"comment_status":"closed","ping_status":"closed","template":"","meta":{"footnotes":""},"class_list":["post-29139","page","type-page","status-publish","hentry"],"_links":{"self":[{"href":"https:\/\/chillisalon.cz\/de\/wp-json\/wp\/v2\/pages\/29139","targetHints":{"allow":["GET"]}}],"collection":[{"href":"https:\/\/chillisalon.cz\/de\/wp-json\/wp\/v2\/pages"}],"about":[{"href":"https:\/\/chillisalon.cz\/de\/wp-json\/wp\/v2\/types\/page"}],"author":[{"embeddable":true,"href":"https:\/\/chillisalon.cz\/de\/wp-json\/wp\/v2\/users\/5"}],"replies":[{"embeddable":true,"href":"https:\/\/chillisalon.cz\/de\/wp-json\/wp\/v2\/comments?post=29139"}],"version-history":[{"count":5,"href":"https:\/\/chillisalon.cz\/de\/wp-json\/wp\/v2\/pages\/29139\/revisions"}],"predecessor-version":[{"id":32434,"href":"https:\/\/chillisalon.cz\/de\/wp-json\/wp\/v2\/pages\/29139\/revisions\/32434"}],"wp:attachment":[{"href":"https:\/\/chillisalon.cz\/de\/wp-json\/wp\/v2\/media?parent=29139"}],"curies":[{"name":"wp","href":"https:\/\/api.w.org\/{rel}","templated":true}]}}