{"id":29131,"date":"2025-04-16T14:28:35","date_gmt":"2025-04-16T14:28:35","guid":{"rendered":"https:\/\/chillisalon.cz\/?page_id=29131"},"modified":"2026-01-26T09:34:04","modified_gmt":"2026-01-26T08:34:04","slug":"bdsm-masaz","status":"publish","type":"page","link":"https:\/\/chillisalon.cz\/de\/bdsm-masaz\/","title":{"rendered":"BDSM-Massage"},"content":{"rendered":"<div id=\"page-header-1973664204\" class=\"page-header-wrapper\">\n  <div class=\"page-title light featured-title\">\n\n    \n    <div class=\"page-title-inner container align-center text-center flex-row-col medium-flex-wrap\" >\n              <div class=\"title-wrapper flex-col\">\n          <h1 class=\"entry-title mb-0\">\n            BDSM-Massage          <\/h1>\n        <\/div>\n                    <div class=\"title-content flex-col\">\n        <div class=\"title-breadcrumbs pb-half pt-half\"><nav class=\"woocommerce-breadcrumb breadcrumbs uppercase\" aria-label=\"Breadcrumb\" data-no-translation=\"\" data-trp-gettext=\"\">Startseite<\/nav><\/div>      <\/div>\n    <\/div>\n\n       <\/div>\n    <\/div>\n  \n\n<div class=\"row row-full-width align-middle align-center\"  id=\"row-542484088\">\n\n\n\t<div id=\"col-1511863872\" class=\"col small-12 large-12\"  >\n\t\t\t\t<div class=\"col-inner\"  >\n\t\t\t\n\t\t\t\n\n\t<div id=\"gap-330582895\" class=\"gap-element clearfix\" style=\"display:block; height:auto;\">\n\t\t\n<style>\n#gap-330582895 {\n  padding-top: 60px;\n}\n<\/style>\n\t<\/div>\n\t\n\n<div class=\"row row-full-width\"  id=\"row-1753977435\">\n\n\n\t<div id=\"col-946959978\" class=\"col medium-6 small-12 large-6\"  >\n\t\t\t\t<div class=\"col-inner\"  >\n\t\t\t\n\t\t\t\n\n<span class=\"scroll-to\" data-label=\"Scroll to: #bdsm\" data-bullet=\"true\" data-link=\"#bdsm\" data-title=\"bdsm\"><a name=\"bdsm\"><\/a><\/span>\n\n<h2 data-start=\"1277\" data-end=\"1298\"><strong data-start=\"1280\" data-end=\"1298\">BDSM-Massage<\/strong><\/h2>\n<h3 data-start=\"1300\" data-end=\"1354\">K\u00f6rperritual und bewusste Ber\u00fchrung | Chilli Salon Prag<\/h3>\n<p data-start=\"175\" data-end=\"393\">BDSM-Massage ist <strong data-start=\"189\" data-end=\"213\">bewusste k\u00f6rperliche Praxis<\/strong>die kontrollierte Ber\u00fchrung, Intensit\u00e4tsarbeit und Sinneswahrnehmung kombiniert. Sie findet in einer sicheren und diskreten Umgebung statt, wobei der Schwerpunkt auf Respekt, Kommunikation und klar definierten Grenzen liegt.<\/p>\n\n\t\t<\/div>\n\t\t\t\t\t<\/div>\n\n\t\n\n\t<div id=\"col-555336041\" class=\"col medium-6 small-12 large-6\"  >\n\t\t\t\t<div class=\"col-inner text-right\"  >\n\t\t\t\n\t\t\t\n\n\t<div class=\"img has-hover x md-x lg-x y md-y lg-y\" id=\"image_844608060\">\n\t\t\t\t\t\t\t\t<div class=\"img-inner dark\" >\n\t\t\t<img loading=\"lazy\" decoding=\"async\" width=\"300\" height=\"225\" src=\"https:\/\/chillisalon.cz\/wp-content\/uploads\/2025\/01\/BDSM-300x225.jpg\" class=\"attachment-medium size-medium\" alt=\"\" srcset=\"https:\/\/chillisalon.cz\/wp-content\/uploads\/2025\/01\/BDSM-300x225.jpg 300w, https:\/\/chillisalon.cz\/wp-content\/uploads\/2025\/01\/BDSM-510x383.jpg 510w, https:\/\/chillisalon.cz\/wp-content\/uploads\/2025\/01\/BDSM-1024x768.jpg 1024w, https:\/\/chillisalon.cz\/wp-content\/uploads\/2025\/01\/BDSM-768x576.jpg 768w, https:\/\/chillisalon.cz\/wp-content\/uploads\/2025\/01\/BDSM.jpg 1200w\" sizes=\"auto, (max-width: 300px) 100vw, 300px\" title=\"\">\t\t\t\t\t\t\n\t\t\t\t\t<\/div>\n\t\t\t\t\t\t\t\t\n<style>\n#image_844608060 {\n  width: 70%;\n}\n<\/style>\n\t<\/div>\n\t\n\n\n\t\t<\/div>\n\t\t\t\t\t<\/div>\n\n\t\n\n<\/div>\n<h3 data-start=\"400\" data-end=\"421\">Was die Massage beinhaltet<\/h3>\n<ul data-start=\"423\" data-end=\"590\">\n<li data-start=\"423\" data-end=\"471\">\n<p data-start=\"425\" data-end=\"471\">vorher vereinbarter Umfang, Intensit\u00e4t und Grenzen<\/p>\n<\/li>\n<li data-start=\"472\" data-end=\"533\">\n<p data-start=\"474\" data-end=\"533\">professionelle Ber\u00fchrungstechniken zur Unterst\u00fctzung der K\u00f6rperwahrnehmung<\/p>\n<\/li>\n<li data-start=\"534\" data-end=\"590\">\n<p data-start=\"536\" data-end=\"590\">individuelle Kommunikation und ein ruhiges, sicheres Umfeld<\/p>\n<\/li>\n<\/ul>\n<h3 data-start=\"597\" data-end=\"630\">\u00a0<\/h3>\n<h3 data-start=\"597\" data-end=\"630\">F\u00fcr wen ist BDSM-Massage geeignet<\/h3>\n<ul data-start=\"632\" data-end=\"848\">\n<li data-start=\"632\" data-end=\"711\">\n<p data-start=\"634\" data-end=\"711\">f\u00fcr Kunden, die <strong data-start=\"660\" data-end=\"709\">eine sinnlich intensive, aber kontrollierte Erfahrung<\/strong><\/p>\n<\/li>\n<li data-start=\"712\" data-end=\"772\">\n<p data-start=\"714\" data-end=\"772\">f\u00fcr Erwachsene mit einem offenen Zugang zu bewusster K\u00f6rperarbeit<\/p>\n<\/li>\n<li data-start=\"773\" data-end=\"848\">\n<p data-start=\"775\" data-end=\"848\">f\u00fcr diejenigen, die eine professionelle Beratung und die Achtung der pers\u00f6nlichen Grenzen suchen<\/p>\n<\/li>\n<\/ul>\n<p data-start=\"850\" data-end=\"931\">Jede Masseurin im Salon Chilli hat ihren eigenen Stil, ihren eigenen Ansatz und ihre eigene Arbeitsintensit\u00e4t.<\/p>\n<h3 data-start=\"938\" data-end=\"953\">\u00a0<\/h3>\n<h3 data-start=\"938\" data-end=\"953\">Was Sie erwartet<\/h3>\n<p data-start=\"955\" data-end=\"1139\">BDSM Massage verbindet <strong data-start=\"976\" data-end=\"995\">entspannende Note<\/strong> mit Elementen von Dominanz, Unterwerfung und kontrollierter Spannung. Alles geschieht nach vorheriger Absprache und in einem Tempo, das der Erfahrung und dem Einf\u00fchlungsverm\u00f6gen des Kunden entspricht.<\/p>\n<h3 data-start=\"1146\" data-end=\"1175\">\u00a0<\/h3>\n<h3 data-start=\"1146\" data-end=\"1175\">Warum diese Massage w\u00e4hlen<\/h3>\n<ul data-start=\"1177\" data-end=\"1365\">\n<li data-start=\"1177\" data-end=\"1224\">\n<p data-start=\"1179\" data-end=\"1224\">die M\u00f6glichkeit, die Dynamik von Macht und Kontrolle zu erkunden<\/p>\n<\/li>\n<li data-start=\"1225\" data-end=\"1272\">\n<p data-start=\"1227\" data-end=\"1272\">ein sicherer Raum f\u00fcr bewusstes Experimentieren<\/p>\n<\/li>\n<li data-start=\"1273\" data-end=\"1315\">\n<p data-start=\"1275\" data-end=\"1315\">Kombination aus Anspannung und anschlie\u00dfender Entspannung<\/p>\n<\/li>\n<li data-start=\"1316\" data-end=\"1365\">\n<p data-start=\"1318\" data-end=\"1365\">individueller Ansatz entsprechend der Erfahrung des Kunden<\/p>\n<\/li>\n<\/ul>\n<h3 data-start=\"1372\" data-end=\"1393\">\u00a0<\/h3>\n<h3 data-start=\"1372\" data-end=\"1393\">Wie die Massage abl\u00e4uft<\/h3>\n<p data-start=\"1395\" data-end=\"1576\">Vor dem Start der <strong data-start=\"1417\" data-end=\"1440\">ausf\u00fchrliche Beratung<\/strong>Grenzen und Sicherheitssignale setzen.<br data-start=\"1484\" data-end=\"1487\" \/>Der Kurs wird von der Masseurin geleitet und respektiert immer die vereinbarten Regeln und das aktuelle Wohlbefinden des Kunden.<\/p>\n<h3 data-start=\"1583\" data-end=\"1610\"><br \/>Warum Salon Chilli<\/h3>\n<ul data-start=\"1612\" data-end=\"1749\">\n<li data-start=\"1612\" data-end=\"1656\">\n<p data-start=\"1614\" data-end=\"1656\">spezialisierte BDSM- und Themenbereiche<\/p>\n<\/li>\n<li data-start=\"1657\" data-end=\"1702\">\n<p data-start=\"1659\" data-end=\"1702\">erfahrene Masseurinnen mit individuellem Ansatz<\/p>\n<\/li>\n<li data-start=\"1703\" data-end=\"1749\">\n<p data-start=\"1705\" data-end=\"1749\">Betonung von Sicherheit, Zustimmung und Diskretion<\/p>\n<\/li>\n<\/ul>\n<p data-start=\"1751\" data-end=\"1913\">Alle Zeit, die Sie zur Verf\u00fcgung haben <strong data-start=\"1782\" data-end=\"1806\">kostenloses S\u00fc\u00dfwasser<\/strong>.<br data-start=\"1807\" data-end=\"1810\" \/>Auf Anfrage ist es m\u00f6glich, alkoholische und nicht-alkoholische Getr\u00e4nke aus dem Angebot des Salons zu bestellen, die von der Rezeption zubereitet werden.<\/p>\n<h3 data-start=\"1920\" data-end=\"1939\"><br \/>Wie Sie einen Termin vereinbaren<\/h3>\n<p data-start=\"1941\" data-end=\"2174\">W\u00e4hlen Sie eine Masseurin oder einen Masseur, der Ihnen gef\u00e4llt - f\u00fcr jedes Profil finden Sie <strong data-start=\"2027\" data-end=\"2055\">Online-Buchungssystem<\/strong>.<br data-start=\"2056\" data-end=\"2059\" \/>Sie k\u00f6nnen uns auch kontaktieren unter <strong data-start=\"2090\" data-end=\"2110\">+420 722 068 519<\/strong> (Telefon, SMS, WhatsApp) oder \u00fcber <strong data-start=\"2157\" data-end=\"2173\">Online-Chat<\/strong>.<\/p>\n<p data-start=\"2176\" data-end=\"2267\">Wir vereinbaren gemeinsam mit Ihnen den Termin, die Dauer und den Ablauf der Massage nach Ihren W\u00fcnschen und der aktuellen Verf\u00fcgbarkeit.<\/p>\n<p data-start=\"2274\" data-end=\"2415\"><br \/>G\u00f6nnen Sie sich eine achtsame Erfahrung f\u00fcr Erwachsene, die Intensit\u00e4t, Entspannung und K\u00f6rperarbeit in der sicheren und diskreten Umgebung des Salon Chilli verbindet.<\/p>\n\n\t\t<\/div>\n\t\t\t\t\t<\/div>\n\n\t\n\n\n<style>\n#row-542484088 > .col > .col-inner {\n  padding: 0px 5% 0px 5%;\n}\n<\/style>\n<\/div>","protected":false},"excerpt":{"rendered":"","protected":false},"author":5,"featured_media":0,"parent":0,"menu_order":0,"comment_status":"closed","ping_status":"closed","template":"","meta":{"footnotes":""},"class_list":["post-29131","page","type-page","status-publish","hentry"],"_links":{"self":[{"href":"https:\/\/chillisalon.cz\/de\/wp-json\/wp\/v2\/pages\/29131","targetHints":{"allow":["GET"]}}],"collection":[{"href":"https:\/\/chillisalon.cz\/de\/wp-json\/wp\/v2\/pages"}],"about":[{"href":"https:\/\/chillisalon.cz\/de\/wp-json\/wp\/v2\/types\/page"}],"author":[{"embeddable":true,"href":"https:\/\/chillisalon.cz\/de\/wp-json\/wp\/v2\/users\/5"}],"replies":[{"embeddable":true,"href":"https:\/\/chillisalon.cz\/de\/wp-json\/wp\/v2\/comments?post=29131"}],"version-history":[{"count":7,"href":"https:\/\/chillisalon.cz\/de\/wp-json\/wp\/v2\/pages\/29131\/revisions"}],"predecessor-version":[{"id":32426,"href":"https:\/\/chillisalon.cz\/de\/wp-json\/wp\/v2\/pages\/29131\/revisions\/32426"}],"wp:attachment":[{"href":"https:\/\/chillisalon.cz\/de\/wp-json\/wp\/v2\/media?parent=29131"}],"curies":[{"name":"wp","href":"https:\/\/api.w.org\/{rel}","templated":true}]}}