{"id":29129,"date":"2025-04-16T14:26:07","date_gmt":"2025-04-16T14:26:07","guid":{"rendered":"https:\/\/chillisalon.cz\/?page_id=29129"},"modified":"2026-01-26T09:46:58","modified_gmt":"2026-01-26T08:46:58","slug":"celotelova-chilli-eroticka-masaz","status":"publish","type":"page","link":"https:\/\/chillisalon.cz\/de\/celotelova-chilli-eroticka-masaz\/","title":{"rendered":"Ganzk\u00f6rper Chili (erotische Massage)"},"content":{"rendered":"<div id=\"page-header-2050010726\" class=\"page-header-wrapper\">\n  <div class=\"page-title light featured-title\">\n\n    \n    <div class=\"page-title-inner container align-center text-center flex-row-col medium-flex-wrap\" >\n              <div class=\"title-wrapper flex-col\">\n          <h1 class=\"entry-title mb-0\">\n            Ganzk\u00f6rper Chili (erotische Massage)          <\/h1>\n        <\/div>\n                    <div class=\"title-content flex-col\">\n        <div class=\"title-breadcrumbs pb-half pt-half\"><nav class=\"woocommerce-breadcrumb breadcrumbs uppercase\" aria-label=\"Breadcrumb\" data-no-translation=\"\" data-trp-gettext=\"\">Startseite<\/nav><\/div>      <\/div>\n    <\/div>\n\n       <\/div>\n    <\/div>\n  \n\n<div class=\"row row-full-width align-middle align-center\"  id=\"row-591403198\">\n\n\n\t<div id=\"col-951489236\" class=\"col small-12 large-12\"  >\n\t\t\t\t<div class=\"col-inner\"  >\n\t\t\t\n\t\t\t\n\n\t<div id=\"gap-1186004936\" class=\"gap-element clearfix\" style=\"display:block; height:auto;\">\n\t\t\n<style>\n#gap-1186004936 {\n  padding-top: 60px;\n}\n<\/style>\n\t<\/div>\n\t\n\n<div class=\"row row-full-width\"  id=\"row-1175306542\">\n\n\n\t<div id=\"col-692702773\" class=\"col medium-6 small-12 large-6\"  >\n\t\t\t\t<div class=\"col-inner\"  >\n\t\t\t\n\t\t\t\n\n\t<div class=\"img has-hover x md-x lg-x y md-y lg-y\" id=\"image_916539476\">\n\t\t\t\t\t\t\t\t<div class=\"img-inner dark\" >\n\t\t\t<img loading=\"lazy\" decoding=\"async\" width=\"300\" height=\"200\" src=\"https:\/\/chillisalon.cz\/wp-content\/uploads\/2025\/01\/eliska_gallery_01-300x200.jpg\" class=\"attachment-medium size-medium\" alt=\"\" srcset=\"https:\/\/chillisalon.cz\/wp-content\/uploads\/2025\/01\/eliska_gallery_01-300x200.jpg 300w, https:\/\/chillisalon.cz\/wp-content\/uploads\/2025\/01\/eliska_gallery_01-510x340.jpg 510w, https:\/\/chillisalon.cz\/wp-content\/uploads\/2025\/01\/eliska_gallery_01-1024x683.jpg 1024w, https:\/\/chillisalon.cz\/wp-content\/uploads\/2025\/01\/eliska_gallery_01-768x512.jpg 768w, https:\/\/chillisalon.cz\/wp-content\/uploads\/2025\/01\/eliska_gallery_01.jpg 1200w\" sizes=\"auto, (max-width: 300px) 100vw, 300px\" title=\"\">\t\t\t\t\t\t\n\t\t\t\t\t<\/div>\n\t\t\t\t\t\t\t\t\n<style>\n#image_916539476 {\n  width: 70%;\n}\n<\/style>\n\t<\/div>\n\t\n\n\n\t\t<\/div>\n\t\t\t\t\t<\/div>\n\n\t\n\n\t<div id=\"col-1751872165\" class=\"col medium-6 small-12 large-6\"  >\n\t\t\t\t<div class=\"col-inner\"  >\n\t\t\t\n\t\t\t\n\n<span class=\"scroll-to\" data-label=\"Scroll to: #ero\" data-bullet=\"true\" data-link=\"#ero\" data-title=\"ero\"><a name=\"ero\"><\/a><\/span>\n\n<h2 data-start=\"1848\" data-end=\"1893\"><strong data-start=\"1851\" data-end=\"1893\">Ganzk\u00f6rper Chili (erotische Massage)<\/strong><\/h2>\n<h3 data-start=\"1895\" data-end=\"1952\">Tiefe Entspannung und sinnliche Ber\u00fchrung | Chilli Salon Prag<\/h3>\n<p data-start=\"211\" data-end=\"456\">Erotische Massage in der Region Chilli ist <strong data-start=\"247\" data-end=\"275\">sinnliches Entspannungsritual<\/strong>die bewusste Ber\u00fchrung, Entspannung und individuellen Ansatz verbindet. Die Massage wird geleitet, um tiefe k\u00f6rperliche Entspannung, Entschleunigung und Harmonie in einer freundlichen und diskreten Atmosph\u00e4re zu f\u00f6rdern.<\/p>\n<p data-start=\"458\" data-end=\"533\">Der konkrete Ablauf wird immer zwischen dem Kunden und der Person, die die Massage durchf\u00fchrt, vereinbart.<\/p>\n\n\t\t<\/div>\n\t\t\t\t\t<\/div>\n\n\t\n\n<\/div>\n<h3 data-start=\"540\" data-end=\"561\">Was die Massage beinhaltet<\/h3>\n<ul data-start=\"563\" data-end=\"787\">\n<li data-start=\"563\" data-end=\"631\">\n<p data-start=\"565\" data-end=\"631\">Arbeit mit Massage\u00f6l f\u00fcr maximalen Komfort und geschmeidige Bewegungen<\/p>\n<\/li>\n<li data-start=\"632\" data-end=\"682\">\n<p data-start=\"634\" data-end=\"682\">eine Kombination aus klassischen und bewussten Ber\u00fchrungstechniken<\/p>\n<\/li>\n<li data-start=\"683\" data-end=\"743\">\n<p data-start=\"685\" data-end=\"743\">individuelle Kommunikation \u00fcber Intensit\u00e4t und pers\u00f6nliche Grenzen<\/p>\n<\/li>\n<li data-start=\"744\" data-end=\"787\">\n<p data-start=\"746\" data-end=\"787\">ruhige, \u00e4sthetische und entspannende Umgebung<\/p>\n<\/li>\n<\/ul>\n<h3 data-start=\"794\" data-end=\"831\">\u00a0<\/h3>\n<h3 data-start=\"794\" data-end=\"831\">F\u00fcr wen ist die erotische Massage geeignet<\/h3>\n<ul data-start=\"833\" data-end=\"1026\">\n<li data-start=\"833\" data-end=\"895\">\n<p data-start=\"835\" data-end=\"895\">f\u00fcr Kunden, die tiefe Entspannung und sinnliche Erfahrungen suchen<\/p>\n<\/li>\n<li data-start=\"896\" data-end=\"952\">\n<p data-start=\"898\" data-end=\"952\">f\u00fcr Erwachsene, die eine umfassende Pflege f\u00fcr den ganzen K\u00f6rper w\u00fcnschen<\/p>\n<\/li>\n<li data-start=\"953\" data-end=\"1026\">\n<p data-start=\"955\" data-end=\"1026\">f\u00fcr diejenigen, die einen professionellen, diskreten und respektvollen Ansatz sch\u00e4tzen<\/p>\n<\/li>\n<\/ul>\n<p data-start=\"1028\" data-end=\"1106\">Jede Masseurin im Salon Chilli hat ihren eigenen Arbeitsstil, ihr eigenes Tempo und ihre eigene Art der Ber\u00fchrung.<\/p>\n<h3 data-start=\"1113\" data-end=\"1128\">\u00a0<\/h3>\n<h3 data-start=\"1113\" data-end=\"1128\">Was Sie erwartet<\/h3>\n<p data-start=\"1130\" data-end=\"1360\">Ganzk\u00f6rper-Chili-Massage ist <strong data-start=\"1157\" data-end=\"1186\">Ritual der sinnlichen Entspannung<\/strong> die auf den gesamten K\u00f6rper abzielen.<br data-start=\"1209\" data-end=\"1212\" \/>Sanfte und flie\u00dfende Ber\u00fchrungen, \u00d6larbeit und eine ruhige Atmosph\u00e4re helfen, Spannungen zu l\u00f6sen, den Geist zu beruhigen und die Ber\u00fchrung in einer sicheren und respektvollen Umgebung zu sp\u00fcren.<\/p>\n<h3 data-start=\"1367\" data-end=\"1396\">\u00a0<\/h3>\n<h3 data-start=\"1367\" data-end=\"1396\">Warum diese Massage w\u00e4hlen<\/h3>\n<ul data-start=\"1398\" data-end=\"1560\">\n<li data-start=\"1398\" data-end=\"1430\">\n<p data-start=\"1400\" data-end=\"1430\">tiefe Entspannung des ganzen K\u00f6rpers<\/p>\n<\/li>\n<li data-start=\"1431\" data-end=\"1473\">\n<p data-start=\"1433\" data-end=\"1473\">Abbau von Stress und angesammelten Spannungen<\/p>\n<\/li>\n<li data-start=\"1474\" data-end=\"1521\">\n<p data-start=\"1476\" data-end=\"1521\">eine sinnliche, aber ruhige und professionelle Erfahrung<\/p>\n<\/li>\n<li data-start=\"1522\" data-end=\"1560\">\n<p data-start=\"1524\" data-end=\"1560\">die ideale Wahl auch f\u00fcr einen ersten Besuch<\/p>\n<\/li>\n<\/ul>\n<h3 data-start=\"1567\" data-end=\"1588\">\u00a0<\/h3>\n<h3 data-start=\"1567\" data-end=\"1588\">Wie die Massage abl\u00e4uft<\/h3>\n<p data-start=\"1590\" data-end=\"1796\">Nach der Erstberatung folgt eine Dusche und eine Ganzk\u00f6rpermassage.<br data-start=\"1661\" data-end=\"1664\" \/>Die Masseurin passt das Tempo und die Intensit\u00e4t an Ihre Bed\u00fcrfnisse und Ihre aktuelle Stimmung an. Das Ziel ist Entspannung, Komfort und eine angenehme k\u00f6rperliche Erfahrung.<\/p>\n<h3 data-start=\"1803\" data-end=\"1830\">\u00a0<\/h3>\n<h3 data-start=\"1803\" data-end=\"1830\">Warum Salon Chilli<\/h3>\n<ul data-start=\"1832\" data-end=\"2025\">\n<li data-start=\"1832\" data-end=\"1889\">\n<p data-start=\"1834\" data-end=\"1889\">Langj\u00e4hrige Erfahrung mit K\u00f6rperarbeit und Entspannungspraktiken<\/p>\n<\/li>\n<li data-start=\"1890\" data-end=\"1934\">\n<p data-start=\"1892\" data-end=\"1934\">Betonung der Atmosph\u00e4re, des Friedens und des Gef\u00fchls der Sicherheit<\/p>\n<\/li>\n<li data-start=\"1935\" data-end=\"1972\">\n<p data-start=\"1937\" data-end=\"1972\">professioneller Ansatz ohne Druck<\/p>\n<\/li>\n<li data-start=\"1973\" data-end=\"2025\">\n<p data-start=\"1975\" data-end=\"2025\">M\u00f6glichkeit, eine Masseurin oder einen Masseur je nach Profil auszuw\u00e4hlen<\/p>\n<\/li>\n<\/ul>\n<p data-start=\"2027\" data-end=\"2189\">Alle Zeit, die Sie zur Verf\u00fcgung haben <strong data-start=\"2058\" data-end=\"2082\">kostenloses S\u00fc\u00dfwasser<\/strong>.<br data-start=\"2083\" data-end=\"2086\" \/>Auf Anfrage ist es m\u00f6glich, alkoholische und nicht-alkoholische Getr\u00e4nke aus dem Angebot des Salons zu bestellen, die von der Rezeption zubereitet werden.<\/p>\n<h3 data-start=\"2196\" data-end=\"2215\">\u00a0<\/h3>\n<h3 data-start=\"2196\" data-end=\"2215\">Wie Sie einen Termin vereinbaren<\/h3>\n<p data-start=\"2217\" data-end=\"2450\">W\u00e4hlen Sie eine Masseurin oder einen Masseur, der Ihnen gef\u00e4llt - f\u00fcr jedes Profil finden Sie <strong data-start=\"2303\" data-end=\"2331\">Online-Buchungssystem<\/strong>.<br data-start=\"2332\" data-end=\"2335\" \/>Sie k\u00f6nnen uns auch kontaktieren unter <strong data-start=\"2366\" data-end=\"2386\">+420 722 068 519<\/strong> (Telefon, SMS, WhatsApp) oder \u00fcber <strong data-start=\"2433\" data-end=\"2449\">Online-Chat<\/strong>.<\/p>\n<p data-start=\"2452\" data-end=\"2543\">Wir vereinbaren gemeinsam mit Ihnen den Termin, die Dauer und den Ablauf der Massage nach Ihren W\u00fcnschen und der aktuellen Verf\u00fcgbarkeit.<\/p>\n<p data-start=\"2550\" data-end=\"2718\"><br \/>G\u00f6nnen Sie sich eine achtsame Entspannungserfahrung f\u00fcr Erwachsene, die Ihnen hilft, langsamer zu werden, Ihren K\u00f6rper und Geist zu entspannen und den Alltagsstress in der diskreten Umgebung des Salon Chilli hinter sich zu lassen.<\/p>\n\n\t\t<\/div>\n\t\t\t\t\t<\/div>\n\n\t\n\n\n<style>\n#row-591403198 > .col > .col-inner {\n  padding: 0px 5% 0px 5%;\n}\n<\/style>\n<\/div>","protected":false},"excerpt":{"rendered":"","protected":false},"author":5,"featured_media":0,"parent":0,"menu_order":0,"comment_status":"closed","ping_status":"closed","template":"","meta":{"footnotes":""},"class_list":["post-29129","page","type-page","status-publish","hentry"],"_links":{"self":[{"href":"https:\/\/chillisalon.cz\/de\/wp-json\/wp\/v2\/pages\/29129","targetHints":{"allow":["GET"]}}],"collection":[{"href":"https:\/\/chillisalon.cz\/de\/wp-json\/wp\/v2\/pages"}],"about":[{"href":"https:\/\/chillisalon.cz\/de\/wp-json\/wp\/v2\/types\/page"}],"author":[{"embeddable":true,"href":"https:\/\/chillisalon.cz\/de\/wp-json\/wp\/v2\/users\/5"}],"replies":[{"embeddable":true,"href":"https:\/\/chillisalon.cz\/de\/wp-json\/wp\/v2\/comments?post=29129"}],"version-history":[{"count":6,"href":"https:\/\/chillisalon.cz\/de\/wp-json\/wp\/v2\/pages\/29129\/revisions"}],"predecessor-version":[{"id":32428,"href":"https:\/\/chillisalon.cz\/de\/wp-json\/wp\/v2\/pages\/29129\/revisions\/32428"}],"wp:attachment":[{"href":"https:\/\/chillisalon.cz\/de\/wp-json\/wp\/v2\/media?parent=29129"}],"curies":[{"name":"wp","href":"https:\/\/api.w.org\/{rel}","templated":true}]}}