{"id":29079,"date":"2025-04-09T17:14:07","date_gmt":"2025-04-09T17:14:07","guid":{"rendered":"https:\/\/chillisalon.cz\/?page_id=29079"},"modified":"2026-01-26T19:43:50","modified_gmt":"2026-01-26T18:43:50","slug":"eroticke-masaze-2","status":"publish","type":"page","link":"https:\/\/chillisalon.cz\/de\/eroticke-masaze-2\/","title":{"rendered":"Extras (etwas Zus\u00e4tzliches)"},"content":{"rendered":"<div id=\"page-header-1564523102\" class=\"page-header-wrapper\">\n  <div class=\"page-title light featured-title\">\n\n    \n    <div class=\"page-title-inner container align-center text-center flex-row-col medium-flex-wrap\" >\n              <div class=\"title-wrapper flex-col\">\n          <h1 class=\"entry-title mb-0\">\n            Extras (etwas Zus\u00e4tzliches)          <\/h1>\n        <\/div>\n                    <div class=\"title-content flex-col\">\n        <div class=\"title-breadcrumbs pb-half pt-half\"><nav class=\"woocommerce-breadcrumb breadcrumbs uppercase\" aria-label=\"Breadcrumb\" data-no-translation=\"\" data-trp-gettext=\"\">Startseite<\/nav><\/div>      <\/div>\n    <\/div>\n\n       <\/div>\n    <\/div>\n  \n\n<div class=\"row row-full-width align-middle align-center\"  id=\"row-1433741539\">\n\n\n\t<div id=\"col-95179694\" class=\"col small-12 large-12\"  >\n\t\t\t\t<div class=\"col-inner\"  >\n\t\t\t\n\t\t\t\n\n<div class=\"text-center\"><div class=\"is-divider divider clearfix\" style=\"max-width:100%;\"><\/div><\/div>\n\n<div class=\"row row-full-width\"  id=\"row-1652974764\">\n\n\n\t<div id=\"col-1603713276\" class=\"col medium-6 small-12 large-6\"  >\n\t\t\t\t<div class=\"col-inner\"  >\n\t\t\t\n\t\t\t\n\n<h2>Fu\u00dffetisch \/ Fu\u00dfjob<\/h2>\n<h3 data-start=\"894\" data-end=\"908\">Fu\u00dffetisch<\/h3>\n<p data-start=\"910\" data-end=\"1149\">Die Fu\u00dffetisch-Massage im Salon Chilli ist ein sinnliches Erlebnis, bei dem die \u00c4sthetik der F\u00fc\u00dfe, die Ber\u00fchrung und die Liebe zum Detail im Mittelpunkt stehen. Die F\u00fc\u00dfe der Masseurin werden zum Hauptelement des Rituals - ihre Bewegung, ihre N\u00e4he und ihre Ber\u00fchrungsarbeit erzeugen eine intensive sensorische Spannung.<\/p>\n<p data-start=\"1151\" data-end=\"1328\">W\u00e4hrend der Massage liegt der Schwerpunkt auf Wahrnehmung, Langsamkeit und Atmosph\u00e4re. Der Klient hat den Raum, den Kontakt mit den F\u00fc\u00dfen der Masseurin in einer sicheren und diskreten Umgebung zu beobachten, zu erleben und zu genie\u00dfen.<\/p>\n<p data-start=\"1330\" data-end=\"1521\">Fu\u00dffetisch ist eine ideale Wahl f\u00fcr alle, die unkonventionelle Formen der erotischen Massage, \u00c4sthetik und sinnliches Spiel ohne Leistungsdruck m\u00f6gen - nur pures Erleben und Aufmerksamkeit f\u00fcr den gegenw\u00e4rtigen Moment.<\/p>\n<h3>Fu\u00dfarbeit<\/h3>\n<p data-start=\"285\" data-end=\"506\">Foot Job ist ein sinnlich-erotisches Ritual, bei dem die Masseurin mit der Ber\u00fchrung ihrer F\u00fc\u00dfe und Beine arbeitet. Die Bewegungen sind langsam, bed\u00e4chtig und auf ein intensives Sinneserlebnis ausgerichtet, das Entspannung, Erregung und die \u00c4sthetik der Ber\u00fchrung verbindet.<\/p>\n<p data-start=\"508\" data-end=\"721\">Die Masseurin f\u00fchrt das ganze Erlebnis einf\u00fchlsam und mit Respekt f\u00fcr die vereinbarten Grenzen. Foot Job bietet eine andere Art der Stimulation als eine klassische erotische Massage - sie ist sanfter, spielerischer und konzentriert sich auf Details, Rhythmus und Wahrnehmung jeder Bewegung.<\/p>\n<p data-start=\"723\" data-end=\"887\">Diese Massage ist die ideale Wahl f\u00fcr Kunden, die neue Formen des sinnlichen Vergn\u00fcgens entdecken und eine erotische Erfahrung genie\u00dfen m\u00f6chten, die auf Originalit\u00e4t und Fantasie basiert.<\/p>\n\n\t\t<\/div>\n\t\t\t\t\t<\/div>\n\n\t\n\n\t<div id=\"col-1391019056\" class=\"col medium-6 small-12 large-6\"  >\n\t\t\t\t<div class=\"col-inner text-right\"  >\n\t\t\t\n\t\t\t\n\n\t<div class=\"img has-hover x md-x lg-x y md-y lg-y\" id=\"image_1173819155\">\n\t\t\t\t\t\t\t\t<div class=\"img-inner dark\" >\n\t\t\t<img loading=\"lazy\" decoding=\"async\" width=\"300\" height=\"200\" src=\"https:\/\/chillisalon.cz\/wp-content\/uploads\/2025\/01\/footjob_web-300x200.jpg\" class=\"attachment-medium size-medium\" alt=\"\" srcset=\"https:\/\/chillisalon.cz\/wp-content\/uploads\/2025\/01\/footjob_web-300x200.jpg 300w, https:\/\/chillisalon.cz\/wp-content\/uploads\/2025\/01\/footjob_web-510x340.jpg 510w, https:\/\/chillisalon.cz\/wp-content\/uploads\/2025\/01\/footjob_web-1024x683.jpg 1024w, https:\/\/chillisalon.cz\/wp-content\/uploads\/2025\/01\/footjob_web-768x512.jpg 768w, https:\/\/chillisalon.cz\/wp-content\/uploads\/2025\/01\/footjob_web.jpg 1200w\" sizes=\"auto, (max-width: 300px) 100vw, 300px\" title=\"\">\t\t\t\t\t\t\n\t\t\t\t\t<\/div>\n\t\t\t\t\t\t\t\t\n<style>\n#image_1173819155 {\n  width: 70%;\n}\n<\/style>\n\t<\/div>\n\t\n\n\n\t\t<\/div>\n\t\t\t\t\t<\/div>\n\n\t\n\n<\/div>\n<div class=\"accordion\">\n\n\t<div id=\"accordion-3792526713\" class=\"accordion-item\">\n\t\t<a id=\"accordion-3792526713-label\" class=\"accordion-title plain\" href=\"#accordion-item-\u010c\u00edst-v\u00edce\" aria-expanded=\"false\" aria-controls=\"accordion-3792526713-content\">\n\t\t\t<button class=\"toggle\" aria-label=\"Umschalten\"><i class=\"icon-angle-down\" aria-hidden=\"true\"><\/i><\/button>\n\t\t\t<span>Mehr lesen<\/span>\n\t\t<\/a>\n\t\t<div id=\"accordion-3792526713-content\" class=\"accordion-inner\" aria-labelledby=\"accordion-3792526713-label\">\n\t\t\t\n\n<div id=\"cmsmasters_heading_ed6x0zlr7g\" class=\"cmsmasters_heading_wrap cmsmasters_heading_align_left\">\n<p>Wenn Sie allein der Anblick eines Frauenfu\u00dfes fasziniert, dann ist Fu\u00dffetisch genau das Richtige f\u00fcr Sie. Es sind die F\u00fc\u00dfe der Masseurin, die Ihre erogenen Zonen w\u00e4hrend der erotischen Massage verw\u00f6hnen, w\u00e4hrend Sie Lust haben, sie zu streicheln, zu k\u00fcssen und zu liebkosen. Lassen Sie die Masseurin Ihre tiefsten Fantasien \u00fcber Ihre F\u00fc\u00dfe kennenlernen und erkunden Sie sie gemeinsam.<\/p>\n<p>Im Rahmen von <strong>Fu\u00dffetisch<\/strong> Du kannst mit deinen F\u00fc\u00dfen, Zehen und Kn\u00f6cheln spielen. K\u00fcssen, lecken, bei\u00dfen, schn\u00fcffeln oder die F\u00fc\u00dfe massieren.... Es gibt eine Anforderung an das Schuhwerk (nackte F\u00fc\u00dfe, Str\u00fcmpfe, Socken, Abs\u00e4tze oder Stiefel).<\/p>\n<p>Fu\u00dffetisch\/Fu\u00dfjob ist ein wahres Fest f\u00fcr die F\u00fc\u00dfe der Frauen. Viele M\u00e4nner sind in die glatten, schlanken Beine von Frauen verliebt und lieben die Gelegenheit, diese Sch\u00f6nheit zu bewundern und zu verehren. Im Chilli Salon k\u00f6nnen Sie dieses wunderbare Gef\u00fchl genie\u00dfen, w\u00e4hrend Ihre ausgew\u00e4hlte Masseurin Sie mit Ihren perfekt manik\u00fcrten F\u00fc\u00dfen in einen Zustand der totalen Euphorie versetzt. Dieser Service wird Wellen des Vergn\u00fcgens ausl\u00f6sen, die Ihren K\u00f6rper durchschmelzen und Sie in einen Zustand der puren Erregung versetzen.<\/p>\n<p><strong>Fu\u00dfarbeit<\/strong> Bei diesem Service wird Ihr Penis mit der flachen Seite der F\u00fc\u00dfe stimuliert, bis er zum H\u00f6hepunkt kommt.<\/p>\n<p>Die Varianten, die wir anbieten, werden immer im Profil der einzelnen Dame erw\u00e4hnt:<br \/><strong>Fu\u00dffetisch:<\/strong><br \/>Teil der Massagezeit + 390,- CZK<br \/>separat (ohne Massage) 15 min. 500,- CZK oder 30 min. 1000,- CZK<\/p>\n<p><strong>Footjob:<\/strong><br \/>Teil der Massagezeit + 390,- CZK<br \/>separat (ohne Massage) 30 min. 1800,- CZK<\/p>\n<p>Unsere Madams bieten auch BDSM an, z.B. Trampling, eine Praxis, bei der die dominante Person auf Ihnen herumtrampelt (besonders auf Ihren Genitalien). Sie k\u00f6nnen Abs\u00e4tze benutzen, um den Schmerz zu verst\u00e4rken.<\/p>\n<p>\u00a0<\/p>\n<\/div>\n\n\t\t<\/div>\n\t<\/div>\n\t\n\n<\/div>\n<div class=\"text-center\"><div class=\"is-divider divider clearfix\" style=\"max-width:100%;\"><\/div><\/div>\n\n<div class=\"row row-full-width\"  id=\"row-1130343034\">\n\n\n\t<div id=\"col-1140606640\" class=\"col medium-6 small-12 large-6\"  >\n\t\t\t\t<div class=\"col-inner\"  >\n\t\t\t\n\t\t\t\n\n\t<div class=\"img has-hover x md-x lg-x y md-y lg-y\" id=\"image_824728216\">\n\t\t\t\t\t\t\t\t<div class=\"img-inner dark\" >\n\t\t\t<img loading=\"lazy\" decoding=\"async\" width=\"300\" height=\"200\" src=\"https:\/\/chillisalon.cz\/wp-content\/uploads\/2025\/01\/sarlota_gallery_03-300x200.jpg\" class=\"attachment-medium size-medium\" alt=\"\" srcset=\"https:\/\/chillisalon.cz\/wp-content\/uploads\/2025\/01\/sarlota_gallery_03-300x200.jpg 300w, https:\/\/chillisalon.cz\/wp-content\/uploads\/2025\/01\/sarlota_gallery_03-510x340.jpg 510w, https:\/\/chillisalon.cz\/wp-content\/uploads\/2025\/01\/sarlota_gallery_03-1024x683.jpg 1024w, https:\/\/chillisalon.cz\/wp-content\/uploads\/2025\/01\/sarlota_gallery_03-768x512.jpg 768w, https:\/\/chillisalon.cz\/wp-content\/uploads\/2025\/01\/sarlota_gallery_03.jpg 1200w\" sizes=\"auto, (max-width: 300px) 100vw, 300px\" title=\"\">\t\t\t\t\t\t\n\t\t\t\t\t<\/div>\n\t\t\t\t\t\t\t\t\n<style>\n#image_824728216 {\n  width: 70%;\n}\n<\/style>\n\t<\/div>\n\t\n\n\n\t\t<\/div>\n\t\t\t\t\t<\/div>\n\n\t\n\n\t<div id=\"col-1064005337\" class=\"col medium-6 small-12 large-6\"  >\n\t\t\t\t<div class=\"col-inner\"  >\n\t\t\t\n\t\t\t\n\n<h3>Flirttanz<\/h3>\n<p data-start=\"160\" data-end=\"386\">Flirt Dance ist eine sinnliche visuelle Show, die mit Bewegung, Atmosph\u00e4re und Spannung arbeitet. Die Masseurin f\u00fchrt Sie durch einen langsamen, verf\u00fchrerischen Tanz im Rhythmus der Musik, bei dem jeder Schritt, jede Geste und jeder Blick f\u00fcr ein intensives Sinneserlebnis sorgt.<\/p>\n<p data-start=\"388\" data-end=\"657\">Dieses Ritual ist vor allem f\u00fcr die Augen und die Fantasie gedacht. Die Masseurin enth\u00fcllt nach und nach ihren K\u00f6rper, arbeitet mit der Energie des Raumes und h\u00e4lt Sie in angenehmer Erwartung. Der Flirttanz findet ganz unter ihrer Leitung statt und basiert auf \u00c4sthetik, Eleganz und Sinnlichkeit, nicht auf k\u00f6rperlichem Kontakt.<\/p>\n<p data-start=\"659\" data-end=\"842\">Der Flirttanz ist ideal als eigenst\u00e4ndiges Erlebnis oder als besondere Erg\u00e4nzung zur erotischen Massage. Er bietet eine andere Dimension der Lust - langsam, verlockend und intensiv, die lange in Erinnerung bleibt.<\/p>\n\n\t\t<\/div>\n\t\t\t\t\t<\/div>\n\n\t\n\n<\/div>\n<div class=\"accordion\">\n\n\t<div id=\"accordion-338351313\" class=\"accordion-item\">\n\t\t<a id=\"accordion-338351313-label\" class=\"accordion-title plain\" href=\"#accordion-item-\u010c\u00edst-v\u00edce\" aria-expanded=\"false\" aria-controls=\"accordion-338351313-content\">\n\t\t\t<button class=\"toggle\" aria-label=\"Umschalten\"><i class=\"icon-angle-down\" aria-hidden=\"true\"><\/i><\/button>\n\t\t\t<span>Mehr lesen<\/span>\n\t\t<\/a>\n\t\t<div id=\"accordion-338351313-content\" class=\"accordion-inner\" aria-labelledby=\"accordion-338351313-label\">\n\t\t\t\n\n<div id=\"cmsmasters_heading_ed6x0zlr7g\" class=\"cmsmasters_heading_wrap cmsmasters_heading_align_left\">\n<p>Was verstehen Sie unter Flirttanz? Es handelt sich um eine erotische Form des Tanzes, bei der sich die Dame allm\u00e4hlich entkleidet und ihre Kurven nur f\u00fcr Ihre Augen offenbart. Wenn Sie irgendwelche W\u00fcnsche haben, welche Art von erotischen Dessous sie tragen soll, z\u00f6gern Sie nicht, uns Ihre W\u00fcnsche mitzuteilen und wir werden versuchen, darauf einzugehen.<\/p>\n<p>Bei der Bestellung dieses Dienstes ist die Zeit, die f\u00fcr den Flirttanz aufgewendet wird, in der gesamten Bestellzeit enthalten.<br \/>Preis: 490,- CZK<\/p>\n<\/div>\n\n\t\t<\/div>\n\t<\/div>\n\t\n\n<\/div>\n<div class=\"text-center\"><div class=\"is-divider divider clearfix\" style=\"max-width:100%;\"><\/div><\/div>\n\n<div class=\"row row-full-width\"  id=\"row-122239492\">\n\n\n\t<div id=\"col-1076503076\" class=\"col medium-6 small-12 large-6\"  >\n\t\t\t\t<div class=\"col-inner\"  >\n\t\t\t\n\t\t\t\n\n<h3>Chili-Show - Lesben-Show<\/h3>\n<p data-start=\"236\" data-end=\"441\">Die Chilli Show ist ein sinnliches visuelles Erlebnis f\u00fcr alle, die sich von der Energie und N\u00e4he zweier Frauen angezogen f\u00fchlen. Sie w\u00e4hlen zwei Masseurinnen, die vor Ihnen ein langsames, \u00e4sthetisches Ritual der Ber\u00fchrung, Bewegung und des Zusammenspiels schaffen.<\/p>\n<p data-start=\"443\" data-end=\"696\">Ihre K\u00f6rper gehen in flie\u00dfenden Gesten ineinander \u00fcber, arbeiten mit \u00d6l und K\u00f6rper, in einer Atmosph\u00e4re von Ruhe, Spannung und Sinnlichkeit. Bei der Chili-Show geht es um den Blick, die Vorstellungskraft und die Wahrnehmung von Details - ein Moment, in dem sich die Zeit verlangsamt und die Aufmerksamkeit auf den gegenw\u00e4rtigen Augenblick gerichtet ist.<\/p>\n<p data-start=\"698\" data-end=\"837\">Diese Erfahrung ist eine ideale Abwechslung zur erotischen Massage und bietet ein intensives Sinneserlebnis, das elegant, verlockend und unvergesslich ist.<\/p>\n\n\t\t<\/div>\n\t\t\t\t\t<\/div>\n\n\t\n\n\t<div id=\"col-221529441\" class=\"col medium-6 small-12 large-6\"  >\n\t\t\t\t<div class=\"col-inner\"  >\n\t\t\t\n\t\t\t\n\n\t<div class=\"img has-hover x md-x lg-x y md-y lg-y\" id=\"image_210389506\">\n\t\t\t\t\t\t\t\t<div class=\"img-inner dark\" >\n\t\t\t<img loading=\"lazy\" decoding=\"async\" width=\"300\" height=\"98\" src=\"https:\/\/chillisalon.cz\/wp-content\/uploads\/2025\/01\/michaela_gallery_05-300x98.jpg\" class=\"attachment-medium size-medium\" alt=\"\" srcset=\"https:\/\/chillisalon.cz\/wp-content\/uploads\/2025\/01\/michaela_gallery_05-300x98.jpg 300w, https:\/\/chillisalon.cz\/wp-content\/uploads\/2025\/01\/michaela_gallery_05-510x166.jpg 510w, https:\/\/chillisalon.cz\/wp-content\/uploads\/2025\/01\/michaela_gallery_05-1024x334.jpg 1024w, https:\/\/chillisalon.cz\/wp-content\/uploads\/2025\/01\/michaela_gallery_05-768x250.jpg 768w, https:\/\/chillisalon.cz\/wp-content\/uploads\/2025\/01\/michaela_gallery_05.jpg 1200w\" sizes=\"auto, (max-width: 300px) 100vw, 300px\" title=\"\">\t\t\t\t\t\t\n\t\t\t\t\t<\/div>\n\t\t\t\t\t\t\t\t\n<style>\n#image_210389506 {\n  width: 100%;\n}\n<\/style>\n\t<\/div>\n\t\n\n\n\t\t<\/div>\n\t\t\t\t\t<\/div>\n\n\t\n\n<\/div>\n<div class=\"accordion\">\n\n\t<div id=\"accordion-249628670\" class=\"accordion-item\">\n\t\t<a id=\"accordion-249628670-label\" class=\"accordion-title plain\" href=\"#accordion-item-\u010c\u00edst-v\u00edce\" aria-expanded=\"false\" aria-controls=\"accordion-249628670-content\">\n\t\t\t<button class=\"toggle\" aria-label=\"Umschalten\"><i class=\"icon-angle-down\" aria-hidden=\"true\"><\/i><\/button>\n\t\t\t<span>Mehr lesen<\/span>\n\t\t<\/a>\n\t\t<div id=\"accordion-249628670-content\" class=\"accordion-inner\" aria-labelledby=\"accordion-249628670-label\">\n\t\t\t\n\n<div id=\"cmsmasters_heading_ed6x0zlr7g\" class=\"cmsmasters_heading_wrap cmsmasters_heading_align_left\">\n<p>Ist Ihnen der Anblick von zwei Frauen, die sich gegenseitig ber\u00fchren, unangenehm? Eine Massage kann sogar noch aufregender sein, als du dir vorstellst. So w\u00fcrzen Sie es mit unserer exklusiven Chili-Show, bei der Sie zwei Masseurinnen w\u00e4hlen, die sich in Evas Kleidung verkleiden und sich gegenseitig eine Body-to-Body-Massage geben. Genie\u00dfen Sie den Anblick von zwei glitzernden K\u00f6rpern unserer Masseurinnen als Bereicherung Ihrer erotischen Massage.<\/p>\n<p>Wenn Sie diesen Service bestellen, verl\u00e4ngert sich die Gesamtzeit um 10 Minuten extra. Eine zweite Dame Ihrer Wahl wird f\u00fcr diese Zeit zur Verf\u00fcgung stehen.<br \/>Preis: 850,- CZK<\/p>\n<h2><span style=\"font-size: 23.040001px; color: #333333;\">Wie buche ich eine Massage im Salon Chilli?<\/span><\/h2>\n<\/div>\n<p>Die Buchung Ihres perfekten Termins bei einer Masseurin ist ganz einfach. Besuchen Sie das Profil der Masseurin Ihrer Wahl, dort finden Sie das Buchungssystem f\u00fcr jede angebotene Dienstleistung.&nbsp;<\/p>\n\n\t\t<\/div>\n\t<\/div>\n\t\n\n<\/div>\n<div class=\"text-center\"><div class=\"is-divider divider clearfix\" style=\"max-width:100%;\"><\/div><\/div>\n\n<div class=\"row row-full-width\"  id=\"row-1529888054\">\n\n\n\t<div id=\"col-1932397581\" class=\"col medium-6 small-12 large-6\"  >\n\t\t\t\t<div class=\"col-inner\"  >\n\t\t\t\n\t\t\t\n\n\t<div class=\"img has-hover x md-x lg-x y md-y lg-y\" id=\"image_1245789292\">\n\t\t\t\t\t\t\t\t<div class=\"img-inner dark\" >\n\t\t\t<img loading=\"lazy\" decoding=\"async\" width=\"300\" height=\"209\" src=\"https:\/\/chillisalon.cz\/wp-content\/uploads\/2025\/01\/Polish_20240520_075954063-300x209.jpg\" class=\"attachment-medium size-medium\" alt=\"\" srcset=\"https:\/\/chillisalon.cz\/wp-content\/uploads\/2025\/01\/Polish_20240520_075954063-300x209.jpg 300w, https:\/\/chillisalon.cz\/wp-content\/uploads\/2025\/01\/Polish_20240520_075954063-510x355.jpg 510w, https:\/\/chillisalon.cz\/wp-content\/uploads\/2025\/01\/Polish_20240520_075954063-1024x712.jpg 1024w, https:\/\/chillisalon.cz\/wp-content\/uploads\/2025\/01\/Polish_20240520_075954063-768x534.jpg 768w, https:\/\/chillisalon.cz\/wp-content\/uploads\/2025\/01\/Polish_20240520_075954063.jpg 1086w\" sizes=\"auto, (max-width: 300px) 100vw, 300px\" title=\"\">\t\t\t\t\t\t\n\t\t\t\t\t<\/div>\n\t\t\t\t\t\t\t\t\n<style>\n#image_1245789292 {\n  width: 70%;\n}\n<\/style>\n\t<\/div>\n\t\n\n\n\t\t<\/div>\n\t\t\t\t\t<\/div>\n\n\t\n\n\t<div id=\"col-144309934\" class=\"col medium-6 small-12 large-6\"  >\n\t\t\t\t<div class=\"col-inner\"  >\n\t\t\t\n\t\t\t\n\n<h3>Facesitting<\/h3>\n<p data-start=\"175\" data-end=\"405\">Facesitting ist eine intime und sinnliche Erfahrung, die auf N\u00e4he, Vertrauen und bewusster K\u00f6rperarbeit beruht. Die Masseurin sitzt sanft auf Ihrem Gesicht, in Dessous gekleidet, w\u00e4hrend Sie in einer bequemen Position liegen und ihre Pr\u00e4senz, ihr Gewicht und ihre Energie sp\u00fcren.<\/p>\n<p data-start=\"407\" data-end=\"627\">Das ganze Ritual ist langsam und einf\u00fchlsam. Die Masseurin hat die Kontrolle \u00fcber den Prozess, aber gleichzeitig k\u00fcmmert sie sich um Ihren Komfort, Respekt und Sicherheit. Die Erfahrung basiert auf einer intimen Atmosph\u00e4re, Ruhe und Sinneswahrnehmung, nicht auf Eile oder Druck.<\/p>\n<p data-start=\"629\" data-end=\"798\">Facesitting bietet eine intensive Kombination aus Spannung und Entspannung - ein Moment, in dem die Aufmerksamkeit auf den K\u00f6rper, den Atem und den gegenw\u00e4rtigen Moment in einer diskreten und respektvollen Umgebung gerichtet ist.<\/p>\n\n\t\t<\/div>\n\t\t\t\t\t<\/div>\n\n\t\n\n<\/div>\n<div class=\"text-center\"><div class=\"is-divider divider clearfix\" style=\"max-width:100%;\"><\/div><\/div>\n\n<div class=\"row row-full-width\"  id=\"row-2066555584\">\n\n\n\t<div id=\"col-293468504\" class=\"col medium-6 small-12 large-6\"  >\n\t\t\t\t<div class=\"col-inner\"  >\n\t\t\t\n\t\t\t\n\n<h3>Autoerotik<\/h3>\n<p data-start=\"178\" data-end=\"396\">Autoerotik ist eine intime visuelle Erfahrung, die sich auf Sinnlichkeit, Atmosph\u00e4re und die Wahrnehmung des gegenw\u00e4rtigen Moments konzentriert. Der Kunde bleibt in der Rolle des Beobachters, w\u00e4hrend die Masseurin sich auf ihr eigenes Erlebnis in einer ruhigen und diskreten Umgebung konzentriert.<\/p>\n<p data-start=\"398\" data-end=\"608\">Das gesamte Ritual findet ohne K\u00f6rperkontakt statt und basiert auf visueller Wahrnehmung, Langsamkeit und der Arbeit mit Energie und Aufmerksamkeit. Die Atmosph\u00e4re ist entspannt, respektvoll und gef\u00fchrt, um ein Gef\u00fchl von Sicherheit und Intimit\u00e4t zu f\u00f6rdern.<\/p>\n<p data-start=\"610\" data-end=\"842\">Der Ablauf wird immer im Voraus festgelegt, innerhalb klar definierter Grenzen. Die Masseurin hat die Kontrolle \u00fcber den Verlauf des Erlebnisses und sorgt daf\u00fcr, dass das ganze Erlebnis angenehm, ruhig und sinnlich intensiv ist - ohne dass der Kunde aktiv mitwirken muss.<\/p>\n\n\t\t<\/div>\n\t\t\t\t\t<\/div>\n\n\t\n\n\t<div id=\"col-1315622730\" class=\"col medium-6 small-12 large-6\"  >\n\t\t\t\t<div class=\"col-inner text-right\"  >\n\t\t\t\n\t\t\t\n\n\t<div class=\"img has-hover x md-x lg-x y md-y lg-y\" id=\"image_1296476792\">\n\t\t\t\t\t\t\t\t<div class=\"img-inner dark\" >\n\t\t\t<img loading=\"lazy\" decoding=\"async\" width=\"300\" height=\"200\" src=\"https:\/\/chillisalon.cz\/wp-content\/uploads\/2025\/01\/logo_002-e1704139054145-300x200.jpg\" class=\"attachment-medium size-medium\" alt=\"\" srcset=\"https:\/\/chillisalon.cz\/wp-content\/uploads\/2025\/01\/logo_002-e1704139054145-300x200.jpg 300w, https:\/\/chillisalon.cz\/wp-content\/uploads\/2025\/01\/logo_002-e1704139054145.jpg 420w\" sizes=\"auto, (max-width: 300px) 100vw, 300px\" title=\"\">\t\t\t\t\t\t\n\t\t\t\t\t<\/div>\n\t\t\t\t\t\t\t\t\n<style>\n#image_1296476792 {\n  width: 70%;\n}\n<\/style>\n\t<\/div>\n\t\n\n\n\t\t<\/div>\n\t\t\t\t\t<\/div>\n\n\t\n\n<\/div>\n<div class=\"text-center\"><div class=\"is-divider divider clearfix\" style=\"max-width:100%;\"><\/div><\/div>\n\n<div class=\"row row-full-width\"  id=\"row-1721723496\">\n\n\n\t<div id=\"col-1447058318\" class=\"col medium-6 small-12 large-6\"  >\n\t\t\t\t<div class=\"col-inner\"  >\n\t\t\t\n\t\t\t\n\n\t<div class=\"img has-hover x md-x lg-x y md-y lg-y\" id=\"image_1440928435\">\n\t\t\t\t\t\t\t\t<div class=\"img-inner dark\" >\n\t\t\t<img loading=\"lazy\" decoding=\"async\" width=\"300\" height=\"200\" src=\"https:\/\/chillisalon.cz\/wp-content\/uploads\/2025\/01\/prostata_web-300x200.jpg\" class=\"attachment-medium size-medium\" alt=\"\" srcset=\"https:\/\/chillisalon.cz\/wp-content\/uploads\/2025\/01\/prostata_web-300x200.jpg 300w, https:\/\/chillisalon.cz\/wp-content\/uploads\/2025\/01\/prostata_web-510x340.jpg 510w, https:\/\/chillisalon.cz\/wp-content\/uploads\/2025\/01\/prostata_web-1024x683.jpg 1024w, https:\/\/chillisalon.cz\/wp-content\/uploads\/2025\/01\/prostata_web-768x512.jpg 768w, https:\/\/chillisalon.cz\/wp-content\/uploads\/2025\/01\/prostata_web.jpg 1200w\" sizes=\"auto, (max-width: 300px) 100vw, 300px\" title=\"\">\t\t\t\t\t\t\n\t\t\t\t\t<\/div>\n\t\t\t\t\t\t\t\t\n<style>\n#image_1440928435 {\n  width: 70%;\n}\n<\/style>\n\t<\/div>\n\t\n\n\n\t\t<\/div>\n\t\t\t\t\t<\/div>\n\n\t\n\n\t<div id=\"col-152048801\" class=\"col medium-6 small-12 large-6\"  >\n\t\t\t\t<div class=\"col-inner\"  >\n\t\t\t\n\t\t\t\n\n<h3>Prostata-Massage<\/h3>\n<p data-start=\"159\" data-end=\"394\">Die Prostata-Massage ist eine sinnliche K\u00f6rperarbeit, die sich auf tiefe Entspannung, K\u00f6rperbewusstsein und intensive Sinneserfahrungen konzentriert. Sie wird von einer erfahrenen Masseurin durchgef\u00fchrt und bietet Raum, um neue Ebenen der Entspannung zu erkunden und mit der inneren Sensibilit\u00e4t des K\u00f6rpers zu arbeiten.<\/p>\n<p data-start=\"396\" data-end=\"606\">Die gesamte Erfahrung wird mit einem Schwerpunkt auf Komfort, Ruhe und Respekt f\u00fcr individuelle Grenzen gef\u00fchrt. Die Massage findet in einer diskreten Umgebung statt und konzentriert sich auf die totale Entspannung von K\u00f6rper und Geist, nicht auf Leistung oder erwartete Ergebnisse.<\/p>\n<p data-start=\"608\" data-end=\"789\">Die Prostata-Massage wird als spezifischer Teil der erotischen Massagen im Salon Chilli angeboten, immer nach Vereinbarung, mit maximalem Nachdruck auf Sicherheit, Hygiene und gegenseitigem Respekt.<\/p>\n\n\t\t<\/div>\n\t\t\t\t\t<\/div>\n\n\t\n\n<\/div>\n\n\t\t<\/div>\n\t\t\t\t\t<\/div>\n\n\t\n\n\n<style>\n#row-1433741539 > .col > .col-inner {\n  padding: 0px 5% 0px 5%;\n}\n<\/style>\n<\/div>","protected":false},"excerpt":{"rendered":"","protected":false},"author":5,"featured_media":0,"parent":0,"menu_order":0,"comment_status":"closed","ping_status":"closed","template":"","meta":{"footnotes":""},"class_list":["post-29079","page","type-page","status-publish","hentry"],"_links":{"self":[{"href":"https:\/\/chillisalon.cz\/de\/wp-json\/wp\/v2\/pages\/29079","targetHints":{"allow":["GET"]}}],"collection":[{"href":"https:\/\/chillisalon.cz\/de\/wp-json\/wp\/v2\/pages"}],"about":[{"href":"https:\/\/chillisalon.cz\/de\/wp-json\/wp\/v2\/types\/page"}],"author":[{"embeddable":true,"href":"https:\/\/chillisalon.cz\/de\/wp-json\/wp\/v2\/users\/5"}],"replies":[{"embeddable":true,"href":"https:\/\/chillisalon.cz\/de\/wp-json\/wp\/v2\/comments?post=29079"}],"version-history":[{"count":6,"href":"https:\/\/chillisalon.cz\/de\/wp-json\/wp\/v2\/pages\/29079\/revisions"}],"predecessor-version":[{"id":32450,"href":"https:\/\/chillisalon.cz\/de\/wp-json\/wp\/v2\/pages\/29079\/revisions\/32450"}],"wp:attachment":[{"href":"https:\/\/chillisalon.cz\/de\/wp-json\/wp\/v2\/media?parent=29079"}],"curies":[{"name":"wp","href":"https:\/\/api.w.org\/{rel}","templated":true}]}}